{"id":7428,"date":"2026-02-23T23:53:19","date_gmt":"2026-02-23T23:53:19","guid":{"rendered":"https:\/\/plmaszyny.online\/?post_type=product&#038;p=7428"},"modified":"2026-02-26T15:04:29","modified_gmt":"2026-02-26T15:04:29","slug":"zamiatarka-spalinowa-stiga-sws-800-g","status":"publish","type":"product","link":"https:\/\/plmaszyny.online\/en\/product\/zamiatarka-spalinowa-stiga-sws-800-g\/","title":{"rendered":"Zamiatarka spalinowa Stiga SWS 800 G"},"content":{"rendered":"<p>Dzi\u0119ki mo\u017cliwo\u015bciom wsp\u00f3\u0142czesnej produkcji maszyn rolniczych, ogrodniczych czy komunalnych, a tak\u017ce post\u0119powi techniki, mo\u017cemy u\u0142atwi\u0107 sobie prac\u0119 i sprawi\u0107, \u017ce stanie si\u0119 mniej obci\u0105\u017caj\u0105ca oraz bardziej zautomatyzowana. Maszyny s\u0142u\u017c\u0105ce utrzymaniu porz\u0105dku w naszym otoczeniu, gospodarstwie, a tak\u017ce dbaniu o tereny miejskie pe\u0142ni\u0105 bardzo istotn\u0105 funkcj\u0119. Dla wielu gospodarstw rolniczych czy firm dbaj\u0105cych o czysto\u015b\u0107 nieocenione s\u0105 maszyny pozwalaj\u0105ce zaoszcz\u0119dzi\u0107 czas i uzyska\u0107 lepsz\u0105 efektywno\u015b\u0107 wykonywanej pracy.<\/p>\n\n\n\n<h2 class=\"wp-block-heading\">Zamiatarka spalinowa&nbsp;Stiga&nbsp;SWS 800 G to zdecydowanie maszyna warta uwagi.<\/h2>\n\n\n\n<p>Zreszt\u0105, je\u015bli uda\u0142o Ci si\u0119 dotrze\u0107 a\u017c tutaj to znak, \u017ce szukasz maszyny, kt\u00f3ra ci\u0119\u017ck\u0105 i mozoln\u0105 prac\u0119 wykona za Ciebie i do tego w ekspresowym tempie.&nbsp;<strong>Zamiatarka spalinowa&nbsp;Stiga<\/strong>&nbsp;to maszyna, kt\u00f3ra przyda si\u0119 jednakowo do czyszczenia powierzchni brukowych, cementowych, asfaltowych czy drewnianych. Sprawdzi si\u0119 tam, gdzie chcemy usun\u0105\u0107 z utwardzonej powierzchni li\u015bcie, traw\u0119, piasek, a nawet cienk\u0105 warstw\u0119 \u015bniegu. Maszyna ta idealnie sprawdzi si\u0119 jako kompaktowy sprz\u0119t w mniejszych firmach, gdzie konieczne jest wykonanie prac porz\u0105dkowych.<\/p>\n\n\n\n<h3 class=\"wp-block-heading\">W sezonie zimowym po wi\u0119kszych opadach \u015bniegu maszyna ta przechodzi istn\u0105 transformacj\u0119!<\/h3>\n\n\n\n<p>Z kompaktowej zamiatarki, dla kt\u00f3rej piasek, li\u015bcie, zanieczyszczenia zalegaj\u0105ce na kostce nie s\u0105 straszne,&nbsp;<strong>zamiatarka spalinowa&nbsp;Stiga&nbsp;SWS 800 G<\/strong>&nbsp;zamienia si\u0119 w&nbsp;<a href=\"https:\/\/traktor.com.pl\/pl\/maszyny-komunalne\/29196-p%C5%82ug-80-cm-do-zamiatarki-stiga-sws-800-8008984640542.html\">p\u0142ug do \u015bniegu<\/a>. Dzi\u0119ki dokupieniu lemiesza mo\u017cemy z naszej&nbsp;<strong>zamiatarki<\/strong>&nbsp;zrobi\u0107 p\u0142ug ratuj\u0105cy nas po obfitych opadach \u015bniegu. Firma&nbsp;<strong>Stiga<\/strong>&nbsp;zatem gwarantuje, \u017ce z t\u0105 zamiatark\u0105 sp\u0119dzisz nie tylko czas w sezonie wiosennym czy jesiennym, ale tak\u017ce wsp\u00f3lnie wygracie walk\u0119 ze \u015bniegiem.<\/p>\n\n\n\n<p>Maszyna ta jest nap\u0119dzana silnikiem spalinowym&nbsp;<strong>Stiga<\/strong>&nbsp;SM70, ma spor\u0105 moc znamionow\u0105, bo a\u017c 4,4 kW. Uruchamianie maszyny zar\u00f3wno w lecie, jak i zimie to sama przyjemno\u015b\u0107. Pojemno\u015b\u0107 silnika wynosi 212 cm3&nbsp;i zapewni wystarczaj\u0105c\u0105 moc nawet w najtrudniejszych warunkach. Obrotowa szczotka o \u015brednicy 34,5 cm wykonana jest z wysokiej jako\u015bci materia\u0142\u00f3w. Wielko\u015b\u0107 szczotki pozwala nam osi\u0105gn\u0105\u0107 80 cm szeroko\u015bci roboczej. Podczas pracy szczotka czyszcz\u0105ca obraca si\u0119, zagarniaj\u0105c wszelkie napotkane zanieczyszczenia.<\/p>\n\n\n\n<p>Do&nbsp;<strong>zamiatarki<\/strong>&nbsp;mo\u017cna dokupi\u0107&nbsp;<a href=\"https:\/\/traktor.com.pl\/pl\/narz%C4%99dzia-ogrodnicze\/29198-zbiornik-80-cm-do-zamiatarki-stiga-sws-800-8008984640528.html?adtoken=1a04588db6b1070687d9e8c39d027967&amp;ad=products&amp;id_employee=37&amp;preview=1\">zbiornik<\/a>, aby wszystkie zebrane zanieczyszczenia trafi\u0142y od razu do pojemnika. Taka opcja te\u017c jest pomocna, kiedy musimy dany teren oczy\u015bci\u0107,&nbsp;nie zostawiaj\u0105c&nbsp;\u017cadnych&nbsp;drobnych frakcji. Dla Twojej&nbsp;wygody, a tak\u017ce&nbsp;mo\u017cliwo\u015bci dostosowania pracy do danych warunk\u00f3w zamiatarka&nbsp;ma&nbsp;funkcj\u0119 regulacji k\u0105ta zamiatania w trzech pozycjach &#8211; 15\u00b0 w prawo, 0\u00b0 na wprost, 15\u00b0 w lewo. Zmiany dokonuje si\u0119 za pomoc\u0105 ergonomicznej d\u017awigni, znajduj\u0105cej si\u0119 pod r\u0119k\u0105 operatora.<\/p>\n\n\n\n<p>Stabilno\u015b\u0107 maszyny i przyczepno\u015b\u0107 oraz gwarancja pewnego toru jazdy odbywaj\u0105 si\u0119 dzi\u0119ki du\u017cym oponom ze specjalnym bie\u017cnikiem. Dodatkowe dwa gumowe ko\u0142a nap\u0119dowe u\u0142atwiaj\u0105 prowadzenie zamiatarki. Komfort pracy zapewni&nbsp;ergonomicznie&nbsp;wyprofilowany, mi\u0119kki uchwyt a jego kilkustopniowa regulacja pozwala na dopasowanie do wzrostu u\u017cytkownika.<\/p>\n\n\n\n<h2 class=\"wp-block-heading\">Takie atuty pozwol\u0105 na wygodn\u0105 i przyjemn\u0105 prac\u0119 z zamiatark\u0105&nbsp;Stiga&nbsp;SWS 800 G.<\/h2>\n\n\n\n<h4 class=\"wp-block-heading\">Specyfikacja<\/h4>\n\n\n\n<p>Stan<\/p>\n\n\n\n<p>Nowy<\/p>\n\n\n\n<p>Marka<\/p>\n\n\n\n<p>Stiga<\/p>\n\n\n\n<p>Kolor<\/p>\n\n\n\n<p>\u017b\u00f3\u0142ty<\/p>\n\n\n\n<p>Silnik<\/p>\n\n\n\n<p>4 &#8211; suwowy<br>Spalinowy<\/p>\n\n\n\n<p>Marka silnika<\/p>\n\n\n\n<p>Stiga<\/p>\n\n\n\n<p>Model silnika<\/p>\n\n\n\n<p>SM70<\/p>\n\n\n\n<p>Pojemno\u015b\u0107 skokowa (cm3)<\/p>\n\n\n\n<p>212<\/p>\n\n\n\n<p>Znamionowa pr\u0119dko\u015b\u0107 obrotowa silnika (obr\/min)<\/p>\n\n\n\n<p>3600<\/p>\n\n\n\n<p>Pojemno\u015b\u0107 zbiornika paliwa (L)<\/p>\n\n\n\n<p>3<\/p>\n\n\n\n<p>Szeroko\u015b\u0107 robocza (mm)<\/p>\n\n\n\n<p>800<\/p>\n\n\n\n<p>Nap\u0119d<\/p>\n\n\n\n<p>TAK<\/p>\n\n\n\n<p>Liczba bieg\u00f3w prz\u00f3d \/ ty\u0142<\/p>\n\n\n\n<p>6 \/ 2<\/p>\n\n\n\n<p>Ko\u0142a<\/p>\n\n\n\n<p>Snow Hog<\/p>\n\n\n\n<p>Wyposa\u017cenie<\/p>\n\n\n\n<p>P\u0142ug (opcja)<br>Zbiornik do zamiatarki (opcja)<\/p>\n\n\n\n<p>Rozmiar k\u00f3\u0142 ty\u0142<\/p>\n\n\n\n<p>14 x 4.60<\/p>\n\n\n\n<p>Waga (kg)<\/p>\n\n\n\n<p>70<\/p>\n\n\n\n<p>Rozrusznik<\/p>\n\n\n\n<p>Manualny<\/p>\n\n\n\n<p>Pojemno\u015b\u0107 zbiornika na olej (ml)<\/p>\n\n\n\n<p>600<\/p>","protected":false},"excerpt":{"rendered":"<div class=\"col-12 col-lg-4 page-product4-desc-single1\">\n<div class=\"title2\">\n<div class=\"col-6 col-sm-6 col-md-6 col-lg-6 single1\">\n<div class=\"single1-sz\">\n<div class=\"ico\">\u00a0<\/div>\n<div class=\"title1\">\n<p>Stan Nowy<\/p>\n<\/div>\n<\/div>\n<\/div>\n<div class=\"col-6 col-sm-6 col-md-6 col-lg-6 single1\">\n<div class=\"single1-sz\">\n<div class=\"title1\">\n<p>Szeroko\u015b\u0107 robocza (mm) 800<\/p>\n<\/div>\n<\/div>\n<\/div>\n<div class=\"col-6 col-sm-6 col-md-6 col-lg-6 single1\">\n<div class=\"single1-sz\">\n<div class=\"title1\">\n<p>Nap\u0119d TAK<\/p>\n<\/div>\n<\/div>\n<\/div>\n<div class=\"col-6 col-sm-6 col-md-6 col-lg-6 single1\">\n<div class=\"single1-sz\">\n<div class=\"title1\">\n<p>Waga (kg) 70<\/p>\n<\/div>\n<\/div>\n<\/div>\n<\/div>\n<\/div>","protected":false},"featured_media":7432,"comment_status":"open","ping_status":"closed","template":"","meta":[],"product_brand":[77],"product_cat":[62],"product_tag":[],"class_list":{"0":"post-7428","1":"product","2":"type-product","3":"status-publish","4":"has-post-thumbnail","6":"product_brand-stiga","7":"product_cat-maszyny-komunalne","9":"first","10":"instock","11":"shipping-taxable","12":"purchasable","13":"product-type-simple"},"_links":{"self":[{"href":"https:\/\/plmaszyny.online\/en\/wp-json\/wp\/v2\/product\/7428","targetHints":{"allow":["GET"]}}],"collection":[{"href":"https:\/\/plmaszyny.online\/en\/wp-json\/wp\/v2\/product"}],"about":[{"href":"https:\/\/plmaszyny.online\/en\/wp-json\/wp\/v2\/types\/product"}],"replies":[{"embeddable":true,"href":"https:\/\/plmaszyny.online\/en\/wp-json\/wp\/v2\/comments?post=7428"}],"wp:featuredmedia":[{"embeddable":true,"href":"https:\/\/plmaszyny.online\/en\/wp-json\/wp\/v2\/media\/7432"}],"wp:attachment":[{"href":"https:\/\/plmaszyny.online\/en\/wp-json\/wp\/v2\/media?parent=7428"}],"wp:term":[{"taxonomy":"product_brand","embeddable":true,"href":"https:\/\/plmaszyny.online\/en\/wp-json\/wp\/v2\/product_brand?post=7428"},{"taxonomy":"product_cat","embeddable":true,"href":"https:\/\/plmaszyny.online\/en\/wp-json\/wp\/v2\/product_cat?post=7428"},{"taxonomy":"product_tag","embeddable":true,"href":"https:\/\/plmaszyny.online\/en\/wp-json\/wp\/v2\/product_tag?post=7428"}],"curies":[{"name":"wp","href":"https:\/\/api.w.org\/{rel}","templated":true}]}}