{"id":7427,"date":"2026-02-23T23:50:26","date_gmt":"2026-02-23T23:50:26","guid":{"rendered":"https:\/\/plmaszyny.online\/?post_type=product&#038;p=7427"},"modified":"2026-02-26T15:04:49","modified_gmt":"2026-02-26T15:04:49","slug":"zamiatarka-sw130-do-traktora-z-koszem-geograss","status":"publish","type":"product","link":"https:\/\/plmaszyny.online\/en\/product\/zamiatarka-sw130-do-traktora-z-koszem-geograss\/","title":{"rendered":"Zamiatarka SW130 do traktora z koszem Geograss"},"content":{"rendered":"<p><strong>Zamiatarka<\/strong>&nbsp;jak nazwa wskazuje, przeznaczona jest do usuwania zanieczyszcze\u0144 z powierzchni takich jak drogi, place, chodniki, obszary pokryte asfaltem, kostk\u0105 brukow\u0105 czy betonem.&nbsp;<strong>Zamiatarki<\/strong>&nbsp;swoje zastosowanie znajd\u0105 w bran\u017cy komunalnej, rolniczej oraz budowlanej. Dodatkowo mog\u0105 one s\u0142u\u017cy\u0107 w zimie po demonta\u017cu kosza jako&nbsp;<strong>od\u015bnie\u017carki<\/strong>&nbsp;w celu pozbycia si\u0119 warstwy zalegaj\u0105cego \u015bniegu. S\u0105 to maszyny bardzo uniwersalne, u\u0142atwiaj\u0105ce utrzymanie czysto\u015bci, pozwalaj\u0105ce na efektywn\u0105 i szybk\u0105 prac\u0119. Na rynku mo\u017cemy znale\u017a\u0107&nbsp;<strong>zamiatarki<\/strong>&nbsp;dedykowane&nbsp;<strong>do traktora<\/strong>&nbsp;(TUZ) lub&nbsp;<strong>do w\u00f3zka wid\u0142owego<\/strong>.<\/p>\n\n\n\n<p><strong>Zamiatarka 130 cm<\/strong>&nbsp;z koszem&nbsp;<strong>Geograss<\/strong>&nbsp;mocowana&nbsp;jest&nbsp;<strong>do traktora<\/strong>&nbsp;poprzez tylny TUZ Kat I i mo\u017ce znajdowa\u0107 si\u0119 z przodu lub z ty\u0142u traktora. Nap\u0119dzana jest przy pomocy pompy hydraulicznej traktora (konieczna jest wyprowadzona w traktorze jedna sekcja hydrauliczna z zatrzaskiem &#8211; 2 szybkoz\u0142\u0105cza hydrauliczne). Szeroko\u015b\u0107 robocza w tym modelu wynosi 150 cm.Szeroko\u015b\u0107 robocza w tym modelu wynosi 130 cm.<\/p>\n\n\n\n<h2 class=\"wp-block-heading\">W jaki spos\u00f3b dzia\u0142a zamiatarka?<\/h2>\n\n\n\n<p>Mechanizmem czyszcz\u0105cym jest walec, na kt\u00f3rym umieszczone jest g\u0119ste w\u0142osie wykonane z polipropylenu. Jest on nap\u0119dzany moc\u0105 przekazywan\u0105 z ci\u0105gnika.&nbsp;<strong>Zamiatarka<\/strong>&nbsp;wyposa\u017cona jest w kosz umieszczony za walcem. Walec obracaj\u0105c si\u0119,&nbsp;usuwa zanieczyszczenia, gromadz\u0105c je do kosza. Pojemnik ten otwierany jest hydraulicznie za pomoc\u0105 si\u0142ownika hydraulicznego (wymagane wyj\u015bcia hydrauliczne z ci\u0105gnika 1 sekcja).&nbsp;<\/p>\n\n\n\n<p>Skuteczn\u0105 prac\u0119&nbsp;<strong>zamiatarki do ci\u0105gnika<\/strong>&nbsp;zapewniaj\u0105 ko\u0142a prowadz\u0105ce, umo\u017cliwiaj\u0105ce odpowiednie ustawienie&nbsp;<strong>zamiatarki<\/strong>&nbsp;do&nbsp;powierzchni, na jakiej&nbsp;pracujemy. Nale\u017cy pami\u0119ta\u0107, \u017ce zbyt du\u017cy docisk w\u0142osia do powierzchni czyszczonej b\u0119dzie powodowa\u0107 nadmierne jego zu\u017cywanie.<\/p>\n\n\n\n<h4 class=\"wp-block-heading\">Specyfikacja<\/h4>\n\n\n\n<p>Stan<\/p>\n\n\n\n<p>Nowy<\/p>\n\n\n\n<p>Marka<\/p>\n\n\n\n<p>Geograss<\/p>\n\n\n\n<p>Szeroko\u015b\u0107 robocza (mm)<\/p>\n\n\n\n<p>1300<\/p>\n\n\n\n<p>Rodzaj nap\u0119du<\/p>\n\n\n\n<p>Z pompy hydraulicznej traktora<\/p>\n\n\n\n<p>TUZ<\/p>\n\n\n\n<p>3 &#8211; punktowy<\/p>\n\n\n\n<p>Wyposa\u017cenie<\/p>\n\n\n\n<p>Kosz &#8211; otwierany hydraulicznie<\/p>\n\n\n\n<p>\u015arednica walca (mm)<\/p>\n\n\n\n<p>450<\/p>\n\n\n\n<p>Waga (kg)<\/p>\n\n\n\n<p>200<\/p>\n\n\n\n<p>Materia\u0142 w\u0142osia<\/p>\n\n\n\n<p>Tworzywo sztuczne<\/p>\n\n\n\n<p>Obroty szczotki (obr\/min)<\/p>\n\n\n\n<p>200 &#8211; 250<\/p>","protected":false},"excerpt":{"rendered":"<div class=\"col-6 col-sm-6 col-md-6 col-lg-6 single1\">\n<div class=\"single1-sz\">\n<div class=\"ico\">\u00a0<\/div>\n<div class=\"title1\">\n<p>Stan Nowy<\/p>\n<\/div>\n<\/div>\n<\/div>\n<div class=\"col-6 col-sm-6 col-md-6 col-lg-6 single1\">\n<div class=\"single1-sz\">\n<div class=\"title1\">\n<p>Szeroko\u015b\u0107 robocza (mm) 1300<\/p>\n<\/div>\n<\/div>\n<\/div>\n<div class=\"col-6 col-sm-6 col-md-6 col-lg-6 single1\">\n<div class=\"single1-sz\">\n<div class=\"title1\">\n<p>Waga (kg) 200<\/p>\n<\/div>\n<\/div>\n<\/div>","protected":false},"featured_media":7426,"comment_status":"open","ping_status":"closed","template":"","meta":[],"product_brand":[73],"product_cat":[62],"product_tag":[],"class_list":{"0":"post-7427","1":"product","2":"type-product","3":"status-publish","4":"has-post-thumbnail","6":"product_brand-geograss","7":"product_cat-maszyny-komunalne","9":"first","10":"instock","11":"shipping-taxable","12":"purchasable","13":"product-type-simple"},"_links":{"self":[{"href":"https:\/\/plmaszyny.online\/en\/wp-json\/wp\/v2\/product\/7427","targetHints":{"allow":["GET"]}}],"collection":[{"href":"https:\/\/plmaszyny.online\/en\/wp-json\/wp\/v2\/product"}],"about":[{"href":"https:\/\/plmaszyny.online\/en\/wp-json\/wp\/v2\/types\/product"}],"replies":[{"embeddable":true,"href":"https:\/\/plmaszyny.online\/en\/wp-json\/wp\/v2\/comments?post=7427"}],"wp:featuredmedia":[{"embeddable":true,"href":"https:\/\/plmaszyny.online\/en\/wp-json\/wp\/v2\/media\/7426"}],"wp:attachment":[{"href":"https:\/\/plmaszyny.online\/en\/wp-json\/wp\/v2\/media?parent=7427"}],"wp:term":[{"taxonomy":"product_brand","embeddable":true,"href":"https:\/\/plmaszyny.online\/en\/wp-json\/wp\/v2\/product_brand?post=7427"},{"taxonomy":"product_cat","embeddable":true,"href":"https:\/\/plmaszyny.online\/en\/wp-json\/wp\/v2\/product_cat?post=7427"},{"taxonomy":"product_tag","embeddable":true,"href":"https:\/\/plmaszyny.online\/en\/wp-json\/wp\/v2\/product_tag?post=7427"}],"curies":[{"name":"wp","href":"https:\/\/api.w.org\/{rel}","templated":true}]}}