{"id":7413,"date":"2026-02-23T23:45:09","date_gmt":"2026-02-23T23:45:09","guid":{"rendered":"https:\/\/plmaszyny.online\/?post_type=product&#038;p=7413"},"modified":"2026-02-26T15:05:22","modified_gmt":"2026-02-26T15:05:22","slug":"odchwaszczarka-rotacyjna-szczotka-do-chwastow-or500-os50-4farmer","status":"publish","type":"product","link":"https:\/\/plmaszyny.online\/en\/product\/odchwaszczarka-rotacyjna-szczotka-do-chwastow-or500-os50-4farmer\/","title":{"rendered":"Odchwaszczarka rotacyjna, szczotka do chwast\u00f3w OR500 (OS50) 4FARMER"},"content":{"rendered":"<p>Dzi\u0119ki mo\u017cliwo\u015bciom wsp\u00f3\u0142czesnej produkcji&nbsp;<strong>maszyn rolniczych<\/strong>&nbsp;czy komunalnych, a tak\u017ce post\u0119powi techniki, mo\u017cemy u\u0142atwi\u0107 sobie prac\u0119 i sprawi\u0107, \u017ce stanie si\u0119 mniej obci\u0105\u017caj\u0105ca oraz bardziej zautomatyzowana. Maszyny s\u0142u\u017c\u0105ce utrzymaniu porz\u0105dku w gospodarstwie, a tak\u017ce dbaniu o tereny miejskie pe\u0142ni\u0105 bardzo istotn\u0105 funkcj\u0119. Dla wielu gospodarstw rolniczych czy firm dbaj\u0105cych o czysto\u015b\u0107 nieocenione s\u0105 maszyny pozwalaj\u0105ce zaoszcz\u0119dzi\u0107 czas i uzyska\u0107 lepsz\u0105 efektywno\u015b\u0107 wykonywanej pracy.<\/p>\n\n\n\n<p><strong>Odchwaszczarka&nbsp;rotacyjna, szczotka do chwast\u00f3w&nbsp;OR500<\/strong>&nbsp;to produkt, kt\u00f3ry doceni\u0105 zar\u00f3wno firmy komunalne, ale tak\u017ce bran\u017ca zajmuj\u0105ca si\u0119 pracami porz\u0105dkowymi na zewn\u0105trz budynk\u00f3w, czyszczeniem&nbsp;i&nbsp;renowacj\u0105 kostki brukowej, dbaniem o estetyk\u0119 otoczenia. Firmy przemys\u0142owe posiadaj\u0105ce rozleg\u0142e obiekty, wok\u00f3\u0142 kt\u00f3rych nale\u017cy utrzyma\u0107 czysto\u015b\u0107, miejskie firmy komunalne dbaj\u0105ce o tereny w parkach czy skwerach, prywatne firmy oferuj\u0105ce us\u0142ugi utrzymania porz\u0105dku.&nbsp;<strong>Odchwaszczarka<\/strong>&nbsp;szybko i skutecznie usunie traw\u0119, chwasty oraz mech porastaj\u0105ce kostk\u0119, pobocza dr\u00f3g czy chodniki.<\/p>\n\n\n\n<h2 class=\"wp-block-heading\">Sk\u0105d ta si\u0142a i moc do pracy?<\/h2>\n\n\n\n<p><strong>Odchwaszczarka&nbsp;rotacyjna<\/strong>, szczotka do chwast\u00f3w&nbsp;OR500&nbsp;to maszyna nap\u0119dzana silnikiem hydraulicznym&nbsp;gerotorowym. Praca takich silnik\u00f3w polega na zamianie energii hydraulicznej wyprodukowanej przez pomp\u0119 na energi\u0119 mechaniczn\u0105.<\/p>\n\n\n\n<p><strong>Odchwaszczarka&nbsp;<\/strong>nap\u0119dzana jest silnikiem hydraulicznym typu BMR-125-2-ADH. Produkt posiada 2 z\u0142\u0105cza hydrauliczne, po sko\u0144czonej pracy mo\u017cna je umie\u015bci\u0107 w specjalnych uchwytach, zachowuj\u0105c tym samym porz\u0105dek i estetyk\u0119 wok\u00f3\u0142 urz\u0105dzenia. Maszyna ta mocowana jest na tylny TUZ Kat I oraz II a w przypadku posiadania hydrauliki z przodu tak\u017ce na przedni TUZ.<\/p>\n\n\n\n<h3 class=\"wp-block-heading\">Szeroki zakres regulacji dale wiele mo\u017cliwo\u015bci!<\/h3>\n\n\n\n<p><strong>Odchwaszczarka<\/strong>&nbsp;ma mo\u017cliwo\u015b\u0107 manualnej regulacji (OS50) wysuwu d\u0142ugo\u015bci ramienia, a tak\u017ce opcj\u0119 ustawienia bocznego maszyny w 3 zakresach. W&nbsp;odchwaszczarce&nbsp;zamontowano 33 z\u0119by robocze o d\u0142ugo\u015bci 25 cm, daj\u0105 one mo\u017cliwo\u015b\u0107 pracy na obszarze o \u015brednicy roboczej 50 cm. Dodatkowo maszyna ta posiada regulowan\u0105 os\u0142on\u0119 chroni\u0105c\u0105 przed kamieniami czy odpryskiwaniem drobnych element\u00f3w podczas pracy. Os\u0142ona regulowana jest w zakresie wysoko\u015bci oraz k\u0105ta wzgl\u0119dem g\u0142owicy.&nbsp;<\/p>\n\n\n\n<h3 class=\"wp-block-heading\">Obs\u0142uga&nbsp;urz\u0105dzenia, jak i&nbsp;sama budowa jest prosta,&nbsp;co gwarantuje d\u0142ugie oraz bezawaryjne&nbsp;u\u017cytkowanie.<\/h3>\n\n\n\n<p>Odchwaszczarki nie zaleca si\u0119 stosowa\u0107 do oczyszczania powierzchni zanieczyszczonych takimi odpadami jak: resztki sznurk\u00f3w, nici itd. Takie zanieczyszczenia b\u0119d\u0105 powodowa\u0142y wpl\u0105tanie si\u0119 ich w szczotki a w konsekwencji mniej efektywn\u0105 prac\u0119. Konstrukcja odchwaszczarki wykonana jest ze stali o podwy\u017cszonej wytrzyma\u0142o\u015bci, zabezpieczona trwa\u0142\u0105 pow\u0142ok\u0105 lakiernicz\u0105.&nbsp;<\/p>\n\n\n\n<p>*Zbyt ma\u0142a ilo\u015b\u0107 przep\u0142ywu oleju w traktorze spowodowana ma\u0142\u0105 \u015brednic\u0105 przewod\u00f3w (minimum 18) hydraulicznych znacznie os\u0142abi moc samej&nbsp;odchwaszczarki&nbsp;przez co nie wykorzystamy jej pe\u0142nego potencja\u0142u.<\/p>\n\n\n\n<h4 class=\"wp-block-heading\">Specyfikacja<\/h4>\n\n\n\n<p>Stan<\/p>\n\n\n\n<p>Nowy<\/p>\n\n\n\n<p>Marka<\/p>\n\n\n\n<p>4Farmer<\/p>\n\n\n\n<p>Szeroko\u015b\u0107 robocza (mm)<\/p>\n\n\n\n<p>500<\/p>\n\n\n\n<p>D\u0142ugo\u015b\u0107 ca\u0142kowita (mm)<\/p>\n\n\n\n<p>1620<\/p>\n\n\n\n<p>Waga (kg)<\/p>\n\n\n\n<p>60<\/p>\n\n\n\n<p>Ci\u015bnienie uk\u0142adu hydraulicznego (MPa\/bar)<\/p>\n\n\n\n<p>16<\/p>\n\n\n\n<p>Ilo\u015b\u0107 z\u0119b\u00f3w (szt.)<\/p>\n\n\n\n<p>33<\/p>\n\n\n\n<p>D\u0142ugo\u015b\u0107 z\u0119b\u00f3w (mm)<\/p>\n\n\n\n<p>250<\/p>\n\n\n\n<p>Szeroko\u015b\u0107 ca\u0142kowita (mm)<\/p>\n\n\n\n<p>600<\/p>\n\n\n\n<p>Pr\u0119dko\u015b\u0107 robocza (km\/h)<\/p>\n\n\n\n<p>do 10<\/p>\n\n\n\n<p>Ilo\u015b\u0107 przewod\u00f3w hydraulicznych (szt)<\/p>\n\n\n\n<p>2<\/p>\n\n\n\n<p>Prze\u015bwit transportowy (mm)<\/p>\n\n\n\n<p>min 300<\/p>\n\n\n\n<p>Wysoko\u015b\u0107 ca\u0142kowita (mm)<\/p>\n\n\n\n<p>800<\/p>\n\n\n\n<p>Wymagany przep\u0142yw oleju (L\/min)<\/p>\n\n\n\n<p>min 20<\/p>","protected":false},"excerpt":{"rendered":"<div class=\"col-12 col-lg-4 page-product4-desc-single1\">\n<div class=\"title1\">\n<div class=\"col-6 col-sm-6 col-md-6 col-lg-6 single1\">\n<div class=\"single1-sz\">\n<div class=\"ico\">\u00a0<\/div>\n<div class=\"title1\">\n<p>Stan Nowy<\/p>\n<\/div>\n<\/div>\n<\/div>\n<div class=\"col-6 col-sm-6 col-md-6 col-lg-6 single1\">\n<div class=\"single1-sz\">\n<div class=\"title1\">\n<p>Szeroko\u015b\u0107 robocza (mm) 500<\/p>\n<\/div>\n<\/div>\n<\/div>\n<div class=\"col-6 col-sm-6 col-md-6 col-lg-6 single1\">\n<div class=\"single1-sz\">\n<div class=\"title1\">\n<p>Waga (kg) 60<\/p>\n<\/div>\n<\/div>\n<\/div>\n<\/div>\n<\/div>","protected":false},"featured_media":7417,"comment_status":"open","ping_status":"closed","template":"","meta":[],"product_brand":[68],"product_cat":[62],"product_tag":[],"class_list":{"0":"post-7413","1":"product","2":"type-product","3":"status-publish","4":"has-post-thumbnail","6":"product_brand-4farmer","7":"product_cat-maszyny-komunalne","9":"first","10":"instock","11":"shipping-taxable","12":"purchasable","13":"product-type-simple"},"_links":{"self":[{"href":"https:\/\/plmaszyny.online\/en\/wp-json\/wp\/v2\/product\/7413","targetHints":{"allow":["GET"]}}],"collection":[{"href":"https:\/\/plmaszyny.online\/en\/wp-json\/wp\/v2\/product"}],"about":[{"href":"https:\/\/plmaszyny.online\/en\/wp-json\/wp\/v2\/types\/product"}],"replies":[{"embeddable":true,"href":"https:\/\/plmaszyny.online\/en\/wp-json\/wp\/v2\/comments?post=7413"}],"wp:featuredmedia":[{"embeddable":true,"href":"https:\/\/plmaszyny.online\/en\/wp-json\/wp\/v2\/media\/7417"}],"wp:attachment":[{"href":"https:\/\/plmaszyny.online\/en\/wp-json\/wp\/v2\/media?parent=7413"}],"wp:term":[{"taxonomy":"product_brand","embeddable":true,"href":"https:\/\/plmaszyny.online\/en\/wp-json\/wp\/v2\/product_brand?post=7413"},{"taxonomy":"product_cat","embeddable":true,"href":"https:\/\/plmaszyny.online\/en\/wp-json\/wp\/v2\/product_cat?post=7413"},{"taxonomy":"product_tag","embeddable":true,"href":"https:\/\/plmaszyny.online\/en\/wp-json\/wp\/v2\/product_tag?post=7413"}],"curies":[{"name":"wp","href":"https:\/\/api.w.org\/{rel}","templated":true}]}}