{"id":7407,"date":"2026-02-23T23:38:35","date_gmt":"2026-02-23T23:38:35","guid":{"rendered":"https:\/\/plmaszyny.online\/?post_type=product&#038;p=7407"},"modified":"2026-02-26T15:05:49","modified_gmt":"2026-02-26T15:05:49","slug":"skrzynia-transportowa-160-cm-z-kiprem-manualnym-trx","status":"publish","type":"product","link":"https:\/\/plmaszyny.online\/en\/product\/skrzynia-transportowa-160-cm-z-kiprem-manualnym-trx\/","title":{"rendered":"Skrzynia transportowa 160 cm z kiprem manualnym TRX"},"content":{"rendered":"<p>Dzi\u0119ki mo\u017cliwo\u015bciom wsp\u00f3\u0142czesnej produkcji&nbsp;<strong>maszyn rolniczych<\/strong>, a tak\u017ce post\u0119powi techniki, praca w gospodarstwie rolnym staje si\u0119 mniej obci\u0105\u017caj\u0105ca i bardziej zautomatyzowana. Dla wielu gospodarstw nieocenione s\u0105&nbsp;<strong>maszyny rolnicze<\/strong>&nbsp;pozwalaj\u0105ce na oszcz\u0119dno\u015b\u0107 czasu, ale tak\u017ce daj\u0105ce lepsz\u0105 efektywno\u015b\u0107 wykonywanej pracy.<\/p>\n\n\n\n<p>Takimi w\u0142a\u015bnie urz\u0105dzeniami z kategorii&nbsp;<strong>maszyn transportowych<\/strong>&nbsp;s\u0105&nbsp;<strong>skrzynie do transportu<\/strong>&nbsp;bardzo ci\u0119\u017ckich i wielkogabarytowych materia\u0142\u00f3w.<\/p>\n\n\n\n<p><strong>Skrzynia transportowa<\/strong>&nbsp;posiada solidn\u0105 konstrukcj\u0119, co zapewnia d\u0142ugie u\u017cytkowanie i trwa\u0142o\u015b\u0107 produktu. Dodatkowo komfort pracy zapewni wygodny, uchwyt uwalniaj\u0105cy kiper, dzi\u0119ki kt\u00f3remu bardzo \u0142atwo i bez wysi\u0142ku mo\u017cemy opr\u00f3\u017cni\u0107 skrzynie.<\/p>\n\n\n\n<p><strong>Skrzynia transportowa<\/strong>&nbsp;z manualnym wywrotem to idealne urz\u0105dzenia do<strong>&nbsp;transportowania<\/strong>&nbsp;r\u00f3\u017cnego rodzaju materia\u0142\u00f3w w gospodarstwie o ka\u017cdym profilu dzia\u0142alno\u015bci.&nbsp;<strong>Skrzynia<\/strong>&nbsp;wzmocniona zosta\u0142a sko\u015bn\u0105 listw\u0105, kt\u00f3ra u\u0142atwia nabieranie materia\u0142u bezpo\u015brednio z ziemi nie uszkadzaj\u0105c przy tym urz\u0105dzenia. Urz\u0105dzenie montowane jest na tylny podno\u015bnik TUZ ci\u0105gnika z zaczepem 3 punktowym.<\/p>\n\n\n\n<p><strong>Skrzynia transportowa<\/strong>&nbsp;posiada solidn\u0105 konstrukcj\u0119, co zapewnia d\u0142ugie u\u017cytkowanie i trwa\u0142o\u015b\u0107 produktu.&nbsp;&nbsp;<\/p>\n\n\n\n<h4 class=\"wp-block-heading\">Specyfikacja<\/h4>\n\n\n\n<p>Stan<\/p>\n\n\n\n<p>Nowy<\/p>\n\n\n\n<p>Ud\u017awig (kg)<\/p>\n\n\n\n<p>700<\/p>\n\n\n\n<p>D\u0142ugo\u015b\u0107 (mm)<\/p>\n\n\n\n<p>800<\/p>\n\n\n\n<p>Wysoko\u015b\u0107 (mm)<\/p>\n\n\n\n<p>575<\/p>\n\n\n\n<p>Szeroko\u015b\u0107 (mm)<\/p>\n\n\n\n<p>1600<\/p>\n\n\n\n<p>Waga (kg)<\/p>\n\n\n\n<p>225<\/p>\n\n\n\n<p>Kiprowanie<\/p>\n\n\n\n<p>Manualne<\/p>\n\n\n\n<p><\/p>\n\n\n\n<p>Firma dzia\u0142aj\u0105ca pod mark\u0105\u00a0<strong>TRX<\/strong>\u00a0obecna jest na polskim rynku od 2010 roku. Specjalizuje si\u0119 w produkcji i sprzeda\u017cy sprz\u0119tu rolniczego niezb\u0119dnego w nowoczesnym rolnictwie, a tak\u017ce mini traktor\u00f3w.<\/p>\n\n\n\n<p>Oferta obejmuje szeroki wyb\u00f3r&nbsp;<strong>maszyn rolniczych<\/strong>, w tym m.in.: kosiarki bijakowe, niwelatory, kosiarki piel\u0119gnacyjne, agregaty uprawowe, rozsiewacze, \u0142uparki oraz inne urz\u0105dzenia wykorzystywane w pracy na roli.<\/p>\n\n\n\n<p>Dzi\u0119ki konsekwentnemu rozwojowi technologicznemu i naciskowi na jako\u015b\u0107, produkty&nbsp;<strong>TRX<\/strong>&nbsp;zdoby\u0142y uznanie nie tylko w Polsce, ale r\u00f3wnie\u017c na rynkach mi\u0119dzynarodowych. Maszyny eksportowane s\u0105 do wielu kraj\u00f3w, co sprzyja upowszechnianiu nowoczesnych rozwi\u0105za\u0144 w rolnictwie na ca\u0142ym \u015bwiecie.<\/p>\n\n\n\n<p><a href=\"https:\/\/www.ekomi-pl.com\/opinie-traktor.html\" target=\"_blank\" rel=\"noreferrer noopener\"><\/a><\/p>","protected":false},"excerpt":{"rendered":"<div class=\"col-12 col-lg-4 page-product4-desc-single1\">\n<div class=\"title1\">\n<div class=\"col-6 col-sm-6 col-md-6 col-lg-6 single1\">\n<div class=\"single1-sz\">\n<div class=\"ico\">\u00a0<\/div>\n<div class=\"title1\">\n<p>Stan Nowy<\/p>\n<\/div>\n<\/div>\n<\/div>\n<div class=\"col-6 col-sm-6 col-md-6 col-lg-6 single1\">\n<div class=\"single1-sz\">\n<div class=\"title1\">\n<p>Waga (kg) 225<\/p>\n<\/div>\n<\/div>\n<\/div>\n<\/div>\n<\/div>","protected":false},"featured_media":7406,"comment_status":"open","ping_status":"closed","template":"","meta":[],"product_brand":[72],"product_cat":[62],"product_tag":[],"class_list":{"0":"post-7407","1":"product","2":"type-product","3":"status-publish","4":"has-post-thumbnail","6":"product_brand-trx","7":"product_cat-maszyny-komunalne","9":"first","10":"instock","11":"shipping-taxable","12":"purchasable","13":"product-type-simple"},"_links":{"self":[{"href":"https:\/\/plmaszyny.online\/en\/wp-json\/wp\/v2\/product\/7407","targetHints":{"allow":["GET"]}}],"collection":[{"href":"https:\/\/plmaszyny.online\/en\/wp-json\/wp\/v2\/product"}],"about":[{"href":"https:\/\/plmaszyny.online\/en\/wp-json\/wp\/v2\/types\/product"}],"replies":[{"embeddable":true,"href":"https:\/\/plmaszyny.online\/en\/wp-json\/wp\/v2\/comments?post=7407"}],"wp:featuredmedia":[{"embeddable":true,"href":"https:\/\/plmaszyny.online\/en\/wp-json\/wp\/v2\/media\/7406"}],"wp:attachment":[{"href":"https:\/\/plmaszyny.online\/en\/wp-json\/wp\/v2\/media?parent=7407"}],"wp:term":[{"taxonomy":"product_brand","embeddable":true,"href":"https:\/\/plmaszyny.online\/en\/wp-json\/wp\/v2\/product_brand?post=7407"},{"taxonomy":"product_cat","embeddable":true,"href":"https:\/\/plmaszyny.online\/en\/wp-json\/wp\/v2\/product_cat?post=7407"},{"taxonomy":"product_tag","embeddable":true,"href":"https:\/\/plmaszyny.online\/en\/wp-json\/wp\/v2\/product_tag?post=7407"}],"curies":[{"name":"wp","href":"https:\/\/api.w.org\/{rel}","templated":true}]}}