{"id":7397,"date":"2026-02-23T23:33:17","date_gmt":"2026-02-23T23:33:17","guid":{"rendered":"https:\/\/plmaszyny.online\/?post_type=product&#038;p=7397"},"modified":"2026-02-26T15:06:12","modified_gmt":"2026-02-26T15:06:12","slug":"lyzka-kiprujaca-do-traktora-120-cm-4farmer","status":"publish","type":"product","link":"https:\/\/plmaszyny.online\/en\/product\/lyzka-kiprujaca-do-traktora-120-cm-4farmer\/","title":{"rendered":"\u0141y\u017cka kipruj\u0105ca do traktora 120 cm 4Farmer"},"content":{"rendered":"<p>Najcz\u0119\u015bciej u\u017cywanym sprz\u0119tem nie tylko w gospodarstwie domowym, ale i przy r\u00f3\u017cnego rodzaju pracach komunalnych, w firmach ogrodniczych, transportowych&nbsp;s\u0105 wszelkiego rodzaju&nbsp;<strong>maszyny transportowe<\/strong>. Niezale\u017cnie od tego czy posiadamy wi\u0119kszy traktor, czy mniejszych rozmiar\u00f3w traktorek, mo\u017cemy doposa\u017cy\u0107 go w bardzo praktyczn\u0105<strong>&nbsp;\u0142y\u017ck\u0119<\/strong>&nbsp;<strong>kipruj\u0105c\u0105<\/strong>&nbsp;do transportowania r\u00f3\u017cnego rodzaju materia\u0142\u00f3w sypkich np. piasku, kruszywa, ale tak\u017ce w\u0119gla czy innych wielkogabarytowych przedmiot\u00f3w.&nbsp;<\/p>\n\n\n\n<p><strong>\u0141y\u017cka kipruj\u0105ca<\/strong>&nbsp;to urz\u0105dzenie dzia\u0142aj\u0105ce podobnie jak du\u017cych rozmiar\u00f3w \u0142opata. Nie musimy jednak u\u017cywa\u0107 w\u0142asnych mi\u0119\u015bni i wykonywa\u0107 m\u0119cz\u0105cej pracy, wystarczy zamontowa\u0107 do naszego<strong>&nbsp;traktorka<\/strong>&nbsp;odpowiednio dobran\u0105&nbsp;<strong>\u0142y\u017ck\u0119<\/strong>&nbsp;i praca zostanie wykonana szybciej i bez zb\u0119dnego wysi\u0142ku.<\/p>\n\n\n\n<p><strong>\u0141y\u017cka transportowa<\/strong>&nbsp;firmy&nbsp;<strong>4Farmer<\/strong>&nbsp;to urz\u0105dzenie dopinane do traktorka posiadaj\u0105ce 3-punktowy zaczep TUZ Kat I. Doskonale sprawdzi si\u0119 nie tylko jako&nbsp;<strong>narz\u0119dzie<\/strong>&nbsp;<strong>transportowe<\/strong>, ale tak\u017ce jako<strong>&nbsp;zgarniacz<\/strong>&nbsp;np. do \u015bniegu czy w ogrodnictwie do formowania skalniak\u00f3w, skarp czy wyniesionych rabat.<\/p>\n\n\n\n<p>To bardzo wszechstronne i uniwersalne urz\u0105dzenie bez kt\u00f3rego trudno sobie wyobrazi\u0107 prac\u0119 w gospodarstwie czy te\u017c \u015bwiadcz\u0105c r\u00f3\u017cnego rodzaju us\u0142ugi zwi\u0105zane z kszta\u0142towaniem terenu.&nbsp;<\/p>\n\n\n\n<h4 class=\"wp-block-heading\">Specyfikacja<\/h4>\n\n\n\n<p>Stan<\/p>\n\n\n\n<p>Nowy<\/p>\n\n\n\n<p>Marka<\/p>\n\n\n\n<p>4Farmer<\/p>\n\n\n\n<p>TUZ<\/p>\n\n\n\n<p>3 &#8211; punktowy<br>KAT I<\/p>\n\n\n\n<p>D\u0142ugo\u015b\u0107 (mm)<\/p>\n\n\n\n<p>840<\/p>\n\n\n\n<p>Wysoko\u015b\u0107 (mm)<\/p>\n\n\n\n<p>300<\/p>\n\n\n\n<p>Szeroko\u015b\u0107 (mm)<\/p>\n\n\n\n<p>1200<\/p>\n\n\n\n<p>Waga (kg)<\/p>\n\n\n\n<p>50<\/p>\n\n\n\n<p>Kiprowanie<\/p>\n\n\n\n<p>Manualne<\/p>","protected":false},"excerpt":{"rendered":"<div class=\"col-12 col-lg-4 page-product4-desc-single1\">\n<div class=\"title2\">\n<div class=\"col-6 col-sm-6 col-md-6 col-lg-6 single1\">\n<div class=\"single1-sz\">\n<div class=\"ico\">\u00a0<\/div>\n<div class=\"title1\">\n<p>Stan Nowy<\/p>\n<\/div>\n<\/div>\n<\/div>\n<div class=\"col-6 col-sm-6 col-md-6 col-lg-6 single1\">\n<div class=\"single1-sz\">\n<div class=\"title1\">\n<p>Waga (kg) 50<\/p>\n<\/div>\n<\/div>\n<\/div>\n<\/div>\n<\/div>","protected":false},"featured_media":7400,"comment_status":"open","ping_status":"closed","template":"","meta":[],"product_brand":[68],"product_cat":[62],"product_tag":[],"class_list":{"0":"post-7397","1":"product","2":"type-product","3":"status-publish","4":"has-post-thumbnail","6":"product_brand-4farmer","7":"product_cat-maszyny-komunalne","9":"first","10":"instock","11":"shipping-taxable","12":"purchasable","13":"product-type-simple"},"_links":{"self":[{"href":"https:\/\/plmaszyny.online\/en\/wp-json\/wp\/v2\/product\/7397","targetHints":{"allow":["GET"]}}],"collection":[{"href":"https:\/\/plmaszyny.online\/en\/wp-json\/wp\/v2\/product"}],"about":[{"href":"https:\/\/plmaszyny.online\/en\/wp-json\/wp\/v2\/types\/product"}],"replies":[{"embeddable":true,"href":"https:\/\/plmaszyny.online\/en\/wp-json\/wp\/v2\/comments?post=7397"}],"wp:featuredmedia":[{"embeddable":true,"href":"https:\/\/plmaszyny.online\/en\/wp-json\/wp\/v2\/media\/7400"}],"wp:attachment":[{"href":"https:\/\/plmaszyny.online\/en\/wp-json\/wp\/v2\/media?parent=7397"}],"wp:term":[{"taxonomy":"product_brand","embeddable":true,"href":"https:\/\/plmaszyny.online\/en\/wp-json\/wp\/v2\/product_brand?post=7397"},{"taxonomy":"product_cat","embeddable":true,"href":"https:\/\/plmaszyny.online\/en\/wp-json\/wp\/v2\/product_cat?post=7397"},{"taxonomy":"product_tag","embeddable":true,"href":"https:\/\/plmaszyny.online\/en\/wp-json\/wp\/v2\/product_tag?post=7397"}],"curies":[{"name":"wp","href":"https:\/\/api.w.org\/{rel}","templated":true}]}}