{"id":7392,"date":"2026-02-23T23:26:10","date_gmt":"2026-02-23T23:26:10","guid":{"rendered":"https:\/\/plmaszyny.online\/?post_type=product&#038;p=7392"},"modified":"2026-02-26T15:06:24","modified_gmt":"2026-02-26T15:06:24","slug":"rozsiewacz-tasmowy-m320-typu-motyl-z-przystawka-polowa-4farmer","status":"publish","type":"product","link":"https:\/\/plmaszyny.online\/en\/product\/rozsiewacz-tasmowy-m320-typu-motyl-z-przystawka-polowa-4farmer\/","title":{"rendered":"Rozsiewacz ta\u015bmowy M320 typu Motyl z przystawk\u0105 polow\u0105 4FARMER"},"content":{"rendered":"<p><strong>Posypywarka<\/strong>&nbsp;&#8211;&nbsp;<strong>rozsiewacz nawoz\u00f3w<\/strong>&nbsp;sypkich i granulat\u00f3w oraz mieszanek pylistych<strong>&nbsp;M320<\/strong>&nbsp;przeznaczony jest do wszystkich ci\u0105gnik\u00f3w z tylnym podno\u015bnikiem z zaczepem trzypunktowym Kat I i Kat II.<\/p>\n\n\n\n<p><strong>Rozsiewacz<\/strong>&nbsp;z powodzeniem wykorzystywany jest do pracy tak\u017ce w firmach komunalnych jako&nbsp;<strong>posypywarka soli<\/strong>, lub piasku po zastosowaniu odpowiedniej przystawki.<\/p>\n\n\n\n<h2 class=\"wp-block-heading\">Rozsiewacz ta\u015bmowy M320 typu Motyl z przystawk\u0105 polow\u0105 4FARMER &#8211; solidny i wytrzyma\u0142y<\/h2>\n\n\n\n<p><strong>Posypywarka&nbsp;<\/strong>jest nap\u0119dzana wa\u0142kiem odbioru mocy ci\u0105gnika WOM\/PTO, a zalecana warto\u015b\u0107 obrot\u00f3w to 540 obr\/min. System wysiewu to tzw. system tarczowo-od\u015brodkowy. Maszyna posiada zbiornik o pojemno\u015bci 320 L.<\/p>\n\n\n\n<p><strong>Rozsiewacz<\/strong>&nbsp;<strong>nawozu<\/strong>&nbsp;wa\u017cy 105 kg, a dopuszczalna masa \u0142adunku to w zale\u017cno\u015bci od ci\u0105gnika od 200 do 400 kg. Elementem roboczym jest poziomo umieszczona obrotowa tarcza z pionowymi \u0142opatkami, kt\u00f3ra wykonuj\u0105c ruch obrotowy, rozrzuca materia\u0142 na odleg\u0142o\u015b\u0107 od 5 do 8 m (nie dotyczy przystawki do w\u0105skiego wysiewu), w zale\u017cno\u015bci rodzaju u\u017cywanego materia\u0142u siewnego. Wydajno\u015b\u0107 posypywarki od 4 do 6 ar\u00f3w na godzin\u0119 r\u00f3wnie\u017c w zale\u017cno\u015bci od rodzaju \u0142adunku.<\/p>\n\n\n\n<p>Zbiornik&nbsp;<strong>rozsiewacza&nbsp;M320<\/strong>&nbsp;wykonany zosta\u0142 z laminatu.<\/p>\n\n\n\n<h4 class=\"wp-block-heading\">Specyfikacja<\/h4>\n\n\n\n<p>Stan<\/p>\n\n\n\n<p>Nowy<\/p>\n\n\n\n<p>Produkcja<\/p>\n\n\n\n<p>Produkt polski<\/p>\n\n\n\n<p>Wydajno\u015b\u0107 (ha\/h)<\/p>\n\n\n\n<p>4 &#8211; nawozy pyliste i krystaliczne<br>6 &#8211; nawozy granulowane<\/p>\n\n\n\n<p>Maksymalna pr\u0119dko\u015b\u0107 podczas pracy (km\/h)<\/p>\n\n\n\n<p>9<\/p>\n\n\n\n<p>WOM \/ PTO<\/p>\n\n\n\n<p>540 (rpm)<\/p>\n\n\n\n<p>TUZ<\/p>\n\n\n\n<p>3 &#8211; punktowy<br>KAT I<br>KAT II<\/p>\n\n\n\n<p>Waga (kg)<\/p>\n\n\n\n<p>105<\/p>\n\n\n\n<p>Maksymalna dopuszczalna masa \u0142adunku (kg)<\/p>\n\n\n\n<p>z ci\u0105gnikiem klasy 0.6 &#8211; 200 kg<br>z ci\u0105gnikiem klasy 0.9 &#8211; 400 kg<\/p>\n\n\n\n<p>Pr\u0119dko\u015b\u0107 transportowa (km\/h)<\/p>\n\n\n\n<p>max 25<\/p>\n\n\n\n<p>Szeroko\u015b\u0107 robocza wysiewu przy siewie rzutowym (m) \/ (bez przystawki)<\/p>\n\n\n\n<p>Materia\u0142 granulowany: 8<br>Materia\u0142y pyliste: 5<\/p>\n\n\n\n<p>Zakres dawek nawozowych (kg\/h)<\/p>\n\n\n\n<p>25 &#8211; 1500<\/p>\n\n\n\n<p>Pojemno\u015b\u0107 zbiornika (L)<\/p>\n\n\n\n<p>320<\/p>","protected":false},"excerpt":{"rendered":"<div class=\"col-12 col-lg-4 page-product4-desc-single1\">\n<div class=\"title1\">\n<div class=\"col-6 col-sm-6 col-md-6 col-lg-6 single1\">\n<div class=\"single1-sz\">\n<div class=\"ico\">\u00a0<\/div>\n<div class=\"title1\">\n<p>Stan Nowy<\/p>\n<\/div>\n<\/div>\n<\/div>\n<div class=\"col-6 col-sm-6 col-md-6 col-lg-6 single1\">\n<div class=\"single1-sz\">\n<div class=\"title1\">\n<p>Waga (kg) 105<\/p>\n<\/div>\n<\/div>\n<\/div>\n<\/div>\n<\/div>","protected":false},"featured_media":7396,"comment_status":"open","ping_status":"closed","template":"","meta":[],"product_brand":[68],"product_cat":[62],"product_tag":[],"class_list":{"0":"post-7392","1":"product","2":"type-product","3":"status-publish","4":"has-post-thumbnail","6":"product_brand-4farmer","7":"product_cat-maszyny-komunalne","9":"first","10":"instock","11":"shipping-taxable","12":"purchasable","13":"product-type-simple"},"_links":{"self":[{"href":"https:\/\/plmaszyny.online\/en\/wp-json\/wp\/v2\/product\/7392","targetHints":{"allow":["GET"]}}],"collection":[{"href":"https:\/\/plmaszyny.online\/en\/wp-json\/wp\/v2\/product"}],"about":[{"href":"https:\/\/plmaszyny.online\/en\/wp-json\/wp\/v2\/types\/product"}],"replies":[{"embeddable":true,"href":"https:\/\/plmaszyny.online\/en\/wp-json\/wp\/v2\/comments?post=7392"}],"wp:featuredmedia":[{"embeddable":true,"href":"https:\/\/plmaszyny.online\/en\/wp-json\/wp\/v2\/media\/7396"}],"wp:attachment":[{"href":"https:\/\/plmaszyny.online\/en\/wp-json\/wp\/v2\/media?parent=7392"}],"wp:term":[{"taxonomy":"product_brand","embeddable":true,"href":"https:\/\/plmaszyny.online\/en\/wp-json\/wp\/v2\/product_brand?post=7392"},{"taxonomy":"product_cat","embeddable":true,"href":"https:\/\/plmaszyny.online\/en\/wp-json\/wp\/v2\/product_cat?post=7392"},{"taxonomy":"product_tag","embeddable":true,"href":"https:\/\/plmaszyny.online\/en\/wp-json\/wp\/v2\/product_tag?post=7392"}],"curies":[{"name":"wp","href":"https:\/\/api.w.org\/{rel}","templated":true}]}}