{"id":7387,"date":"2026-02-23T23:20:51","date_gmt":"2026-02-23T23:20:51","guid":{"rendered":"https:\/\/plmaszyny.online\/?post_type=product&#038;p=7387"},"modified":"2026-02-26T15:09:28","modified_gmt":"2026-02-26T15:09:28","slug":"plug-do-sniegu-do-traktorka-kosiarki-120-cm-cub-cadet-lt-4farmer","status":"publish","type":"product","link":"https:\/\/plmaszyny.online\/en\/product\/plug-do-sniegu-do-traktorka-kosiarki-120-cm-cub-cadet-lt-4farmer\/","title":{"rendered":"P\u0142ug do \u015bniegu do traktorka kosiarki 120 cm Cub Cadet LT 4FARMER"},"content":{"rendered":"<p><strong>P\u0142ug do \u015bniegu 120 cm do traktorka kosiarki Partner.<\/strong><\/p>\n\n\n\n<p><strong>P\u0142ug do od\u015bnie\u017cania<\/strong>&nbsp;obs\u0142ugiwany mechanicznie w dw\u00f3ch p\u0142aszczyznach g\u00f3ra\/d\u00f3\u0142 i prawo\/lewo. P\u0142ug jest dedykowany do kosiarek<strong>&nbsp;Partner,&nbsp;<\/strong>ale istnieje mo\u017cliwo\u015b\u0107 adaptacji r\u00f3wnie\u017c do innych pojazd\u00f3w np: quad. P\u0142ug posiada&nbsp;<strong>system amortyzacji<\/strong>&nbsp;( 2 spr\u0119\u017cyny ) co zmniejsza ryzyko uszkodzenia lemiesza p\u0142uga.<\/p>\n\n\n\n<p><strong>Dane techniczne<\/strong>:<\/p>\n\n\n\n<ul class=\"wp-block-list\">\n<li>trzy stopniowy system regulacji w poziomie. (prawo\/na wprost\/lewo),<\/li>\n\n\n\n<li>regulowane metalowe p\u0142ozy,<\/li>\n\n\n\n<li>guma na dole lemiesza,<\/li>\n<\/ul>\n\n\n\n<p><strong>P\u0142ug dedykowany dla modeli&nbsp;kosiarek:<\/strong><\/p>\n\n\n\n<ul class=\"wp-block-list\">\n<li>Partner<\/li>\n<\/ul>\n\n\n\n<p>Przed zakupem prosz\u0119 dok\u0142adnie sprawdzi\u0107 mocowanie do ramy. Dok\u0142adne wymiary pokazane s\u0105 na zdj\u0119ciu.<\/p>\n\n\n\n<p>MAGAZYN:K20<\/p>\n\n\n\n<h4 class=\"wp-block-heading\">Specyfikacja<\/h4>\n\n\n\n<p>Magazyn: K20<\/p>\n\n\n\n<p>Stan<\/p>\n\n\n\n<p>Nowy<\/p>\n\n\n\n<p>Produkcja<\/p>\n\n\n\n<p>Produkt polski<\/p>\n\n\n\n<p>Marka<\/p>\n\n\n\n<p>4Farmer<\/p>\n\n\n\n<p>Osprz\u0119t<\/p>\n\n\n\n<p>P\u0142ug do \u015bniegu<\/p>\n\n\n\n<p>Kolor<\/p>\n\n\n\n<p>Czarny<\/p>\n\n\n\n<p>Grubo\u015b\u0107 (mm)<\/p>\n\n\n\n<p>3.00<\/p>\n\n\n\n<p>Wysoko\u015b\u0107 (mm)<\/p>\n\n\n\n<p>410<\/p>\n\n\n\n<p>Szeroko\u015b\u0107 (mm)<\/p>\n\n\n\n<p>1200<\/p>\n\n\n\n<p>Waga (kg)<\/p>\n\n\n\n<p>30<\/p>\n\n\n\n<p>Typ<\/p>\n\n\n\n<p>Manualny<\/p>","protected":false},"excerpt":{"rendered":"<div class=\"col-12 col-lg-4 page-product4-desc-single1\">\n<div class=\"title2\">\n<div class=\"col-6 col-sm-6 col-md-6 col-lg-6 single1\">\n<div class=\"single1-sz\">\n<div class=\"ico\">\u00a0<\/div>\n<div class=\"title1\">\n<p>Stan Nowy<\/p>\n<\/div>\n<\/div>\n<\/div>\n<div class=\"col-6 col-sm-6 col-md-6 col-lg-6 single1\">\n<div class=\"single1-sz\">\n<div class=\"title1\">\n<p>Waga (kg) 30<\/p>\n<\/div>\n<\/div>\n<\/div>\n<\/div>\n<\/div>","protected":false},"featured_media":7391,"comment_status":"open","ping_status":"closed","template":"","meta":[],"product_brand":[68],"product_cat":[62],"product_tag":[],"class_list":{"0":"post-7387","1":"product","2":"type-product","3":"status-publish","4":"has-post-thumbnail","6":"product_brand-4farmer","7":"product_cat-maszyny-komunalne","9":"first","10":"instock","11":"shipping-taxable","12":"purchasable","13":"product-type-simple"},"_links":{"self":[{"href":"https:\/\/plmaszyny.online\/en\/wp-json\/wp\/v2\/product\/7387","targetHints":{"allow":["GET"]}}],"collection":[{"href":"https:\/\/plmaszyny.online\/en\/wp-json\/wp\/v2\/product"}],"about":[{"href":"https:\/\/plmaszyny.online\/en\/wp-json\/wp\/v2\/types\/product"}],"replies":[{"embeddable":true,"href":"https:\/\/plmaszyny.online\/en\/wp-json\/wp\/v2\/comments?post=7387"}],"wp:featuredmedia":[{"embeddable":true,"href":"https:\/\/plmaszyny.online\/en\/wp-json\/wp\/v2\/media\/7391"}],"wp:attachment":[{"href":"https:\/\/plmaszyny.online\/en\/wp-json\/wp\/v2\/media?parent=7387"}],"wp:term":[{"taxonomy":"product_brand","embeddable":true,"href":"https:\/\/plmaszyny.online\/en\/wp-json\/wp\/v2\/product_brand?post=7387"},{"taxonomy":"product_cat","embeddable":true,"href":"https:\/\/plmaszyny.online\/en\/wp-json\/wp\/v2\/product_cat?post=7387"},{"taxonomy":"product_tag","embeddable":true,"href":"https:\/\/plmaszyny.online\/en\/wp-json\/wp\/v2\/product_tag?post=7387"}],"curies":[{"name":"wp","href":"https:\/\/api.w.org\/{rel}","templated":true}]}}