{"id":7383,"date":"2026-02-23T23:17:26","date_gmt":"2026-02-23T23:17:26","guid":{"rendered":"https:\/\/plmaszyny.online\/?post_type=product&#038;p=7383"},"modified":"2026-02-26T15:08:13","modified_gmt":"2026-02-26T15:08:13","slug":"plug-do-sniegu-prosty-sbm130-130-cm-4farmer-2","status":"publish","type":"product","link":"https:\/\/plmaszyny.online\/en\/product\/plug-do-sniegu-prosty-sbm130-130-cm-4farmer-2\/","title":{"rendered":"P\u0142ug do \u015bniegu prosty SBM130 130 cm 4FARMER"},"content":{"rendered":"<p><strong>P\u0142ug do \u015bniegu<\/strong>&nbsp;pasuje do&nbsp;<strong>traktork\u00f3w kosiarek<\/strong>&nbsp;wielu producent\u00f3w takich jak: AL-KO, CUB CADET, STIGA, HUSQVARNA, CRAFTSMAN, PARTNER, JONSERED, McCULLOCH, CASTEL GARDE, HONDA, JOHN DEERE, VIKING, STIHL, MTD i innych. Warunkiem dopasowania&nbsp;<strong>p\u0142uga do traktorka<\/strong>&nbsp;jest adaptacja we w\u0142asnym zakresie.<\/p>\n\n\n\n<p><strong>P\u0142ug do od\u015bnie\u017cania<\/strong>&nbsp;obs\u0142ugiwany mechanicznie w dw\u00f3ch p\u0142aszczyznach g\u00f3ra\/d\u00f3\u0142 i prawo\/lewo.&nbsp;<strong>P\u0142ug<\/strong>&nbsp;jest dedykowany&nbsp;<strong>do traktork\u00f3w kosiarek<\/strong>, ale istnieje mo\u017cliwo\u015b\u0107 adaptacji r\u00f3wnie\u017c do innych pojazd\u00f3w np: quad.&nbsp;<strong>P\u0142ug<\/strong>&nbsp;posiada system amortyzacji ( 2 spr\u0119\u017cyny ) co zmniejsza ryzyko uszkodzenia lemiesza p\u0142uga.<\/p>\n\n\n\n<p><strong>Wymiary<\/strong><\/p>\n\n\n\n<ul class=\"wp-block-list\">\n<li>Szeroko\u015b\u0107: 1200 mm,<\/li>\n\n\n\n<li>Wysoko\u015b\u0107: 410 mm,<\/li>\n\n\n\n<li>Trzy stopniowy system regulacji w poziomie (prawo\/na wprost\/lewo),<\/li>\n\n\n\n<li>Grubo\u015b\u0107 blachy: 3 mm,<\/li>\n\n\n\n<li>Regulowane metalowe p\u0142ozy,<\/li>\n\n\n\n<li>Guma na dole lemiesza,<\/li>\n\n\n\n<li>Waga: 30 kg,<\/li>\n\n\n\n<li>Produkt polski.<\/li>\n<\/ul>\n\n\n\n<p>UWAGA! Przedmiotem oferty jest sam lemiesz p\u0142uga z d\u017awigni\u0105 do podnoszenia i opuszczania p\u0142uga. Do p\u0142uga w zestawie klient otrzymuje dyszel, mocowanie, dzi\u0119ki kt\u00f3remu mo\u017cemy obraca\u0107 p\u0142ug w prawo b\u0105d\u017a lewo. W zestawie nie sprzedajemy systemu mocowania. Monta\u017c wymaga dostosowania p\u0142uga do maszyny i mo\u017ce wymaga\u0107 przer\u00f3bek samego pojazdu.<\/p>\n\n\n\n<p>Magazyn: K20<\/p>\n\n\n\n<h4 class=\"wp-block-heading\">Specyfikacja<\/h4>\n\n\n\n<p>Magazyn: K20<\/p>\n\n\n\n<p>Stan<\/p>\n\n\n\n<p>Nowy<\/p>\n\n\n\n<p>Produkcja<\/p>\n\n\n\n<p>Produkt polski<\/p>\n\n\n\n<p>Marka<\/p>\n\n\n\n<p>4Farmer<\/p>\n\n\n\n<p>Szeroko\u015b\u0107 robocza (mm)<\/p>\n\n\n\n<p>1200<\/p>\n\n\n\n<p>Waga (kg)<\/p>\n\n\n\n<p>30<\/p>\n\n\n\n<p>Typ<\/p>\n\n\n\n<p>Manualny<\/p>","protected":false},"excerpt":{"rendered":"<div class=\"col-6 col-sm-6 col-md-6 col-lg-6 single1\">\n<div class=\"single1-sz\">\n<div class=\"ico\">\u00a0<\/div>\n<div class=\"title1\">\n<p>Stan Nowy<\/p>\n<\/div>\n<\/div>\n<\/div>\n<div class=\"col-6 col-sm-6 col-md-6 col-lg-6 single1\">\n<div class=\"single1-sz\">\n<div class=\"title1\">\n<p>Szeroko\u015b\u0107 robocza (mm) 1200<\/p>\n<\/div>\n<\/div>\n<\/div>\n<div class=\"col-6 col-sm-6 col-md-6 col-lg-6 single1\">\n<div class=\"single1-sz\">\n<div class=\"title1\">\n<p>Waga (kg) 30<\/p>\n<\/div>\n<\/div>\n<\/div>","protected":false},"featured_media":7893,"comment_status":"open","ping_status":"closed","template":"","meta":[],"product_brand":[68],"product_cat":[62],"product_tag":[],"class_list":{"0":"post-7383","1":"product","2":"type-product","3":"status-publish","4":"has-post-thumbnail","6":"product_brand-4farmer","7":"product_cat-maszyny-komunalne","9":"first","10":"instock","11":"shipping-taxable","12":"purchasable","13":"product-type-simple"},"_links":{"self":[{"href":"https:\/\/plmaszyny.online\/en\/wp-json\/wp\/v2\/product\/7383","targetHints":{"allow":["GET"]}}],"collection":[{"href":"https:\/\/plmaszyny.online\/en\/wp-json\/wp\/v2\/product"}],"about":[{"href":"https:\/\/plmaszyny.online\/en\/wp-json\/wp\/v2\/types\/product"}],"replies":[{"embeddable":true,"href":"https:\/\/plmaszyny.online\/en\/wp-json\/wp\/v2\/comments?post=7383"}],"wp:featuredmedia":[{"embeddable":true,"href":"https:\/\/plmaszyny.online\/en\/wp-json\/wp\/v2\/media\/7893"}],"wp:attachment":[{"href":"https:\/\/plmaszyny.online\/en\/wp-json\/wp\/v2\/media?parent=7383"}],"wp:term":[{"taxonomy":"product_brand","embeddable":true,"href":"https:\/\/plmaszyny.online\/en\/wp-json\/wp\/v2\/product_brand?post=7383"},{"taxonomy":"product_cat","embeddable":true,"href":"https:\/\/plmaszyny.online\/en\/wp-json\/wp\/v2\/product_cat?post=7383"},{"taxonomy":"product_tag","embeddable":true,"href":"https:\/\/plmaszyny.online\/en\/wp-json\/wp\/v2\/product_tag?post=7383"}],"curies":[{"name":"wp","href":"https:\/\/api.w.org\/{rel}","templated":true}]}}