{"id":7373,"date":"2026-02-23T23:02:41","date_gmt":"2026-02-23T23:02:41","guid":{"rendered":"https:\/\/plmaszyny.online\/?post_type=product&#038;p=7373"},"modified":"2026-02-26T15:09:02","modified_gmt":"2026-02-26T15:09:02","slug":"plug-do-sniegu-prosty-sbm130-130-cm-4farmer","status":"publish","type":"product","link":"https:\/\/plmaszyny.online\/en\/product\/plug-do-sniegu-prosty-sbm130-130-cm-4farmer\/","title":{"rendered":"P\u0142ug do \u015bniegu prosty SBM130 130 cm 4FARMER"},"content":{"rendered":"<p>P\u0142ug do \u015bniegu z mechaniczn\u0105 regulacj\u0105 SBM130 4FARMER. P\u0142ug pasuje do&nbsp;japo\u0144skich mini ci\u0105gnik\u00f3w wszystkich marek. Podnoszenie i opuszczanie p\u0142uga odbywa si\u0119 za pomoc\u0105 linki zaczepionej do tylnego podno\u015bnika.<\/p>\n\n\n\n<p>Wymiary:<br>&#8211; Szeroko\u015b\u0107 lemiesza: 1300 mm.<br>&#8211; Wysoko\u015b\u0107: 600 mm.<br>&#8211; Waga: 50 kg.<br>&#8211; Minimalna wymagana moc ci\u0105gnika: 9KM.&nbsp;<\/p>\n\n\n\n<h4 class=\"wp-block-heading\">Specyfikacja<\/h4>\n\n\n\n<p>Stan<\/p>\n\n\n\n<p>Nowy<\/p>\n\n\n\n<p>Marka<\/p>\n\n\n\n<p>4Farmer<\/p>\n\n\n\n<p>Waga (kg)<\/p>\n\n\n\n<p>50<\/p>\n\n\n\n<p>Typ<\/p>\n\n\n\n<p>Manualny<\/p>","protected":false},"excerpt":{"rendered":"<div class=\"col-12 col-lg-4 page-product4-desc-single1\">\n<div class=\"title1\">\n<div class=\"col-6 col-sm-6 col-md-6 col-lg-6 single1\">\n<div class=\"single1-sz\">\n<div class=\"ico\">\u00a0<\/div>\n<div class=\"title1\">\n<p>Stan Nowy<\/p>\n<\/div>\n<\/div>\n<\/div>\n<div class=\"col-6 col-sm-6 col-md-6 col-lg-6 single1\">\n<div class=\"single1-sz\">\n<div class=\"title1\">\n<p>Waga (kg) 50<\/p>\n<\/div>\n<\/div>\n<\/div>\n<\/div>\n<\/div>","protected":false},"featured_media":7376,"comment_status":"open","ping_status":"closed","template":"","meta":[],"product_brand":[68],"product_cat":[62],"product_tag":[],"class_list":{"0":"post-7373","1":"product","2":"type-product","3":"status-publish","4":"has-post-thumbnail","6":"product_brand-4farmer","7":"product_cat-maszyny-komunalne","9":"first","10":"instock","11":"shipping-taxable","12":"purchasable","13":"product-type-simple"},"_links":{"self":[{"href":"https:\/\/plmaszyny.online\/en\/wp-json\/wp\/v2\/product\/7373","targetHints":{"allow":["GET"]}}],"collection":[{"href":"https:\/\/plmaszyny.online\/en\/wp-json\/wp\/v2\/product"}],"about":[{"href":"https:\/\/plmaszyny.online\/en\/wp-json\/wp\/v2\/types\/product"}],"replies":[{"embeddable":true,"href":"https:\/\/plmaszyny.online\/en\/wp-json\/wp\/v2\/comments?post=7373"}],"wp:featuredmedia":[{"embeddable":true,"href":"https:\/\/plmaszyny.online\/en\/wp-json\/wp\/v2\/media\/7376"}],"wp:attachment":[{"href":"https:\/\/plmaszyny.online\/en\/wp-json\/wp\/v2\/media?parent=7373"}],"wp:term":[{"taxonomy":"product_brand","embeddable":true,"href":"https:\/\/plmaszyny.online\/en\/wp-json\/wp\/v2\/product_brand?post=7373"},{"taxonomy":"product_cat","embeddable":true,"href":"https:\/\/plmaszyny.online\/en\/wp-json\/wp\/v2\/product_cat?post=7373"},{"taxonomy":"product_tag","embeddable":true,"href":"https:\/\/plmaszyny.online\/en\/wp-json\/wp\/v2\/product_tag?post=7373"}],"curies":[{"name":"wp","href":"https:\/\/api.w.org\/{rel}","templated":true}]}}