{"id":7368,"date":"2026-02-23T22:59:21","date_gmt":"2026-02-23T22:59:21","guid":{"rendered":"https:\/\/plmaszyny.online\/?post_type=product&#038;p=7368"},"modified":"2026-02-26T15:09:22","modified_gmt":"2026-02-26T15:09:22","slug":"plug-do-sniegu-strzalkowy-vario-200-cm-hydrauliczny-tuz-4farmer","status":"publish","type":"product","link":"https:\/\/plmaszyny.online\/en\/product\/plug-do-sniegu-strzalkowy-vario-200-cm-hydrauliczny-tuz-4farmer\/","title":{"rendered":"P\u0142ug do \u015bniegu strza\u0142kowy Vario 200 cm, hydrauliczny (TUZ) 4FARMER"},"content":{"rendered":"<p>Solidny i wytrzyma\u0142y&nbsp;<strong>p\u0142ug do \u015bniegu<\/strong>&nbsp;umo\u017cliwi bezproblemow\u0105 prac\u0119 podczas sezonu zimowego. Dedykowany jest do utrzymania dr\u00f3g, chodnik\u00f3w, plac\u00f3w o r\u00f3\u017cnej powierzchni \u2013 asfalt, beton, kostka brukowa.<\/p>\n\n\n\n<p><strong>P\u0142ug<\/strong>&nbsp;przeznaczony jest do&nbsp;<strong>traktor\u00f3w<\/strong>&nbsp;i&nbsp;<strong>mini traktor\u00f3w<\/strong>&nbsp;o minimalnej mocy oko\u0142o&nbsp;50 KM.&nbsp;<strong>P\u0142ug<\/strong>&nbsp;obs\u0142ugiwany jest hydraulicznie za pomoc\u0105&nbsp;dw\u00f3ch si\u0142ownik\u00f3w hydraulicznych i wymaga rozdzielcza trzy sekcyjnego z sekcj\u0105 p\u0142ywaj\u0105c\u0105.<\/p>\n\n\n\n<h2 class=\"wp-block-heading\">Wygoda i precyzja<\/h2>\n\n\n\n<p>Lemiesz posiada szeroko\u015b\u0107 robocz\u0105 200 cm, mocowany jest na przedni TUZ traktora&nbsp;i wykonany jest z blachy malowanej proszkowo o grubo\u015bci 4 mm.<\/p>\n\n\n\n<p>P\u0142ug do \u015bniegu strza\u0142kowy Vario 200 cm posiada sterowanie hydrauliczne za pomoc\u0105 dw\u00f3ch si\u0142ownik\u00f3w oraz elektrozaw\u00f3r. Dzi\u0119ki takiemu wyposa\u017ceniu mo\u017cemy wygodnie sterowa\u0107 p\u0142ugiem z pozycji siedzenia operatora za pomoc\u0105 jednego joysticka.<\/p>\n\n\n\n<h2 class=\"wp-block-heading\">Profesjonalne wyposa\u017cenie<\/h2>\n\n\n\n<p>Wa\u017cnym elementem zabezpieczaj\u0105cym s\u0105 cztery spr\u0119\u017cynowe bezpieczniki najazdowe, kt\u00f3re rozmieszczone na tylnej cz\u0119\u015bci lemiesza chroni\u0105 przed wywrotk\u0105 czy najechaniem na przeszkod\u0119.&nbsp;<\/p>\n\n\n\n<p>Dolna kraw\u0119d\u017a lemiesza posiada gumowe wzmocnienie o grubo\u015bci 20 mm i wysoko\u015bci 200 mm. Dzi\u0119ki takiemu zako\u0144czeniu mo\u017cemy pracowa\u0107 bez obawy o uszkodzenie nawierzchni. Dodatkowo&nbsp;<strong>p\u0142ug<\/strong>&nbsp;posiada na dw\u00f3ch g\u00f3rnych kraw\u0119dziach o\u015bwietlenie, co znacznie zwi\u0119ksza bezpiecze\u0144stwo pracy i poprawia widoczno\u015b\u0107.<\/p>\n\n\n\n<p>Aby poprawi\u0107&nbsp;stabilno\u015b\u0107 traktora oraz poprawi\u0107 wydajno\u015b\u0107 podczas pracy&nbsp;<strong>p\u0142ug do \u015bniegu<\/strong>&nbsp;wyposa\u017cony zosta\u0142 w dwa ko\u0142a o \u015brednicy 15 cm. Ich wysoko\u015b\u0107 jest regulowana.&nbsp;<\/p>\n\n\n\n<p>Do pe\u0142nego wykorzystania mo\u017cliwo\u015bci&nbsp;<strong>p\u0142uga<\/strong>, traktor musi posiada\u0107&nbsp;<strong>hydraulik\u0119<\/strong>&nbsp;z przodu&nbsp;<strong>traktora,&nbsp;<\/strong>dodatkowo<strong>&nbsp;<\/strong>wymagane jest wcze\u015bniejsze wykonanie przedniego podnoszenia w traktorze.&nbsp;<\/p>\n\n\n\n<p>*Zdj\u0119cia pogl\u0105dowe, przedstawiaj\u0105 model w rozmiarze 150 cm.<\/p>\n\n\n\n<h4 class=\"wp-block-heading\">Specyfikacja<\/h4>\n\n\n\n<p>Stan<\/p>\n\n\n\n<p>Nowy<\/p>\n\n\n\n<p>Marka<\/p>\n\n\n\n<p>4Farmer<\/p>\n\n\n\n<p>Kolor<\/p>\n\n\n\n<p>Pomara\u0144czowy<\/p>\n\n\n\n<p>Minimalna wymagana moc ci\u0105gnika (KM HP PS)<\/p>\n\n\n\n<p>50<\/p>\n\n\n\n<p>Szeroko\u015b\u0107 robocza (mm)<\/p>\n\n\n\n<p>2000<\/p>\n\n\n\n<p>Wyposa\u017cenie<\/p>\n\n\n\n<p>Elektrozaw\u00f3r<br>Guma<br>Ko\u0142a 2 szt.<br>O\u015bwietlenie<\/p>\n\n\n\n<p>Wysoko\u015b\u0107 (mm)<\/p>\n\n\n\n<p>900<\/p>\n\n\n\n<p>Waga (kg)<\/p>\n\n\n\n<p>220<\/p>\n\n\n\n<p>Ilo\u015b\u0107 si\u0142ownik\u00f3w hydraulicznych<\/p>\n\n\n\n<p>2<\/p>\n\n\n\n<p>Typ<\/p>\n\n\n\n<p>Hydrauliczny<\/p>\n\n\n\n<p>K\u0105t maksymalnego wychylenia odk\u0142adnicy (\u00b0)<\/p>\n\n\n\n<p>od -30\u00b0 do +30\u00b0<\/p>","protected":false},"excerpt":{"rendered":"<div class=\"col-12 col-lg-4 page-product4-desc-single1\">\n<div class=\"title1\">\n<div class=\"col-6 col-sm-6 col-md-6 col-lg-6 single1\">\n<div class=\"single1-sz\">\n<div class=\"ico\">\u00a0<\/div>\n<div class=\"title1\">\n<p>Stan Nowy<\/p>\n<\/div>\n<\/div>\n<\/div>\n<div class=\"col-6 col-sm-6 col-md-6 col-lg-6 single1\">\n<div class=\"single1-sz\">\n<div class=\"title1\">\n<p>Minimalna wymagana moc ci\u0105gnika (KM HP PS) 50<\/p>\n<\/div>\n<\/div>\n<\/div>\n<div class=\"col-6 col-sm-6 col-md-6 col-lg-6 single1\">\n<div class=\"single1-sz\">\n<div class=\"title1\">\n<p>Szeroko\u015b\u0107 robocza (mm) 2000<\/p>\n<\/div>\n<\/div>\n<\/div>\n<div class=\"col-6 col-sm-6 col-md-6 col-lg-6 single1\">\n<div class=\"single1-sz\">\n<div class=\"title1\">\n<p>Waga (kg) 220<\/p>\n<\/div>\n<\/div>\n<\/div>\n<\/div>\n<\/div>","protected":false},"featured_media":7372,"comment_status":"open","ping_status":"closed","template":"","meta":[],"product_brand":[68],"product_cat":[62],"product_tag":[],"class_list":{"0":"post-7368","1":"product","2":"type-product","3":"status-publish","4":"has-post-thumbnail","6":"product_brand-4farmer","7":"product_cat-maszyny-komunalne","9":"first","10":"instock","11":"shipping-taxable","12":"purchasable","13":"product-type-simple"},"_links":{"self":[{"href":"https:\/\/plmaszyny.online\/en\/wp-json\/wp\/v2\/product\/7368","targetHints":{"allow":["GET"]}}],"collection":[{"href":"https:\/\/plmaszyny.online\/en\/wp-json\/wp\/v2\/product"}],"about":[{"href":"https:\/\/plmaszyny.online\/en\/wp-json\/wp\/v2\/types\/product"}],"replies":[{"embeddable":true,"href":"https:\/\/plmaszyny.online\/en\/wp-json\/wp\/v2\/comments?post=7368"}],"wp:featuredmedia":[{"embeddable":true,"href":"https:\/\/plmaszyny.online\/en\/wp-json\/wp\/v2\/media\/7372"}],"wp:attachment":[{"href":"https:\/\/plmaszyny.online\/en\/wp-json\/wp\/v2\/media?parent=7368"}],"wp:term":[{"taxonomy":"product_brand","embeddable":true,"href":"https:\/\/plmaszyny.online\/en\/wp-json\/wp\/v2\/product_brand?post=7368"},{"taxonomy":"product_cat","embeddable":true,"href":"https:\/\/plmaszyny.online\/en\/wp-json\/wp\/v2\/product_cat?post=7368"},{"taxonomy":"product_tag","embeddable":true,"href":"https:\/\/plmaszyny.online\/en\/wp-json\/wp\/v2\/product_tag?post=7368"}],"curies":[{"name":"wp","href":"https:\/\/api.w.org\/{rel}","templated":true}]}}