{"id":7350,"date":"2026-02-23T22:14:54","date_gmt":"2026-02-23T22:14:54","guid":{"rendered":"https:\/\/plmaszyny.online\/?post_type=product&#038;p=7350"},"modified":"2026-02-26T14:53:44","modified_gmt":"2026-02-26T14:53:44","slug":"kosiarka-rozdrabniacz-do-trawy-szer-rob-100-cm-wzmocniona-konstrukcja","status":"publish","type":"product","link":"https:\/\/plmaszyny.online\/en\/product\/kosiarka-rozdrabniacz-do-trawy-szer-rob-100-cm-wzmocniona-konstrukcja\/","title":{"rendered":"Kosiarka rozdrabniacz do trawy szer rob 100 cm WZMOCNIONA KONSTRUKCJA"},"content":{"rendered":"<h3 class=\"wp-block-heading\">Co to jest kosiarka rozdrabniacz do ci\u0105gnika?<\/h3>\n\n\n\n<p><strong>Kosiarka rozdrabniacz<\/strong>\u00a0to kosiarka rozdrabniacz do ga\u0142\u0119zi, ci\u0105gnikowy zawieszany na tylny TUZ ci\u0105gnika\u00a0<strong>TUZ Kat I \/ TUZ Kat II<\/strong>\u00a0i nap\u0119dzana jest wa\u0142kiem\u00a0<strong>WOM traktora<\/strong>.\u00a0<strong>Kosiarka rozdrabniacz<\/strong>\u00a0to kosiarka tzw. jedno\u015bmig\u0142owa a elementem tn\u0105cym s\u0105\u00a0dwa no\u017ce\u00a0z\u00a0tulejkami\u00a0umieszczone na ko\u0144cach obrotowej listwy nazywanej potocznie \u015bmig\u0142em kosiarki.\u00a0<strong>Kosiarka rozdrabniacz<\/strong>\u00a0to kosiarka nap\u0119dzana wa\u0142kiem odbioru mocy z ci\u0105gnika lub innej maszyny, moc z silnika jest przenoszona do przek\u0142adni k\u0105towej, do kt\u00f3rej bezpo\u015brednio przymocowana jest listwa z no\u017cami.<\/p>\n\n\n\n<h5 class=\"wp-block-heading\">Gdzie u\u017cywamy rozdrabniacza do traktora&nbsp;?<\/h5>\n\n\n\n<ul class=\"wp-block-list\">\n<li>w winnicach,<\/li>\n\n\n\n<li>w sadach,<\/li>\n\n\n\n<li>w parkach,<\/li>\n\n\n\n<li>na polach uprawnych,<\/li>\n\n\n\n<li>w gospodarstwa Agro-turystycznych i rekreacyjnych,<\/li>\n\n\n\n<li>na nieu\u017cytkach rolniczych.<\/li>\n<\/ul>\n\n\n\n<p>Kosiarka rozdrabniacz do trawy szer rob 100 cm WZMOCNIONA KONSTRUKCJA.<\/p>\n\n\n\n<h4 class=\"wp-block-heading\">Specyfikacja<\/h4>\n\n\n\n<p>Stan<\/p>\n\n\n\n<p>Nowy<\/p>\n\n\n\n<p>Marka<\/p>\n\n\n\n<p>Demarol<\/p>\n\n\n\n<p>Kolor<\/p>\n\n\n\n<p>Zielony<\/p>\n\n\n\n<p>Liczba no\u017cy (szt.)<\/p>\n\n\n\n<p>2<\/p>\n\n\n\n<p>TUZ<\/p>\n\n\n\n<p>3 &#8211; punktowy<br>KAT I<br>KAT II<\/p>\n\n\n\n<p>D\u0142ugo\u015b\u0107 (mm)<\/p>\n\n\n\n<p>1300<\/p>\n\n\n\n<p>Wysoko\u015b\u0107 (mm)<\/p>\n\n\n\n<p>800<\/p>\n\n\n\n<p>Szeroko\u015b\u0107 (mm)<\/p>\n\n\n\n<p>1200<\/p>\n\n\n\n<p>Waga (kg)<\/p>\n\n\n\n<p>140<\/p>","protected":false},"excerpt":{"rendered":"<div class=\"col-12 col-lg-4 page-product4-desc-single1\">\n<div class=\"title2\">\n<div class=\"col-6 col-sm-6 col-md-6 col-lg-6 single1\">\n<div class=\"single1-sz\">\n<div class=\"ico\">\u00a0<\/div>\n<div class=\"title1\">\n<p>Stan Nowy<\/p>\n<\/div>\n<\/div>\n<\/div>\n<div class=\"col-6 col-sm-6 col-md-6 col-lg-6 single1\">\n<div class=\"single1-sz\">\n<div class=\"title1\">\n<p>Liczba no\u017cy (szt.) 2<\/p>\n<\/div>\n<\/div>\n<\/div>\n<div class=\"col-6 col-sm-6 col-md-6 col-lg-6 single1\">\n<div class=\"single1-sz\">\n<div class=\"title1\">\n<p>Waga (kg) 140<\/p>\n<\/div>\n<\/div>\n<\/div>\n<\/div>\n<\/div>","protected":false},"featured_media":7354,"comment_status":"open","ping_status":"closed","template":"","meta":[],"product_brand":[76],"product_cat":[60],"product_tag":[],"class_list":{"0":"post-7350","1":"product","2":"type-product","3":"status-publish","4":"has-post-thumbnail","6":"product_brand-demarol","7":"product_cat-kosiarki-rolnicze","9":"first","10":"instock","11":"shipping-taxable","12":"purchasable","13":"product-type-simple"},"_links":{"self":[{"href":"https:\/\/plmaszyny.online\/en\/wp-json\/wp\/v2\/product\/7350","targetHints":{"allow":["GET"]}}],"collection":[{"href":"https:\/\/plmaszyny.online\/en\/wp-json\/wp\/v2\/product"}],"about":[{"href":"https:\/\/plmaszyny.online\/en\/wp-json\/wp\/v2\/types\/product"}],"replies":[{"embeddable":true,"href":"https:\/\/plmaszyny.online\/en\/wp-json\/wp\/v2\/comments?post=7350"}],"wp:featuredmedia":[{"embeddable":true,"href":"https:\/\/plmaszyny.online\/en\/wp-json\/wp\/v2\/media\/7354"}],"wp:attachment":[{"href":"https:\/\/plmaszyny.online\/en\/wp-json\/wp\/v2\/media?parent=7350"}],"wp:term":[{"taxonomy":"product_brand","embeddable":true,"href":"https:\/\/plmaszyny.online\/en\/wp-json\/wp\/v2\/product_brand?post=7350"},{"taxonomy":"product_cat","embeddable":true,"href":"https:\/\/plmaszyny.online\/en\/wp-json\/wp\/v2\/product_cat?post=7350"},{"taxonomy":"product_tag","embeddable":true,"href":"https:\/\/plmaszyny.online\/en\/wp-json\/wp\/v2\/product_tag?post=7350"}],"curies":[{"name":"wp","href":"https:\/\/api.w.org\/{rel}","templated":true}]}}