{"id":7346,"date":"2026-02-23T22:09:11","date_gmt":"2026-02-23T22:09:11","guid":{"rendered":"https:\/\/plmaszyny.online\/?post_type=product&#038;p=7346"},"modified":"2026-02-26T14:54:13","modified_gmt":"2026-02-26T14:54:13","slug":"kosiarka-rozdrabniacz-mber-120-geograss","status":"publish","type":"product","link":"https:\/\/plmaszyny.online\/en\/product\/kosiarka-rozdrabniacz-mber-120-geograss\/","title":{"rendered":"Kosiarka rozdrabniacz MBER 120 Geograss"},"content":{"rendered":"<h2 class=\"wp-block-heading\">MBER 120 Geograss czyli jak wygl\u0105da i co to jest rozdrabniacz kosiarka do traktora?<\/h2>\n\n\n\n<p><strong>Rozdrabniacz kosiarka do trawy<\/strong>\u00a0to\u00a0<strong>kosiarka ci\u0105gnikowa,<\/strong>\u00a0poniewa\u017c dzia\u0142anie jej jest oparte na mocy silnika w\u0142a\u015bnie ci\u0105gnika (lub innej maszyny) i musi by\u0107 zawieszona na 3-piunktowym tylnym lub przednim podno\u015bniku ci\u0105gnika w skr\u00f3cie nazywanym\u00a0<strong>TUZ<\/strong>-em. Moc z ci\u0105gnika jest przekazywana do przek\u0142adni kosiarki za pomoc\u0105\u00a0wa\u0142ka przekazu mocy WOM, a z przek\u0142adni bez sprz\u0119g\u0142a na piast\u0119, na kt\u00f3rej osadzane s\u0105 no\u017ce tn\u0105ce.\u00a0Takie rozwi\u0105zanie wymaga u\u017cycie dodatkowego zabezpieczania przed uszkodzeniem przek\u0142adni lub no\u017cy. W momencie, kiedy kosiarka natrafi na przeszkod\u0119 lub zapcha si\u0119 materia\u0142em kosz\u0105cym, brak sprz\u0119g\u0142a w przek\u0142adni mo\u017ce uszkodzi\u0107 przek\u0142adnie, wa\u0142ek lub no\u017ce, dlatego producent\u00a0zaleca stosowanie wa\u0142k\u00f3w\u00a0<strong>WOM<\/strong>\u00a0(wa\u0142ek przekazu mocy)\u00a0ze sprz\u0119g\u0142em\u00a0lub z tzw. zrywnym klinem.<\/p>\n\n\n\n<h3 class=\"wp-block-heading\">Czym si\u0119 ro\u017cni kosiarka rozdrabniacz&nbsp;MBER Geograss od innych kosiarek rozdrabniaczy ?<\/h3>\n\n\n\n<p>Kosiarka typu rozdrabniacz wyposa\u017cona jest w\u00a0dwa no\u017ce tn\u0105ce\u00a0i w\u0142a\u015bnie r\u00f3\u017cnica stosowanych no\u017cy\u00a0okre\u015bla nam r\u00f3\u017cnice pomi\u0119dzy r\u00f3\u017cnymi modelami r\u00f3\u017cnych producent\u00f3w\u00a0rozdrabniaczy kosiarek. Spos\u00f3b, w jaki obracaj\u0105 si\u0119 no\u017ce, bez wzgl\u0119du na u\u017cyte no\u017ce, jest taka sama i\u00a0w ka\u017cdym przypadku no\u017ce obracaj\u0105 w taki sam spos\u00f3b, podobny do tego, z jakim kr\u0119ci si\u0119\u00a0\u015bmig\u0142o w helikopterze. R\u00f3\u017cnica\u00a0pomi\u0119dzy kosiarkami to r\u00f3\u017cnica w wielko\u015bci samego no\u017ca tn\u0105cego wielko\u015bci listwy obrotowej, do kt\u00f3rej no\u017ce s\u0105 przykr\u0119cone.<\/p>\n\n\n\n<h5 class=\"wp-block-heading\">Do czego s\u0142u\u017cy rozdrabniacz MBER Geograss?<\/h5>\n\n\n\n<ul class=\"wp-block-list\">\n<li>do koszenia du\u017cych powierzchni wysokiej trawy na \u0142\u0105kach, w parkach i na terenach relacyjnych,<\/li>\n\n\n\n<li>do koszenia trawy w sadach i na plantacjach,<\/li>\n\n\n\n<li>do koszenia nieu\u017cytk\u00f3w rolnych,<\/li>\n\n\n\n<li>do koszenia zaro\u015bli,<\/li>\n\n\n\n<li>do koszenia poplon\u00f3w.<\/li>\n<\/ul>\n\n\n\n<h4 class=\"wp-block-heading\">Pomara\u0144czowa kosiarka rozdrabniacz MBER Geoogras.<\/h4>\n\n\n\n<p><strong>MBER Geograss<\/strong>\u00a0to\u00a0<strong>kosiarka rozdrabniacz<\/strong>, kt\u00f3rym opr\u00f3cz zielonej trawy mo\u017cemy kosi\u0107 r\u00f3wnie\u017c nieu\u017cytki\u00a0z ro\u015blinami o umiarkowanej grubo\u015bci.<strong>\u00a0Kosiark\u0105<\/strong>\u00a0wykosimy\u00a0r\u00f3wnie\u017c ma\u0142e, m\u0142ode\u00a0samosiejki drzew i krzew\u00f3w\u00a0oraz pozosta\u0142o\u015bci po uprawach rolnych.\u00a0<strong>Rozdrabniacz rolniczy<\/strong>\u00a0wyposa\u017cony zosta\u0142 w\u00a0ci\u0119\u017ckie no\u017ce\u00a0(2 x 3kg), kt\u00f3re w po\u0142\u0105czeniu z mocn\u0105 przek\u0142adni\u0105 daje bardzo du\u017ce mo\u017cliwo\u015bci koszenia, nawet twardszych materia\u0142\u00f3w takie jak niskie, krzewy pozosta\u0142o\u015bci po uprawach np. kukurydzy. Wytrzyma\u0142a konstrukcja, solidna obudowa, wysokiej jako\u015bci \u0142o\u017cyska i mocna przek\u0142adnia, pozwala na wielogodzinne u\u017cytkowanie kosiarki nawet w trudnym terenie i przez wiele godzin dziennie.<\/p>\n\n\n\n<p>Prosta w konstrukcji i w dzianiu kosiarka zaczepiana do traktora jedno \u015bmig\u0142owa, kt\u00f3ra posiada dwa no\u017ce tn\u0105ce.<\/p>\n\n\n\n<p>Wymiary:<br>&#8211; Szeroko\u015b\u0107 robocza 1200 mm.<br>&#8211; Szeroko\u015b\u0107 ca\u0142kowita: 1300 mm.<br>&#8211; Mocowania na zaczep 3 punktowy Kat 1.<br>&#8211; Waga: 150 kg.<br>&#8211; Ilo\u015b\u0107 no\u017cy: 2 no\u017ce umieszczona na jednym obrotowym \u015bmigle.<br>&#8211; Pr\u0119dko\u015b\u0107 wa\u0142ka PTO\/WOM: 540 obr\/min.<br>&#8211; Regulacja wysoko\u015bci koszenia na p\u0142ozach kosiarki.<\/p>\n\n\n\n<p>KONSTUKCJA KOSIARKI POZWALA NA PRZSUNI\u0118CIE WIE\u017bYCZKI WZGLEDEM OSI KOSIARKI O 150 MM W PRAWO LUB LEWO.<\/p>\n\n\n\n<p><strong>Zaleca si\u0119 u\u017cywania wa\u0142k\u00f3w WOM ze sprz\u0119g\u0142em<\/strong>.<\/p>\n\n\n\n<h4 class=\"wp-block-heading\">Specyfikacja<\/h4>\n\n\n\n<p>Stan<\/p>\n\n\n\n<p>Nowy<\/p>\n\n\n\n<p>Marka<\/p>\n\n\n\n<p>Geograss<\/p>\n\n\n\n<p>Kolor<\/p>\n\n\n\n<p>Pomara\u0144czowy<\/p>\n\n\n\n<p>Minimalna wymagana moc ci\u0105gnika (KM HP PS)<\/p>\n\n\n\n<p>25<\/p>\n\n\n\n<p>Szeroko\u015b\u0107 robocza (mm)<\/p>\n\n\n\n<p>1200<\/p>\n\n\n\n<p>Liczba no\u017cy (szt.)<\/p>\n\n\n\n<p>2<\/p>\n\n\n\n<p>WOM \/ PTO<\/p>\n\n\n\n<p>540 (rpm)<\/p>\n\n\n\n<p>TUZ<\/p>\n\n\n\n<p>KAT I<\/p>\n\n\n\n<p>D\u0142ugo\u015b\u0107 (mm)<\/p>\n\n\n\n<p>1300<\/p>\n\n\n\n<p>Wysoko\u015b\u0107 (mm)<\/p>\n\n\n\n<p>700<\/p>\n\n\n\n<p>Waga (kg)<\/p>\n\n\n\n<p>150<\/p>\n\n\n\n<p>Szeroko\u015b\u0107 ca\u0142kowita (mm)<\/p>\n\n\n\n<p>1300<\/p>","protected":false},"excerpt":{"rendered":"<div class=\"col-12 col-lg-4 page-product4-desc-single1\">\n<div class=\"title2\">\n<div class=\"col-6 col-sm-6 col-md-6 col-lg-6 single1\">\n<div class=\"single1-sz\">\n<div class=\"ico\">\u00a0<\/div>\n<div class=\"title1\">\n<p>Stan Nowy<\/p>\n<\/div>\n<\/div>\n<\/div>\n<div class=\"col-6 col-sm-6 col-md-6 col-lg-6 single1\">\n<div class=\"single1-sz\">\n<div class=\"title1\">\n<p>Minimalna wymagana moc ci\u0105gnika (KM HP PS) 25<\/p>\n<\/div>\n<\/div>\n<\/div>\n<div class=\"col-6 col-sm-6 col-md-6 col-lg-6 single1\">\n<div class=\"single1-sz\">\n<div class=\"title1\">\n<p>Szeroko\u015b\u0107 robocza (mm) 1200<\/p>\n<\/div>\n<\/div>\n<\/div>\n<div class=\"col-6 col-sm-6 col-md-6 col-lg-6 single1\">\n<div class=\"single1-sz\">\n<div class=\"title1\">\n<p>Liczba no\u017cy (szt.) 2<\/p>\n<\/div>\n<\/div>\n<\/div>\n<div class=\"col-6 col-sm-6 col-md-6 col-lg-6 single1\">\n<div class=\"single1-sz\">\n<div class=\"title1\">\n<p>Waga (kg) 150<\/p>\n<\/div>\n<\/div>\n<\/div>\n<\/div>\n<\/div>","protected":false},"featured_media":7349,"comment_status":"open","ping_status":"closed","template":"","meta":[],"product_brand":[73],"product_cat":[60],"product_tag":[],"class_list":{"0":"post-7346","1":"product","2":"type-product","3":"status-publish","4":"has-post-thumbnail","6":"product_brand-geograss","7":"product_cat-kosiarki-rolnicze","9":"first","10":"instock","11":"shipping-taxable","12":"purchasable","13":"product-type-simple"},"_links":{"self":[{"href":"https:\/\/plmaszyny.online\/en\/wp-json\/wp\/v2\/product\/7346","targetHints":{"allow":["GET"]}}],"collection":[{"href":"https:\/\/plmaszyny.online\/en\/wp-json\/wp\/v2\/product"}],"about":[{"href":"https:\/\/plmaszyny.online\/en\/wp-json\/wp\/v2\/types\/product"}],"replies":[{"embeddable":true,"href":"https:\/\/plmaszyny.online\/en\/wp-json\/wp\/v2\/comments?post=7346"}],"wp:featuredmedia":[{"embeddable":true,"href":"https:\/\/plmaszyny.online\/en\/wp-json\/wp\/v2\/media\/7349"}],"wp:attachment":[{"href":"https:\/\/plmaszyny.online\/en\/wp-json\/wp\/v2\/media?parent=7346"}],"wp:term":[{"taxonomy":"product_brand","embeddable":true,"href":"https:\/\/plmaszyny.online\/en\/wp-json\/wp\/v2\/product_brand?post=7346"},{"taxonomy":"product_cat","embeddable":true,"href":"https:\/\/plmaszyny.online\/en\/wp-json\/wp\/v2\/product_cat?post=7346"},{"taxonomy":"product_tag","embeddable":true,"href":"https:\/\/plmaszyny.online\/en\/wp-json\/wp\/v2\/product_tag?post=7346"}],"curies":[{"name":"wp","href":"https:\/\/api.w.org\/{rel}","templated":true}]}}