{"id":7341,"date":"2026-02-23T22:00:29","date_gmt":"2026-02-23T22:00:29","guid":{"rendered":"https:\/\/plmaszyny.online\/?post_type=product&#038;p=7341"},"modified":"2026-02-26T14:54:25","modified_gmt":"2026-02-26T14:54:25","slug":"kosiarka-rozdrabniacz-do-trawy-kr100-100-cm-sanko","status":"publish","type":"product","link":"https:\/\/plmaszyny.online\/en\/product\/kosiarka-rozdrabniacz-do-trawy-kr100-100-cm-sanko\/","title":{"rendered":"Kosiarka rozdrabniacz do trawy KR100, 100 cm Sanko"},"content":{"rendered":"<h2 class=\"wp-block-heading\">Co to jest kosiarka rozdrabniacz do ci\u0105gnika?<\/h2>\n\n\n\n<p><strong>Kosiarka rozdrabniacz<\/strong>\u00a0to kosiarka rozdrabniacz do ga\u0142\u0119zi, ci\u0105gnikowy zawieszany na tylny TUZ ci\u0105gnika\u00a0<strong>TUZ Kat I \/ TUZ Kat II<\/strong>\u00a0i nap\u0119dzana jest wa\u0142kiem\u00a0<strong>WOM traktora<\/strong>.\u00a0<strong>Kosiarka rozdrabniacz<\/strong>\u00a0to kosiarka tzw. jedno\u015bmig\u0142owa a elementem tn\u0105cym s\u0105\u00a0dwa no\u017ce\u00a0z\u00a0tulejkami\u00a0umieszczone na ko\u0144cach obrotowej listwy nazywanej potocznie \u015bmig\u0142em kosiarki.\u00a0<strong>Kosiarka rozdrabniacz<\/strong>\u00a0to kosiarka nap\u0119dzana wa\u0142kiem odbioru mocy z ci\u0105gnika lub innej maszyny, moc z silnika jest przenoszona do przek\u0142adni k\u0105towej, do kt\u00f3rej bezpo\u015brednio przymocowana jest listwa z no\u017cami.<\/p>\n\n\n\n<h3 class=\"wp-block-heading\">Gdzie u\u017cywamy rozdrabniacza do traktora&nbsp;?<\/h3>\n\n\n\n<ul class=\"wp-block-list\">\n<li>w winnicach,<\/li>\n\n\n\n<li>w sadach,<\/li>\n\n\n\n<li>w parkach,<\/li>\n\n\n\n<li>na polach uprawnych,<\/li>\n\n\n\n<li>w gospodarstwa Agro-turystycznych i rekreacyjnych,<\/li>\n\n\n\n<li>na nieu\u017cytkach rolniczych.<\/li>\n<\/ul>\n\n\n\n<h3 class=\"wp-block-heading\">Kosiarka rozdrabniacz&nbsp;KR firmy SANKO<\/h3>\n\n\n\n<p>to urz\u0105dzenie o bardzo masywnej konstrukcji i kt\u00f3re przeznaczone jest do koszenia wysokiej trawy,&nbsp;wykaszania ma\u0142ych samosiejek drzew, cienkich ga\u0142\u0119zi&nbsp;i g\u0119sto zaro\u015bni\u0119tych, nieuprawianych p\u00f3l uprawnych.&nbsp;<strong>Kosiarka ci\u0105gnikowa<\/strong>&nbsp;<strong>rozdrabniacz zawieszany<\/strong>&nbsp;to jedna z najbardziej uniwersalnych kosiarek rolniczych doczepianych do ci\u0105gnika. Tego typu kosiarki znajduj\u0105 zastosowanie we wszystkich ga\u0142\u0119ziach rolnictwa&nbsp;ze wzgl\u0119du na nisk\u0105 mas\u0119 oraz du\u017ce mo\u017cliwo\u015bci \u015bcinania nawet twardych materia\u0142\u00f3w i pozwala u\u017cywa\u0107 kosiarki z ma\u0142ymi ci\u0105gnikami i traktorami o mniejszej mocy (KM). Do czego u\u017cywamy kosiarki typu rozdrabniacz ci\u0105gnikowy?<\/p>\n\n\n\n<ul class=\"wp-block-list\">\n<li>do koszenia wysokiej, stwardnia\u0142ej trawy,\u00a0<\/li>\n\n\n\n<li>do koszenia trzcin,<\/li>\n\n\n\n<li>do koszenia zaro\u015bli,<\/li>\n\n\n\n<li>do koszenia trawy mi\u0119dzy rz\u0119dami winoro\u015bli,<\/li>\n\n\n\n<li>do koszenia trawy pomi\u0119dzy drzewami,<\/li>\n\n\n\n<li>do koszenia du\u017cych powierzchni w parkach,<\/li>\n\n\n\n<li>do wykaszania pozosta\u0142o\u015bci po uprawach ro\u015blinnych,<\/li>\n\n\n\n<li>do koszenia brzeg\u00f3w staw\u00f3w hodowlanych, rekreacyjnych brzeg\u00f3w jezior i rzek.<\/li>\n<\/ul>\n\n\n\n<p>*Zdj\u0119cia pogl\u0105dowe, maszyna wyst\u0119puje w kolorze pomara\u0144czowym lub zielonym.<\/p>\n\n\n\n<h4 class=\"wp-block-heading\">Specyfikacja<\/h4>\n\n\n\n<p>Stan<\/p>\n\n\n\n<p>Nowy<\/p>\n\n\n\n<p>Marka<\/p>\n\n\n\n<p>Sanko<\/p>\n\n\n\n<p>Minimalna wymagana moc ci\u0105gnika (KM HP PS)<\/p>\n\n\n\n<p>13<\/p>\n\n\n\n<p>Szeroko\u015b\u0107 robocza (mm)<\/p>\n\n\n\n<p>970<\/p>\n\n\n\n<p>Liczba no\u017cy (szt.)<\/p>\n\n\n\n<p>2<\/p>\n\n\n\n<p>WOM \/ PTO<\/p>\n\n\n\n<p>540 (rpm)<\/p>\n\n\n\n<p>TUZ<\/p>\n\n\n\n<p>3 &#8211; punktowy<br>KAT I<br>KAT II<\/p>\n\n\n\n<p>D\u0142ugo\u015b\u0107 (mm)<\/p>\n\n\n\n<p>1090<\/p>\n\n\n\n<p>Wysoko\u015b\u0107 (mm)<\/p>\n\n\n\n<p>700<\/p>\n\n\n\n<p>Waga (kg)<\/p>\n\n\n\n<p>97<\/p>\n\n\n\n<p>Szeroko\u015b\u0107 ca\u0142kowita (mm)<\/p>\n\n\n\n<p>1090<\/p>","protected":false},"excerpt":{"rendered":"<div class=\"col-12 col-lg-4 page-product4-desc-single1\">\n<div class=\"title2\">\n<div class=\"col-6 col-sm-6 col-md-6 col-lg-6 single1\">\n<div class=\"single1-sz\">\n<div class=\"ico\">\u00a0<\/div>\n<div class=\"title1\">\n<p>Stan Nowy<\/p>\n<\/div>\n<\/div>\n<\/div>\n<div class=\"col-6 col-sm-6 col-md-6 col-lg-6 single1\">\n<div class=\"single1-sz\">\n<div class=\"title1\">\n<p>Minimalna wymagana moc ci\u0105gnika (KM HP PS) 13<\/p>\n<\/div>\n<\/div>\n<\/div>\n<div class=\"col-6 col-sm-6 col-md-6 col-lg-6 single1\">\n<div class=\"single1-sz\">\n<div class=\"title1\">\n<p>Szeroko\u015b\u0107 robocza (mm) 970<\/p>\n<\/div>\n<\/div>\n<\/div>\n<div class=\"col-6 col-sm-6 col-md-6 col-lg-6 single1\">\n<div class=\"single1-sz\">\n<div class=\"title1\">\n<p>Liczba no\u017cy (szt.) 2<\/p>\n<\/div>\n<\/div>\n<\/div>\n<div class=\"col-6 col-sm-6 col-md-6 col-lg-6 single1\">\n<div class=\"single1-sz\">\n<div class=\"title1\">\n<p>Waga (kg) 97<\/p>\n<\/div>\n<\/div>\n<\/div>\n<\/div>\n<\/div>","protected":false},"featured_media":7345,"comment_status":"open","ping_status":"closed","template":"","meta":[],"product_brand":[75],"product_cat":[60],"product_tag":[],"class_list":{"0":"post-7341","1":"product","2":"type-product","3":"status-publish","4":"has-post-thumbnail","6":"product_brand-sanko","7":"product_cat-kosiarki-rolnicze","9":"first","10":"instock","11":"shipping-taxable","12":"purchasable","13":"product-type-simple"},"_links":{"self":[{"href":"https:\/\/plmaszyny.online\/en\/wp-json\/wp\/v2\/product\/7341","targetHints":{"allow":["GET"]}}],"collection":[{"href":"https:\/\/plmaszyny.online\/en\/wp-json\/wp\/v2\/product"}],"about":[{"href":"https:\/\/plmaszyny.online\/en\/wp-json\/wp\/v2\/types\/product"}],"replies":[{"embeddable":true,"href":"https:\/\/plmaszyny.online\/en\/wp-json\/wp\/v2\/comments?post=7341"}],"wp:featuredmedia":[{"embeddable":true,"href":"https:\/\/plmaszyny.online\/en\/wp-json\/wp\/v2\/media\/7345"}],"wp:attachment":[{"href":"https:\/\/plmaszyny.online\/en\/wp-json\/wp\/v2\/media?parent=7341"}],"wp:term":[{"taxonomy":"product_brand","embeddable":true,"href":"https:\/\/plmaszyny.online\/en\/wp-json\/wp\/v2\/product_brand?post=7341"},{"taxonomy":"product_cat","embeddable":true,"href":"https:\/\/plmaszyny.online\/en\/wp-json\/wp\/v2\/product_cat?post=7341"},{"taxonomy":"product_tag","embeddable":true,"href":"https:\/\/plmaszyny.online\/en\/wp-json\/wp\/v2\/product_tag?post=7341"}],"curies":[{"name":"wp","href":"https:\/\/api.w.org\/{rel}","templated":true}]}}