{"id":7334,"date":"2026-02-23T21:26:44","date_gmt":"2026-02-23T21:26:44","guid":{"rendered":"https:\/\/plmaszyny.online\/?post_type=product&#038;p=7334"},"modified":"2026-02-26T14:55:23","modified_gmt":"2026-02-26T14:55:23","slug":"kosiarka-rotacyjna-bebnowa-w-415-4farmer","status":"publish","type":"product","link":"https:\/\/plmaszyny.online\/en\/product\/kosiarka-rotacyjna-bebnowa-w-415-4farmer\/","title":{"rendered":"Kosiarka rotacyjna b\u0119bnowa W-415 4FARMER"},"content":{"rendered":"<h4 class=\"wp-block-heading\">Do czego u\u017cywamy kosiarki rotacyjnej?<\/h4>\n\n\n\n<ul class=\"wp-block-list\">\n<li>do koszenia \u0142\u0105ki,<\/li>\n\n\n\n<li>do koszenia wysokiej trawy<\/li>\n\n\n\n<li>do koszenia masy zielonej,<\/li>\n\n\n\n<li>do precyzyjnego wykaszania traw w sadach,<\/li>\n\n\n\n<li>do koszenia w nier\u00f3wnym terenie,<\/li>\n\n\n\n<li>do koszenia\u00a0traw,\u00a0gdzie pokos s\u0142u\u017cy jako pasza dla zwierz\u0105t.<\/li>\n<\/ul>\n\n\n\n<h3 class=\"wp-block-heading\">Kosiarka b\u0119bnowa typu rotacyjnego w wersji mini?<\/h3>\n\n\n\n<p><strong>Kosiarka rotacyjna<\/strong>&nbsp;to jedna z wielu rodzaj\u00f3w kosiarek wykorzystywanych w rolnictwie do koszenia ro\u015blin zielonych i jest to&nbsp;<strong>kosiarka ci\u0105gnikowa<\/strong>, kt\u00f3r\u0105 zawieszamy na tylny TUZ ci\u0105gnika.&nbsp;<strong>Kosiarki rotacyjne<\/strong>&nbsp;dzielimy na dwie zasadnicze grupy:<\/p>\n\n\n\n<ul class=\"wp-block-list\">\n<li>kosiarka b\u0119bnowa,<\/li>\n\n\n\n<li>kosiarka dyskowa.<\/li>\n<\/ul>\n\n\n\n<p><strong>Kosiark\u0119 b\u0119bnow\u0105<\/strong>&nbsp;cechuje prosta budowa i uniwersalno\u015b\u0107 zastosowa\u0144. W&nbsp;<strong>kosiarce b\u0119bnowej<\/strong>&nbsp;nap\u0119d przekazywany jest poprzez przek\u0142adni\u0119 k\u0105tow\u0105, kt\u00f3ra umieszczona jest w g\u00f3rnej cz\u0119\u015bci maszyny. W dolnej cz\u0119\u015bci b\u0119bn\u00f3w znajduj\u0105 si\u0119 obracaj\u0105ce si\u0119 swobodnie talerze \u015blizgowe. Ustalaj\u0105 one wysoko\u015b\u0107 ci\u0119cia i s\u0105 elementem kopiuj\u0105cym powierzchni\u0119 terenu. Natomiast w przypadku&nbsp;<strong>kosiarek dyskowych<\/strong>&nbsp;g\u0142\u00f3wnym elementem roboczym nie s\u0105 b\u0119bny, lecz belka tn\u0105ca z\u0142o\u017cona z kilku dysk\u00f3w mocowanych na ramie w kt\u00f3rej, znajduje si\u0119 uk\u0142ad przeniesienia nap\u0119du.<\/p>\n\n\n\n<h3 class=\"wp-block-heading\">Wady i zalety kosiarki rotacyjnej!<\/h3>\n\n\n\n<p><strong>Kosiarka rotacyjna b\u0119bnowa<\/strong>&nbsp;to kosiarka, kt\u00f3ra posiada bardzo prost\u0105 konstrukcj\u0119 i do prawid\u0142owego dzia\u0142ania potrzebuje du\u017cej mocy, co przek\u0142ada si\u0119 na \u201emoc koszenia&#8221;. Zalety kosiarki b\u0119bnowej typu rotacyjnego to \u0142atwy dost\u0119p serwisowy do wszystkich element\u00f3w mechanicznych np. wymiana no\u017cy, a jedna z niewielu wad to masa w\u0142asna, do\u015b\u0107 wysoka jak na tego typu konstrukcje. No\u017ce kosiarki rotacyjnej b\u0119bnowej obracaj\u0105 si\u0119 w p\u0142aszczy\u017anie poziomej i umieszczone s\u0105 w obracaj\u0105cych si\u0119 b\u0119bnach w p\u0142aszczy\u017anie r\u00f3wnoleg\u0142ej do ziemi. Dzi\u0119ki zastosowaniu konstrukcji b\u0119bnowej tego typu kosiarka rzadko si\u0119 zapycha i pozwala na prac\u0119 nawet w trudno dost\u0119pnym nier\u00f3wnym terenie.<\/p>\n\n\n\n<h2 class=\"wp-block-heading\">Kosiarka rotacyjna do ci\u0105gnika&nbsp;o mocy 25&nbsp;KM<\/h2>\n\n\n\n<p><strong>Kosiarka b\u0119bnowa<\/strong>&nbsp;<strong>W-415 4FARMER<\/strong>&nbsp;to idealne rozwi\u0105zanie dla os\u00f3b, kt\u00f3re posiadaj\u0105 rozleg\u0142y teren do koszenia oraz dla w\u0142a\u015bcicieli gospodarstw gdzie skoszona trawa przeznaczana jest na pasz\u0119 dla zwierz\u0105t. Kosiarka&nbsp;<strong>W-415 4FARMER<\/strong>&nbsp;to wersja mini kosiarki rotacyjnej, b\u0119bnowej nap\u0119dzanej WOM ci\u0105gnika.&nbsp;<strong>Kosiarka rotacyjna<\/strong>&nbsp;jest zawieszana na tylny TUZ traktora&nbsp;<strong>Kat I,&nbsp;<\/strong>a moc z wa\u0142ka WOM przekazywana jest na no\u017ce tn\u0105ce z wykorzystaniem wa\u0142k\u00f3w i z\u0119batek sto\u017ckowych.&nbsp;<strong>Mini kosiarka rotacyjna<\/strong>&nbsp;przeznaczona jest do&nbsp;traktork\u00f3w o minimalnej wymaganej mocy 25 KM. Posiada mo\u017cliwo\u015b\u0107 z\u0142o\u017cenia w celach transportowych.<\/p>\n\n\n\n<p><strong>Najwa\u017cniejsze cechy i wymiary kosiarki W-415 4FARMER<\/strong><\/p>\n\n\n\n<ul class=\"wp-block-list\">\n<li>szeroko\u015b\u0107 robocza: 1000 mm,<\/li>\n\n\n\n<li>szeroko\u015b\u0107 transportowa: 700 mm,<\/li>\n\n\n\n<li>d\u0142ugo\u015b\u0107 transportowa: 2100 mm,<\/li>\n\n\n\n<li>wysoko\u015b\u0107: 750 mm,<\/li>\n\n\n\n<li>zalecana pr\u0119dko\u015b\u0107 wa\u0142ka WOM\/PTO:\u00a0 540 obr\/min,<\/li>\n\n\n\n<li>liczba no\u017cy: 6,<\/li>\n\n\n\n<li>masa: 135 kg.<\/li>\n<\/ul>\n\n\n\n<h4 class=\"wp-block-heading\">Specyfikacja<\/h4>\n\n\n\n<p>Stan<\/p>\n\n\n\n<p>Nowy<\/p>\n\n\n\n<p>Marka<\/p>\n\n\n\n<p>4Farmer<\/p>\n\n\n\n<p>Minimalna wymagana moc ci\u0105gnika (KM HP PS)<\/p>\n\n\n\n<p>25<\/p>\n\n\n\n<p>Szeroko\u015b\u0107 robocza (mm)<\/p>\n\n\n\n<p>1000<\/p>\n\n\n\n<p>Liczba no\u017cy (szt.)<\/p>\n\n\n\n<p>6<\/p>\n\n\n\n<p>TUZ<\/p>\n\n\n\n<p>3 &#8211; punktowy<br>KAT I<\/p>\n\n\n\n<p>Wysoko\u015b\u0107 (mm)<\/p>\n\n\n\n<p>750<\/p>\n\n\n\n<p>D\u0142ugo\u015b\u0107 ca\u0142kowita (mm)<\/p>\n\n\n\n<p>2100<\/p>\n\n\n\n<p>Waga (kg)<\/p>\n\n\n\n<p>135<\/p>\n\n\n\n<p>Szeroko\u015b\u0107 transportowa (mm)<\/p>\n\n\n\n<p>700<\/p>","protected":false},"excerpt":{"rendered":"<div class=\"col-12 col-lg-4 page-product4-desc-single1\">\n<div class=\"title2\">\n<div class=\"col-6 col-sm-6 col-md-6 col-lg-6 single1\">\n<div class=\"single1-sz\">\n<div class=\"ico\">\u00a0<\/div>\n<div class=\"title1\">\n<p>Stan Nowy<\/p>\n<\/div>\n<\/div>\n<\/div>\n<div class=\"col-6 col-sm-6 col-md-6 col-lg-6 single1\">\n<div class=\"single1-sz\">\n<div class=\"title1\">\n<p>Minimalna wymagana moc ci\u0105gnika (KM HP PS) 25<\/p>\n<\/div>\n<\/div>\n<\/div>\n<div class=\"col-6 col-sm-6 col-md-6 col-lg-6 single1\">\n<div class=\"single1-sz\">\n<div class=\"title1\">\n<p>Szeroko\u015b\u0107 robocza (mm) 1000<\/p>\n<\/div>\n<\/div>\n<\/div>\n<div class=\"col-6 col-sm-6 col-md-6 col-lg-6 single1\">\n<div class=\"single1-sz\">\n<div class=\"title1\">\n<p>Liczba no\u017cy (szt.) 6<\/p>\n<\/div>\n<\/div>\n<\/div>\n<div class=\"col-6 col-sm-6 col-md-6 col-lg-6 single1\">\n<div class=\"single1-sz\">\n<div class=\"title1\">\n<p>Waga (kg) 135<\/p>\n<\/div>\n<\/div>\n<\/div>\n<\/div>\n<\/div>","protected":false},"featured_media":7335,"comment_status":"open","ping_status":"closed","template":"","meta":[],"product_brand":[68],"product_cat":[60],"product_tag":[],"class_list":{"0":"post-7334","1":"product","2":"type-product","3":"status-publish","4":"has-post-thumbnail","6":"product_brand-4farmer","7":"product_cat-kosiarki-rolnicze","9":"first","10":"instock","11":"shipping-taxable","12":"purchasable","13":"product-type-simple"},"_links":{"self":[{"href":"https:\/\/plmaszyny.online\/en\/wp-json\/wp\/v2\/product\/7334","targetHints":{"allow":["GET"]}}],"collection":[{"href":"https:\/\/plmaszyny.online\/en\/wp-json\/wp\/v2\/product"}],"about":[{"href":"https:\/\/plmaszyny.online\/en\/wp-json\/wp\/v2\/types\/product"}],"replies":[{"embeddable":true,"href":"https:\/\/plmaszyny.online\/en\/wp-json\/wp\/v2\/comments?post=7334"}],"wp:featuredmedia":[{"embeddable":true,"href":"https:\/\/plmaszyny.online\/en\/wp-json\/wp\/v2\/media\/7335"}],"wp:attachment":[{"href":"https:\/\/plmaszyny.online\/en\/wp-json\/wp\/v2\/media?parent=7334"}],"wp:term":[{"taxonomy":"product_brand","embeddable":true,"href":"https:\/\/plmaszyny.online\/en\/wp-json\/wp\/v2\/product_brand?post=7334"},{"taxonomy":"product_cat","embeddable":true,"href":"https:\/\/plmaszyny.online\/en\/wp-json\/wp\/v2\/product_cat?post=7334"},{"taxonomy":"product_tag","embeddable":true,"href":"https:\/\/plmaszyny.online\/en\/wp-json\/wp\/v2\/product_tag?post=7334"}],"curies":[{"name":"wp","href":"https:\/\/api.w.org\/{rel}","templated":true}]}}