{"id":7332,"date":"2026-02-23T21:10:09","date_gmt":"2026-02-23T21:10:09","guid":{"rendered":"https:\/\/plmaszyny.online\/?post_type=product&#038;p=7332"},"modified":"2026-02-26T14:55:44","modified_gmt":"2026-02-26T14:55:44","slug":"kosiarka-rotacyjna-bebnowa-z-178-1-1-100-cm-lisicki","status":"publish","type":"product","link":"https:\/\/plmaszyny.online\/en\/product\/kosiarka-rotacyjna-bebnowa-z-178-1-1-100-cm-lisicki\/","title":{"rendered":"Kosiarka rotacyjna b\u0119bnowa Z-178\/1\/1 100 cm Lisicki"},"content":{"rendered":"<p>Wyb\u00f3r&nbsp;<strong>maszyn rolniczych<\/strong>&nbsp;pomagaj\u0105cych w utrzymaniu teren\u00f3w zielonych staje si\u0119 coraz wi\u0119kszy. Obecnie mo\u017cemy wybra\u0107, jak chcemy kosi\u0107 \u0142\u0105ki, nieu\u017cytki, tereny zielone, a tak\u017ce co chcemy zrobi\u0107 ze skoszon\u0105 traw\u0105.<\/p>\n\n\n\n<h2 class=\"wp-block-heading\">Jaka kosiarka do wysokich traw?<\/h2>\n\n\n\n<p>Najlepszy&nbsp;<strong>wyb\u00f3r kosiarki<\/strong>&nbsp;to taki, kt\u00f3ry b\u0119dzie bra\u0142 pod uwag\u0119 to, co chcemy kosi\u0107, z jakimi terenami b\u0119dzie mia\u0142a styczno\u015b\u0107 nasza maszyna. Do wykaszania wysokiej trawy, \u0142\u0105k, zielonek nisko\u0142odygowych np. lucerny zbieranych do bezpo\u015bredniego skarmiana lub dalszej przer\u00f3bki, rozleg\u0142ych teren\u00f3w najlepiej nadaj\u0105 si\u0119&nbsp;<strong>kosiarki b\u0119bnowe<\/strong>&nbsp;inaczej&nbsp;<strong>kosiarki rotacyjne<\/strong>. Kosiarka b\u0119bnowa mo\u017ce pracowa\u0107 na nier\u00f3wno\u015bciach o nachyleniu terenu nieprzekraczaj\u0105cym 12\u00b0. Sam teren musi by\u0107 wolny od kamieni, ga\u0142\u0119zi, samosiejek czy kretowisk. Jest to podstawowa r\u00f3\u017cnica mi\u0119dzy kosiark\u0105 bijakow\u0105, a kosiark\u0105 rotacyjn\u0105.&nbsp;<\/p>\n\n\n\n<p><strong>Kosiarka rotacyjna<\/strong>&nbsp;dzi\u0119ki swojej budowie i systemowi pracy pozwala na prace w trudnych warunkach, ale tak\u017ce umo\u017cliwia wi\u0119kszy zasi\u0119g pracy oraz precyzyjne dopasowanie wzgl\u0119dem ukszta\u0142towania terenu.&nbsp;<strong>Kosiarka do ci\u0105gnika b\u0119bnowa<\/strong>&nbsp;jak nazwa wskazuje, zbudowana jest z dw\u00f3ch b\u0119bn\u00f3w, kt\u00f3re obracaj\u0105 si\u0119 wok\u00f3\u0142 w\u0142asnej osi, a jej cz\u0119\u015bci\u0105 tn\u0105c\u0105 s\u0105 ostre no\u017ce znajduj\u0105ce si\u0119 w b\u0119bnie. Ilo\u015b\u0107 no\u017cy zale\u017cna jest od rozmiaru kosiarki. Trawy przecinane s\u0105 w chwili szybkiego uderzenia ich no\u017cem. \u015arednica talerza roboczego jest r\u00f3wnoznaczna z szeroko\u015bci\u0105 koszenia,&nbsp;oczywi\u015bcie&nbsp;liczymy j\u0105 podw\u00f3jnie z racji wyposa\u017cenia kosiarki w dwa talerze. Wysoko\u015b\u0107 koszenia kosiarki jest ustawiona przez producenta na 32mm, natomiast jest ona regulowana do 40mm oraz 44 mm. Regulacja wysoko\u015bci koszenia odbywa si\u0119 za pomoc\u0105 pier\u015bcienia dystansowego, kt\u00f3ry umieszczony jest na b\u0119bnie roboczym mi\u0119dzy piast\u0105, a talerzem roboczym. Szeroko\u015b\u0107 robocza wynosi 100 cm.<\/p>\n\n\n\n<h3 class=\"wp-block-heading\">Warunkiem prawid\u0142owej pracy maszyny jest odpowiednie dobranie jej wielko\u015bci do mocy i masy ci\u0105gnika.<\/h3>\n\n\n\n<h4 class=\"wp-block-heading\">Specyfikacja<\/h4>\n\n\n\n<p>Stan<\/p>\n\n\n\n<p>Nowy<\/p>\n\n\n\n<p>Marka<\/p>\n\n\n\n<p>Lisicki<\/p>\n\n\n\n<p>Minimalna wymagana moc ci\u0105gnika (KM HP PS)<\/p>\n\n\n\n<p>15<\/p>\n\n\n\n<p>Szeroko\u015b\u0107 robocza (mm)<\/p>\n\n\n\n<p>1000<\/p>\n\n\n\n<p>Wysoko\u015b\u0107 koszenia (mm)<\/p>\n\n\n\n<p>32 \/ 40 \/ 44<\/p>\n\n\n\n<p>Liczba no\u017cy (szt.)<\/p>\n\n\n\n<p>6<\/p>\n\n\n\n<p>WOM \/ PTO<\/p>\n\n\n\n<p>540 (rpm)<\/p>\n\n\n\n<p>TUZ<\/p>\n\n\n\n<p>3 &#8211; punktowy<br>KAT I<\/p>\n\n\n\n<p>D\u0142ugo\u015b\u0107 (mm)<\/p>\n\n\n\n<p>2070<\/p>\n\n\n\n<p>Wysoko\u015b\u0107 (mm)<\/p>\n\n\n\n<p>830<\/p>\n\n\n\n<p>\u015arednica talerza (mm)<\/p>\n\n\n\n<p>460<\/p>\n\n\n\n<p>Waga (kg)<\/p>\n\n\n\n<p>100<\/p>\n\n\n\n<p>Pr\u0119dko\u015b\u0107 transportowa (km\/h)<\/p>\n\n\n\n<p>15<\/p>\n\n\n\n<p>Pr\u0119dko\u015b\u0107 robocza (km\/h)<\/p>\n\n\n\n<p>8<\/p>\n\n\n\n<p>Liczba b\u0119bn\u00f3w roboczych (szt.)<\/p>\n\n\n\n<p>2<\/p>\n\n\n\n<p>Pr\u0119dko\u015b\u0107 obrotowa b\u0119bn\u00f3w (obr\/min)<\/p>\n\n\n\n<p>2000 &#8211; 3700<\/p>\n\n\n\n<p>Prze\u015bwit transportowy (mm)<\/p>\n\n\n\n<p>250 &#8211; 400<\/p>\n\n\n\n<p>D\u0142ugo\u015b\u0107 ramy \u015brodkowej (mm)<\/p>\n\n\n\n<p>850<\/p>","protected":false},"excerpt":{"rendered":"<div class=\"col-12 col-lg-4 page-product4-desc-single1\">\n<div class=\"title1\">\n<div class=\"col-6 col-sm-6 col-md-6 col-lg-6 single1\">\n<div class=\"single1-sz\">\n<div class=\"ico\">\u00a0<\/div>\n<div class=\"title1\">\n<p>Stan Nowy<\/p>\n<\/div>\n<\/div>\n<\/div>\n<div class=\"col-6 col-sm-6 col-md-6 col-lg-6 single1\">\n<div class=\"single1-sz\">\n<div class=\"title1\">\n<p>Minimalna wymagana moc ci\u0105gnika (KM HP PS) 15<\/p>\n<\/div>\n<\/div>\n<\/div>\n<div class=\"col-6 col-sm-6 col-md-6 col-lg-6 single1\">\n<div class=\"single1-sz\">\n<div class=\"title1\">\n<p>Szeroko\u015b\u0107 robocza (mm) 1000<\/p>\n<\/div>\n<\/div>\n<\/div>\n<div class=\"col-6 col-sm-6 col-md-6 col-lg-6 single1\">\n<div class=\"single1-sz\">\n<div class=\"title1\">\n<p>Liczba no\u017cy (szt.) 6<\/p>\n<\/div>\n<\/div>\n<\/div>\n<div class=\"col-6 col-sm-6 col-md-6 col-lg-6 single1\">\n<div class=\"single1-sz\">\n<div class=\"title1\">\n<p>Waga (kg) 100<\/p>\n<\/div>\n<\/div>\n<\/div>\n<\/div>\n<\/div>","protected":false},"featured_media":7333,"comment_status":"open","ping_status":"closed","template":"","meta":[],"product_brand":[74],"product_cat":[60],"product_tag":[],"class_list":{"0":"post-7332","1":"product","2":"type-product","3":"status-publish","4":"has-post-thumbnail","6":"product_brand-lisicki","7":"product_cat-kosiarki-rolnicze","9":"first","10":"instock","11":"shipping-taxable","12":"purchasable","13":"product-type-simple"},"_links":{"self":[{"href":"https:\/\/plmaszyny.online\/en\/wp-json\/wp\/v2\/product\/7332","targetHints":{"allow":["GET"]}}],"collection":[{"href":"https:\/\/plmaszyny.online\/en\/wp-json\/wp\/v2\/product"}],"about":[{"href":"https:\/\/plmaszyny.online\/en\/wp-json\/wp\/v2\/types\/product"}],"replies":[{"embeddable":true,"href":"https:\/\/plmaszyny.online\/en\/wp-json\/wp\/v2\/comments?post=7332"}],"wp:featuredmedia":[{"embeddable":true,"href":"https:\/\/plmaszyny.online\/en\/wp-json\/wp\/v2\/media\/7333"}],"wp:attachment":[{"href":"https:\/\/plmaszyny.online\/en\/wp-json\/wp\/v2\/media?parent=7332"}],"wp:term":[{"taxonomy":"product_brand","embeddable":true,"href":"https:\/\/plmaszyny.online\/en\/wp-json\/wp\/v2\/product_brand?post=7332"},{"taxonomy":"product_cat","embeddable":true,"href":"https:\/\/plmaszyny.online\/en\/wp-json\/wp\/v2\/product_cat?post=7332"},{"taxonomy":"product_tag","embeddable":true,"href":"https:\/\/plmaszyny.online\/en\/wp-json\/wp\/v2\/product_tag?post=7332"}],"curies":[{"name":"wp","href":"https:\/\/api.w.org\/{rel}","templated":true}]}}