{"id":7330,"date":"2026-02-23T21:06:02","date_gmt":"2026-02-23T21:06:02","guid":{"rendered":"https:\/\/plmaszyny.online\/?post_type=product&#038;p=7330"},"modified":"2026-02-26T14:57:15","modified_gmt":"2026-02-26T14:57:15","slug":"kosiarka-rotacyjna-mini-l100-trx","status":"publish","type":"product","link":"https:\/\/plmaszyny.online\/en\/product\/kosiarka-rotacyjna-mini-l100-trx\/","title":{"rendered":"Kosiarka rotacyjna MINI L100 TRX"},"content":{"rendered":"<h4 class=\"wp-block-heading\">Do czego u\u017cywamy kosiarki rotacyjnej?<\/h4>\n\n\n\n<ul class=\"wp-block-list\">\n<li>do koszenia \u0142\u0105ki,<\/li>\n\n\n\n<li>do koszenia wysokiej trawy<\/li>\n\n\n\n<li>do koszenia masy zielonej,<\/li>\n\n\n\n<li>do precyzyjnego wykaszania traw w sadach,<\/li>\n\n\n\n<li>do koszenia w nier\u00f3wnym terenie,<\/li>\n\n\n\n<li>do koszenia\u00a0traw,\u00a0gdzie pokos s\u0142u\u017cy jako pasza dla zwierz\u0105t.<\/li>\n<\/ul>\n\n\n\n<h3 class=\"wp-block-heading\">Kosiarka b\u0119bnowa typu rotacyjnego w wersji mini?<\/h3>\n\n\n\n<p><strong>Kosiarka rotacyjna<\/strong>&nbsp;to jedna z wielu rodzaj\u00f3w kosiarek wykorzystywanych w rolnictwie do koszenia ro\u015blin zielonych i jest to&nbsp;<strong>kosiarka ci\u0105gnikowa<\/strong>, kt\u00f3r\u0105 zawieszamy na tylny TUZ ci\u0105gnika.&nbsp;<strong>Kosiarki rotacyjne<\/strong>&nbsp;dzielimy na dwie zasadnicze grupy:<\/p>\n\n\n\n<ul class=\"wp-block-list\">\n<li>kosiarka b\u0119bnowa,<\/li>\n\n\n\n<li>kosiarka dyskowa.<\/li>\n<\/ul>\n\n\n\n<p><strong>Kosiark\u0119 b\u0119bnow\u0105<\/strong>&nbsp;cechuje prosta budowa i uniwersalno\u015b\u0107 zastosowa\u0144. W&nbsp;<strong>kosiarce b\u0119bnowej<\/strong>&nbsp;nap\u0119d przekazywany jest poprzez przek\u0142adni\u0119 k\u0105tow\u0105, kt\u00f3ra umieszczona jest w g\u00f3rnej cz\u0119\u015bci maszyny. W dolnej cz\u0119\u015bci b\u0119bn\u00f3w znajduj\u0105 si\u0119 obracaj\u0105ce si\u0119 swobodnie talerze \u015blizgowe. Ustalaj\u0105 one wysoko\u015b\u0107 ci\u0119cia i s\u0105 elementem kopiuj\u0105cym powierzchni\u0119 terenu. Natomiast w przypadku&nbsp;<strong>kosiarek dyskowych<\/strong>&nbsp;g\u0142\u00f3wnym elementem roboczym nie s\u0105 b\u0119bny, lecz belka tn\u0105ca z\u0142o\u017cona z kilku dysk\u00f3w mocowanych na ramie w kt\u00f3rej, znajduje si\u0119 uk\u0142ad przeniesienia nap\u0119du.<\/p>\n\n\n\n<h4 class=\"wp-block-heading\">Specyfikacja<\/h4>\n\n\n\n<p>Stan<\/p>\n\n\n\n<p>Nowy<\/p>\n\n\n\n<p>Marka<\/p>\n\n\n\n<p>TRX<\/p>\n\n\n\n<p>Minimalna wymagana moc ci\u0105gnika (KM HP PS)<\/p>\n\n\n\n<p>16<\/p>\n\n\n\n<p>Szeroko\u015b\u0107 robocza (mm)<\/p>\n\n\n\n<p>1000<\/p>\n\n\n\n<p>WOM \/ PTO<\/p>\n\n\n\n<p>540 (rpm)<\/p>\n\n\n\n<p>Waga (kg)<\/p>\n\n\n\n<p>157<\/p>\n\n\n\n<p>Liczba b\u0119bn\u00f3w roboczych (szt.)<\/p>\n\n\n\n<p>2<\/p>","protected":false},"excerpt":{"rendered":"<div class=\"col-12 col-lg-4 page-product4-desc-single1\">\n<div class=\"title2\">\n<div class=\"col-6 col-sm-6 col-md-6 col-lg-6 single1\">\n<div class=\"single1-sz\">\n<div class=\"ico\">Stan Nowy<\/div>\n<\/div>\n<\/div>\n<div class=\"col-6 col-sm-6 col-md-6 col-lg-6 single1\">\n<div class=\"single1-sz\">\n<div class=\"title1\">\n<p>Minimalna wymagana moc ci\u0105gnika (KM HP PS) 16<\/p>\n<\/div>\n<\/div>\n<\/div>\n<div class=\"col-6 col-sm-6 col-md-6 col-lg-6 single1\">\n<div class=\"single1-sz\">\n<div class=\"title1\">\n<p>Szeroko\u015b\u0107 robocza (mm) 1000<\/p>\n<\/div>\n<\/div>\n<\/div>\n<div class=\"col-6 col-sm-6 col-md-6 col-lg-6 single1\">\n<div class=\"single1-sz\">\n<div class=\"title1\">\n<p>Waga (kg) 157<\/p>\n<\/div>\n<\/div>\n<\/div>\n<\/div>\n<\/div>","protected":false},"featured_media":7331,"comment_status":"open","ping_status":"closed","template":"","meta":[],"product_brand":[72],"product_cat":[60],"product_tag":[],"class_list":{"0":"post-7330","1":"product","2":"type-product","3":"status-publish","4":"has-post-thumbnail","6":"product_brand-trx","7":"product_cat-kosiarki-rolnicze","9":"first","10":"instock","11":"shipping-taxable","12":"purchasable","13":"product-type-simple"},"_links":{"self":[{"href":"https:\/\/plmaszyny.online\/en\/wp-json\/wp\/v2\/product\/7330","targetHints":{"allow":["GET"]}}],"collection":[{"href":"https:\/\/plmaszyny.online\/en\/wp-json\/wp\/v2\/product"}],"about":[{"href":"https:\/\/plmaszyny.online\/en\/wp-json\/wp\/v2\/types\/product"}],"replies":[{"embeddable":true,"href":"https:\/\/plmaszyny.online\/en\/wp-json\/wp\/v2\/comments?post=7330"}],"wp:featuredmedia":[{"embeddable":true,"href":"https:\/\/plmaszyny.online\/en\/wp-json\/wp\/v2\/media\/7331"}],"wp:attachment":[{"href":"https:\/\/plmaszyny.online\/en\/wp-json\/wp\/v2\/media?parent=7330"}],"wp:term":[{"taxonomy":"product_brand","embeddable":true,"href":"https:\/\/plmaszyny.online\/en\/wp-json\/wp\/v2\/product_brand?post=7330"},{"taxonomy":"product_cat","embeddable":true,"href":"https:\/\/plmaszyny.online\/en\/wp-json\/wp\/v2\/product_cat?post=7330"},{"taxonomy":"product_tag","embeddable":true,"href":"https:\/\/plmaszyny.online\/en\/wp-json\/wp\/v2\/product_tag?post=7330"}],"curies":[{"name":"wp","href":"https:\/\/api.w.org\/{rel}","templated":true}]}}