{"id":7328,"date":"2026-02-23T20:56:53","date_gmt":"2026-02-23T20:56:53","guid":{"rendered":"https:\/\/plmaszyny.online\/?post_type=product&#038;p=7328"},"modified":"2026-02-26T14:57:29","modified_gmt":"2026-02-26T14:57:29","slug":"kosiarka-pielegnacyjna-fmk-180-4farmer-pomaranczowa","status":"publish","type":"product","link":"https:\/\/plmaszyny.online\/en\/product\/kosiarka-pielegnacyjna-fmk-180-4farmer-pomaranczowa\/","title":{"rendered":"Kosiarka piel\u0119gnacyjna FMK 180 4FARMER &#8211; pomara\u0144czowa"},"content":{"rendered":"<p>Kosiarek piel\u0119gnacyjnych typu&nbsp;<strong>FMK<\/strong>&nbsp;u\u017cywamy&nbsp;<strong>do koszenia du\u017cych powierzchni<\/strong>&nbsp;i kiedy zale\u017cy nam na \u0142adnie \u015bci\u0119tej trawie.&nbsp;<strong>Kosiarka piel\u0119gnacyjna FMK 180 \u2013 pomara\u0144czowa<\/strong>&nbsp;typu piel\u0119gnacyjnego s\u0142u\u017cy g\u0142\u00f3wnie&nbsp;<strong>do koszenia zielonej trawy<\/strong>, ale mo\u017cna ni\u0105 tez kosi\u0107 niewielkie nieu\u017cytki, pami\u0119taj\u0105c, \u017ceby usun\u0105\u0107 z koszonych powierzchni twarde elementy lub przeszkody mechaniczne, kt\u00f3re mog\u0105 uszkodzi\u0107 no\u017ce kosiarki lub sam\u0105 kosiark\u0119.<\/p>\n\n\n\n<p><strong>Kosiarka piel\u0119gnacyjna FMK 180&nbsp;<\/strong>to kosiarka&nbsp;idealna, kiedy trawnik ma sta\u0107 si\u0119 r\u00f3wny jak boisko pi\u0142karskie.&nbsp;Kosiarka doczepiana jest do ci\u0105gnika na&nbsp;<strong>3-punktowy system tylnego zawieszenia TUZ<\/strong>&nbsp; i jest nap\u0119dzana wa\u0142kiem odbioru mocy&nbsp;<strong>WOM\/PTO<\/strong>&nbsp;ci\u0105gnika (zalecane obroty&nbsp;<strong>540 obr\/min<\/strong>). Kosiarka posiada&nbsp;<strong>3 no\u017ce tn\u0105ce<\/strong>, dodatkowo mocn\u0105 przek\u0142adni\u0119 k\u0105tow\u0105 oraz&nbsp;<strong>cztery ko\u0142a podporowe.&nbsp;&nbsp;<\/strong>Opr\u00f3cz jazdy, s\u0142u\u017c\u0105 one r\u00f3wnie\u017c do regulacji wysoko\u015bci koszenia.<\/p>\n\n\n\n<p>Szeroko\u015b\u0107 koszenia kosiarki piel\u0119gnacyjnej&nbsp;<strong>FMK 180<\/strong>&nbsp;to 180 cm. Kosiarka dedykowana jest dla ci\u0105gnik\u00f3w o minimalnej mocy&nbsp;<strong>28 KM<\/strong><\/p>\n\n\n\n<p>*Zdj\u0119cia pogl\u0105dowe modelu FMK 150<strong><\/strong><\/p>\n\n\n\n<h4 class=\"wp-block-heading\">Specyfikacja<\/h4>\n\n\n\n<p>Stan<\/p>\n\n\n\n<p>Nowy<\/p>\n\n\n\n<p>Minimalna wymagana moc ci\u0105gnika (KM HP PS)<\/p>\n\n\n\n<p>28<\/p>\n\n\n\n<p>Szeroko\u015b\u0107 koszenia (mm)<\/p>\n\n\n\n<p>1800<\/p>\n\n\n\n<p>Liczba no\u017cy (szt.)<\/p>\n\n\n\n<p>3<\/p>\n\n\n\n<p>WOM \/ PTO<\/p>\n\n\n\n<p>540 (rpm)<\/p>\n\n\n\n<p>Ilo\u015b\u0107 pask\u00f3w klinowych<\/p>\n\n\n\n<p>2<\/p>\n\n\n\n<p>D\u0142ugo\u015b\u0107 (mm)<\/p>\n\n\n\n<p>1220<\/p>\n\n\n\n<p>Wysoko\u015b\u0107 (mm)<\/p>\n\n\n\n<p>720<\/p>\n\n\n\n<p>Szeroko\u015b\u0107 (mm)<\/p>\n\n\n\n<p>1900<\/p>\n\n\n\n<p>Waga (kg)<\/p>\n\n\n\n<p>206<\/p>\n\n\n\n<p>Przek\u0142adnia k\u0105towa<\/p>\n\n\n\n<p>2:83<\/p>\n\n\n\n<p>\u015arednica sworzni (mm)<\/p>\n\n\n\n<p>22<\/p>","protected":false},"excerpt":{"rendered":"<div class=\"col-12 col-lg-4 page-product4-desc-single1\">\n<div class=\"title2\">\n<div class=\"col-6 col-sm-6 col-md-6 col-lg-6 single1\">\n<div class=\"single1-sz\">\n<div class=\"ico\">\u00a0<\/div>\n<div class=\"title1\">\n<p>Stan Nowy<\/p>\n<\/div>\n<\/div>\n<\/div>\n<div class=\"col-6 col-sm-6 col-md-6 col-lg-6 single1\">\n<div class=\"single1-sz\">\n<div class=\"title1\">\n<p>Minimalna wymagana moc ci\u0105gnika (KM HP PS) 28<\/p>\n<\/div>\n<\/div>\n<\/div>\n<div class=\"col-6 col-sm-6 col-md-6 col-lg-6 single1\">\n<div class=\"single1-sz\">\n<div class=\"title1\">\n<p>Liczba no\u017cy (szt.) 3<\/p>\n<\/div>\n<\/div>\n<\/div>\n<div class=\"col-6 col-sm-6 col-md-6 col-lg-6 single1\">\n<div class=\"single1-sz\">\n<div class=\"title1\">\n<p>Ilo\u015b\u0107 pask\u00f3w klinowych 2<\/p>\n<\/div>\n<\/div>\n<\/div>\n<div class=\"col-6 col-sm-6 col-md-6 col-lg-6 single1\">\n<div class=\"single1-sz\">\n<div class=\"title1\">\n<p>Waga (kg) 206<\/p>\n<\/div>\n<\/div>\n<\/div>\n<\/div>\n<\/div>","protected":false},"featured_media":7329,"comment_status":"open","ping_status":"closed","template":"","meta":[],"product_brand":[68],"product_cat":[60],"product_tag":[],"class_list":{"0":"post-7328","1":"product","2":"type-product","3":"status-publish","4":"has-post-thumbnail","6":"product_brand-4farmer","7":"product_cat-kosiarki-rolnicze","9":"first","10":"instock","11":"shipping-taxable","12":"purchasable","13":"product-type-simple"},"_links":{"self":[{"href":"https:\/\/plmaszyny.online\/en\/wp-json\/wp\/v2\/product\/7328","targetHints":{"allow":["GET"]}}],"collection":[{"href":"https:\/\/plmaszyny.online\/en\/wp-json\/wp\/v2\/product"}],"about":[{"href":"https:\/\/plmaszyny.online\/en\/wp-json\/wp\/v2\/types\/product"}],"replies":[{"embeddable":true,"href":"https:\/\/plmaszyny.online\/en\/wp-json\/wp\/v2\/comments?post=7328"}],"wp:featuredmedia":[{"embeddable":true,"href":"https:\/\/plmaszyny.online\/en\/wp-json\/wp\/v2\/media\/7329"}],"wp:attachment":[{"href":"https:\/\/plmaszyny.online\/en\/wp-json\/wp\/v2\/media?parent=7328"}],"wp:term":[{"taxonomy":"product_brand","embeddable":true,"href":"https:\/\/plmaszyny.online\/en\/wp-json\/wp\/v2\/product_brand?post=7328"},{"taxonomy":"product_cat","embeddable":true,"href":"https:\/\/plmaszyny.online\/en\/wp-json\/wp\/v2\/product_cat?post=7328"},{"taxonomy":"product_tag","embeddable":true,"href":"https:\/\/plmaszyny.online\/en\/wp-json\/wp\/v2\/product_tag?post=7328"}],"curies":[{"name":"wp","href":"https:\/\/api.w.org\/{rel}","templated":true}]}}