{"id":7307,"date":"2026-02-23T20:12:17","date_gmt":"2026-02-23T20:12:17","guid":{"rendered":"https:\/\/plmaszyny.online\/?post_type=product&#038;p=7307"},"modified":"2026-02-26T14:59:03","modified_gmt":"2026-02-26T14:59:03","slug":"kosiarka-listwowa-amc130-geo","status":"publish","type":"product","link":"https:\/\/plmaszyny.online\/en\/product\/kosiarka-listwowa-amc130-geo\/","title":{"rendered":"Kosiarka listwowa AMC130 GEO"},"content":{"rendered":"<p>Wyb\u00f3r&nbsp;<strong>maszyn rolniczych<\/strong>&nbsp;pomagaj\u0105cych w utrzymaniu teren\u00f3w zielonych staje si\u0119 coraz wi\u0119kszy. Obecnie mo\u017cemy wybra\u0107, jak chcemy kosi\u0107 \u0142\u0105ki, nieu\u017cytki, tereny zielone, a tak\u017ce co chcemy zrobi\u0107 ze skoszon\u0105 traw\u0105.<\/p>\n\n\n\n<p>Bardzo ciekaw\u0105 propozycj\u0105 dla wielu naszych klient\u00f3w sta\u0142y si\u0119&nbsp;<strong>kosiarki bijakowe<\/strong>. Niekt\u00f3rzy nazywaj\u0105 je kosiarkami do \u201ezada\u0144 specjalnych\u201d, gdy\u017c bez problemu skosz\u0105 tak\u017ce wysok\u0105 traw\u0119. Jak sama nazwa wskazuje&nbsp;<strong>kosiarki bijakowe<\/strong>, s\u0105 to kosiarki, w kt\u00f3rych funkcj\u0119 koszenia pe\u0142ni\u0105 bijaki umieszczone spiralnie na wale tn\u0105cym. Wa\u0142 tn\u0105cy obraca si\u0119 z odpowiedni\u0105 pr\u0119dko\u015bci\u0105, wok\u00f3\u0142 w\u0142asnej osi \u015bcinaj\u0105c to, co znajdzie si\u0119 powy\u017cej ustalonej wysoko\u015bci.<\/p>\n\n\n\n<p><strong>Kosiarka AM<\/strong>&nbsp;posiada d\u0142ugi wysi\u0119g i standardowo jest wyposa\u017cona w modu\u0142 roboczy z bijakiem. Dla tych, kt\u00f3rzy chc\u0105 dok\u0142adnie przyci\u0105\u0107 \u017cywop\u0142ot, dost\u0119pny jest&nbsp;<strong>modu\u0142 kosiarki listwowej AMC<\/strong>&nbsp;z w\u0142asnym silnikiem hydraulicznym. W tym modelu kosisko wynosi a\u017c&nbsp;<strong>130 cm<\/strong>&nbsp;d\u0142ugo\u015bci i pozwala na dok\u0142adniejsz\u0105 prace kosiark\u0105 AM.<\/p>\n\n\n\n<p>Kosiark\u0119 listwow\u0105 mo\u017cna r\u00f3wnie\u017c u\u017cywa\u0107 w spos\u00f3b tradycyjny, zw\u0142aszcza \u017ce najd\u0142u\u017csze kosid\u0142o ma a\u017c 190 cm. Dzi\u0119ki kosiarce AM mo\u017cna piel\u0119gnowa\u0107 bardzo wysokie \u017cywop\u0142oty.<\/p>\n\n\n\n<h3 class=\"wp-block-heading\">Gdzie sprawdzi si\u0119 kosiarka listwowa AMC:<\/h3>\n\n\n\n<ul class=\"wp-block-list\">\n<li>pobocza dr\u00f3g,<\/li>\n\n\n\n<li>rowy i skarpy,<\/li>\n\n\n\n<li>nabrze\u017ca zbiornik\u00f3w wodnych,<\/li>\n\n\n\n<li>tereny zielone, parki,<\/li>\n\n\n\n<li>piel\u0119gnacja \u017cywop\u0142ot\u00f3w<\/li>\n\n\n\n<li>\u015bcinanie trawy na pasz\u0119<\/li>\n<\/ul>\n\n\n\n<h3 class=\"wp-block-heading\">Posiadaj\u0105c kosiark\u0119 listwow\u0105 bardzo wa\u017cn\u0105 rzecz\u0105, jest regularne sprawdzanie ostro\u015bci mechanizmu tn\u0105cego. To gwarantuje, \u017ce koszenie b\u0119dzie efektywne i skuteczne.<\/h3>\n\n\n\n<p>* Ostatnie dwa zdj\u0119cia prezentuj\u0105 kosiark\u0119 listwow\u0105 AMC za\u0142o\u017con\u0105 na kosiarce bijakowej AM, kt\u00f3r\u0105 r\u00f3wnie\u017c posiadamy w sprzeda\u017cy.<\/p>\n\n\n\n<h4 class=\"wp-block-heading\">Specyfikacja<\/h4>\n\n\n\n<p>Stan<\/p>\n\n\n\n<p>Nowy<\/p>\n\n\n\n<p>Marka<\/p>\n\n\n\n<p>Geograss<\/p>\n\n\n\n<p>Kolor<\/p>\n\n\n\n<p>Pomara\u0144czowy<\/p>\n\n\n\n<p>Szeroko\u015b\u0107 robocza (mm)<\/p>\n\n\n\n<p>1300<\/p>\n\n\n\n<p>Waga (kg)<\/p>\n\n\n\n<p>48<\/p>","protected":false},"excerpt":{"rendered":"<div class=\"col-12 col-lg-4 page-product4-desc-single1\">\n<div class=\"title2\">\n<div class=\"col-6 col-sm-6 col-md-6 col-lg-6 single1\">\n<div class=\"single1-sz\">\n<div class=\"ico\">\u00a0<\/div>\n<div class=\"title1\">\n<p>Stan Nowy<\/p>\n<\/div>\n<\/div>\n<\/div>\n<div class=\"col-6 col-sm-6 col-md-6 col-lg-6 single1\">\n<div class=\"single1-sz\">\n<div class=\"title1\">\n<p>Szeroko\u015b\u0107 robocza (mm) 1300<\/p>\n<\/div>\n<\/div>\n<\/div>\n<div class=\"col-6 col-sm-6 col-md-6 col-lg-6 single1\">\n<div class=\"single1-sz\">\n<div class=\"title1\">\n<p>Waga (kg) 48<\/p>\n<\/div>\n<\/div>\n<\/div>\n<\/div>\n<\/div>","protected":false},"featured_media":7310,"comment_status":"open","ping_status":"closed","template":"","meta":[],"product_brand":[73],"product_cat":[60],"product_tag":[],"class_list":{"0":"post-7307","1":"product","2":"type-product","3":"status-publish","4":"has-post-thumbnail","6":"product_brand-geograss","7":"product_cat-kosiarki-rolnicze","9":"first","10":"instock","11":"shipping-taxable","12":"purchasable","13":"product-type-simple"},"_links":{"self":[{"href":"https:\/\/plmaszyny.online\/en\/wp-json\/wp\/v2\/product\/7307","targetHints":{"allow":["GET"]}}],"collection":[{"href":"https:\/\/plmaszyny.online\/en\/wp-json\/wp\/v2\/product"}],"about":[{"href":"https:\/\/plmaszyny.online\/en\/wp-json\/wp\/v2\/types\/product"}],"replies":[{"embeddable":true,"href":"https:\/\/plmaszyny.online\/en\/wp-json\/wp\/v2\/comments?post=7307"}],"wp:featuredmedia":[{"embeddable":true,"href":"https:\/\/plmaszyny.online\/en\/wp-json\/wp\/v2\/media\/7310"}],"wp:attachment":[{"href":"https:\/\/plmaszyny.online\/en\/wp-json\/wp\/v2\/media?parent=7307"}],"wp:term":[{"taxonomy":"product_brand","embeddable":true,"href":"https:\/\/plmaszyny.online\/en\/wp-json\/wp\/v2\/product_brand?post=7307"},{"taxonomy":"product_cat","embeddable":true,"href":"https:\/\/plmaszyny.online\/en\/wp-json\/wp\/v2\/product_cat?post=7307"},{"taxonomy":"product_tag","embeddable":true,"href":"https:\/\/plmaszyny.online\/en\/wp-json\/wp\/v2\/product_tag?post=7307"}],"curies":[{"name":"wp","href":"https:\/\/api.w.org\/{rel}","templated":true}]}}