{"id":7303,"date":"2026-02-23T20:08:39","date_gmt":"2026-02-23T20:08:39","guid":{"rendered":"https:\/\/plmaszyny.online\/?post_type=product&#038;p=7303"},"modified":"2026-02-26T14:59:29","modified_gmt":"2026-02-26T14:59:29","slug":"kosiarka-bijakowa-na-wysiegniku-aglk-k-145-4farmer-niebieska","status":"publish","type":"product","link":"https:\/\/plmaszyny.online\/en\/product\/kosiarka-bijakowa-na-wysiegniku-aglk-k-145-4farmer-niebieska\/","title":{"rendered":"Kosiarka bijakowa na wysi\u0119gniku AGLK-K 145 4FARMER &#8211; niebieska"},"content":{"rendered":"<p>Wyb\u00f3r&nbsp;<strong>maszyn rolniczych<\/strong>&nbsp;pomagaj\u0105cych w utrzymaniu teren\u00f3w zielonych staje si\u0119 coraz wi\u0119kszy. Obecnie mo\u017cemy wybra\u0107, jak chcemy kosi\u0107 \u0142\u0105ki, nieu\u017cytki, tereny zielone, a tak\u017ce co chcemy zrobi\u0107 ze skoszon\u0105 traw\u0105.<\/p>\n\n\n\n<p>Bardzo ciekaw\u0105 propozycj\u0105 dla wielu naszych klient\u00f3w sta\u0142y si\u0119&nbsp;<strong>kosiarki bijakowe<\/strong>. Niekt\u00f3rzy nazywaj\u0105 je kosiarkami do \u201ezada\u0144 specjalnych\u201d, gdy\u017c bez problemu skosz\u0105 tak\u017ce wysok\u0105 traw\u0119. Jak sama nazwa wskazuje&nbsp;<strong>kosiarki bijakowe<\/strong>, s\u0105 to kosiarki, w kt\u00f3rych funkcj\u0119 koszenia pe\u0142ni\u0105 bijaki umieszczone spiralnie na wale tn\u0105cym. Wa\u0142 tn\u0105cy obraca si\u0119 z odpowiedni\u0105 pr\u0119dko\u015bci\u0105, wok\u00f3\u0142 w\u0142asnej osi \u015bcinaj\u0105c to, co znajdzie si\u0119 powy\u017cej ustalonej wysoko\u015bci.<\/p>\n\n\n\n<p><strong>Kosiarka bijakowa AGLK&nbsp;<\/strong>potocznie zwana &#8222;<strong>mulczerem<\/strong>&#8221;&nbsp;jest to model kosiarki posiadaj\u0105cy zar\u00f3wno mo\u017cliwo\u015b\u0107 przesuwu bocznego jak i pochy\u0142u zespo\u0142u kosz\u0105cego. Regulacja ta odbywa si\u0119 hydraulicznie. Taki rodzaj kosiarki bijakowej daje ogromne mo\u017cliwo\u015bci. Opr\u00f3cz standardowego zastosowania &#8211; koszenia teren\u00f3w zielonych w miastach czy nieu\u017cytk\u00f3w, \u0142\u0105k i pastwisk; model AGLK sprawdzi si\u0119 na pochy\u0142ych terenach. Wykaszanie poboczy, skarp, row\u00f3w, nabrze\u017cy staw\u00f3w to g\u0142\u00f3wne zadanie tej maszyny. Mo\u017cemy pracowa\u0107, maj\u0105c maszyn\u0119 zar\u00f3wno z boku, jak i za ci\u0105gnikiem. Zdecydowanie jest to produkt, kt\u00f3ry spe\u0142ni swoje zadanie tak\u017ce w firmach komunalnych podczas dbania o tereny zielone.<\/p>\n\n\n\n<h3 class=\"wp-block-heading\">Na jakich terenach kosiarka ta zostanie wykorzystana w 100%?<\/h3>\n\n\n\n<ul class=\"wp-block-list\">\n<li>pobocza dr\u00f3g,<\/li>\n\n\n\n<li>rowy i skarpy,<\/li>\n\n\n\n<li>nabrze\u017ca zbiornik\u00f3w wodnych,<\/li>\n\n\n\n<li>zaro\u015bla, nieu\u017cytki.<\/li>\n<\/ul>\n\n\n\n<h2 class=\"wp-block-heading\">Posiadaj\u0105c kosiark\u0119 bijakow\u0105 bardzo wa\u017cn\u0105 rzecz\u0105, jest regularne sprawdzanie ostro\u015bci mechanizmu tn\u0105cego. To gwarantuje, \u017ce koszenie b\u0119dzie efektywne i skuteczne.<\/h2>\n\n\n\n<h3 class=\"wp-block-heading\">Kosiarka bijakowa nie tylko kosi traw\u0119, ale tak\u017ce mulczuje j\u0105. Na czym to polega?<\/h3>\n\n\n\n<p>Jest to technika koszenia trawy\/innych surowc\u00f3w organicznych i rozdrabniania \u015bci\u0119tego materia\u0142u tak, aby stanowi\u0142 on naturalny naw\u00f3z, kt\u00f3ry u\u017cy\u017ania gleb\u0119. Zalet\u0105 mulczowania jest tak\u017ce zapobieganie erozji gleby, spowolnienie wzrostu chwast\u00f3w i co wa\u017cne pozbawienie nas niechcianej skoszonej np. trawy, kt\u00f3ra stanowi cz\u0119sto dodatkowy problem.<\/p>\n\n\n\n<p>Mulczowa\u0107 mo\u017cemy nie tylko traw\u0119, ale tak\u017ce resztki po uprawach, dzi\u0119ki czemu ograniczamy ilo\u015b\u0107 resztek po\u017cniwnych, funduj\u0105c glebie naturalny naw\u00f3z i chronimy przed szkodnikami bytuj\u0105cymi np. w \u0142odygach cz\u0119\u015bci naziemnych ro\u015blin.<\/p>\n\n\n\n<p><strong>Kosiarka bijakowa&nbsp;(mulczer)<\/strong>&nbsp;<strong>AGLK 145<\/strong>&nbsp;posiada szeroko\u015b\u0107 koszenia 145 cm. W modelu AGLK wyst\u0119puje hydrauliczna regulacja zar\u00f3wno nachylenia jak i wysuni\u0119cia maszyny. Zakres nachylenia kosiarki to 90\u00b0 pionie i 55\u00b0 poziomie. Nap\u0119d z wa\u0142ka odbioru mocy traktora wynosi 540 obr\/min.&nbsp;<\/p>\n\n\n\n<p>Przy wybieraniu&nbsp;<strong>kosiarki bijakowej<\/strong>&nbsp;bardzo wa\u017cne jest odpowiednie dobranie kosiarki do mocy oraz masy naszego ci\u0105gnika.&nbsp;<strong>Kosiarka bijakowa (mulczer) AGLK 145<\/strong>&nbsp;wymaga minimum 30 KM przy du\u017cej masie traktora.<\/p>\n\n\n\n<p>*Zdj\u0119cie pogl\u0105dowe, przedstawia model AGLK 165.<\/p>\n\n\n\n<h4 class=\"wp-block-heading\">Specyfikacja<\/h4>\n\n\n\n<p>Stan<\/p>\n\n\n\n<p>Nowy<\/p>\n\n\n\n<p>Marka<\/p>\n\n\n\n<p>4Farmer<\/p>\n\n\n\n<p>Kolor<\/p>\n\n\n\n<p>Niebieski<\/p>\n\n\n\n<p>Minimalna wymagana moc ci\u0105gnika (KM HP PS)<\/p>\n\n\n\n<p>30<\/p>\n\n\n\n<p>Szeroko\u015b\u0107 robocza (mm)<\/p>\n\n\n\n<p>1450<\/p>\n\n\n\n<p>WOM \/ PTO<\/p>\n\n\n\n<p>540 (rpm)<\/p>\n\n\n\n<p>TUZ<\/p>\n\n\n\n<p>3 &#8211; punktowy<br>KAT I<\/p>\n\n\n\n<p>Ilo\u015b\u0107 pask\u00f3w klinowych<\/p>\n\n\n\n<p>3<\/p>\n\n\n\n<p>Liczba bijak\u00f3w (szt.)<\/p>\n\n\n\n<p>18<\/p>\n\n\n\n<p>Waga (kg)<\/p>\n\n\n\n<p>316<\/p>\n\n\n\n<p>Dodatkowe<\/p>\n\n\n\n<p>Mo\u017cliwo\u015b\u0107 zastosowania no\u017cy Y (48 szt.)<\/p>\n\n\n\n<p>Waga bijaka (kg)<\/p>\n\n\n\n<p>0.440<\/p>\n\n\n\n<p>K\u0105t nachylenia ( \u00b0 )<\/p>\n\n\n\n<p>55 (w poziomie)<br>90 (w pionie)<\/p>\n\n\n\n<p>Otwierana klapa<\/p>\n\n\n\n<p>TAK<\/p>","protected":false},"excerpt":{"rendered":"<div class=\"col-12 col-lg-4 page-product4-desc-single1\">\n<div class=\"title1\">\n<div class=\"col-6 col-sm-6 col-md-6 col-lg-6 single1\">\n<div class=\"single1-sz\">\n<div class=\"ico\">\u00a0<\/div>\n<div class=\"title1\">\n<p>StanNowy<\/p>\n<\/div>\n<\/div>\n<\/div>\n<div class=\"col-6 col-sm-6 col-md-6 col-lg-6 single1\">\n<div class=\"single1-sz\">\n<div class=\"ico\">Minimalna wymagana moc ci\u0105gnika (KM HP PS) 30<\/div>\n<div>\u00a0<\/div>\n<\/div>\n<\/div>\n<div class=\"col-6 col-sm-6 col-md-6 col-lg-6 single1\">\n<div class=\"single1-sz\">\n<div class=\"ico\">Szeroko\u015b\u0107 robocza (mm) 1450<\/div>\n<\/div>\n<\/div>\n<div class=\"col-6 col-sm-6 col-md-6 col-lg-6 single1\">\n<div class=\"single1-sz\">\n<div class=\"title1\">\n<p>Ilo\u015b\u0107 pask\u00f3w klinowych 3<\/p>\n<\/div>\n<\/div>\n<\/div>\n<div class=\"col-6 col-sm-6 col-md-6 col-lg-6 single1\">\n<div class=\"single1-sz\">\n<div class=\"title1\">\n<p>Waga (kg) 316<\/p>\n<\/div>\n<\/div>\n<\/div>\n<div class=\"col-6 col-sm-6 col-md-6 col-lg-6 single1\">\n<div class=\"single1-sz\">\n<div class=\"title1\">\n<p>Waga bijaka (kg) 0.440<\/p>\n<\/div>\n<\/div>\n<\/div>\n<\/div>\n<\/div>","protected":false},"featured_media":7306,"comment_status":"open","ping_status":"closed","template":"","meta":[],"product_brand":[68],"product_cat":[60],"product_tag":[],"class_list":{"0":"post-7303","1":"product","2":"type-product","3":"status-publish","4":"has-post-thumbnail","6":"product_brand-4farmer","7":"product_cat-kosiarki-rolnicze","9":"first","10":"instock","11":"shipping-taxable","12":"purchasable","13":"product-type-simple"},"_links":{"self":[{"href":"https:\/\/plmaszyny.online\/en\/wp-json\/wp\/v2\/product\/7303","targetHints":{"allow":["GET"]}}],"collection":[{"href":"https:\/\/plmaszyny.online\/en\/wp-json\/wp\/v2\/product"}],"about":[{"href":"https:\/\/plmaszyny.online\/en\/wp-json\/wp\/v2\/types\/product"}],"replies":[{"embeddable":true,"href":"https:\/\/plmaszyny.online\/en\/wp-json\/wp\/v2\/comments?post=7303"}],"wp:featuredmedia":[{"embeddable":true,"href":"https:\/\/plmaszyny.online\/en\/wp-json\/wp\/v2\/media\/7306"}],"wp:attachment":[{"href":"https:\/\/plmaszyny.online\/en\/wp-json\/wp\/v2\/media?parent=7303"}],"wp:term":[{"taxonomy":"product_brand","embeddable":true,"href":"https:\/\/plmaszyny.online\/en\/wp-json\/wp\/v2\/product_brand?post=7303"},{"taxonomy":"product_cat","embeddable":true,"href":"https:\/\/plmaszyny.online\/en\/wp-json\/wp\/v2\/product_cat?post=7303"},{"taxonomy":"product_tag","embeddable":true,"href":"https:\/\/plmaszyny.online\/en\/wp-json\/wp\/v2\/product_tag?post=7303"}],"curies":[{"name":"wp","href":"https:\/\/api.w.org\/{rel}","templated":true}]}}