{"id":7298,"date":"2026-02-23T20:05:24","date_gmt":"2026-02-23T20:05:24","guid":{"rendered":"https:\/\/plmaszyny.online\/?post_type=product&#038;p=7298"},"modified":"2026-02-26T14:59:47","modified_gmt":"2026-02-26T14:59:47","slug":"kosiarka-bijakowa-na-dlugim-ramieniu-am80-trx","status":"publish","type":"product","link":"https:\/\/plmaszyny.online\/en\/product\/kosiarka-bijakowa-na-dlugim-ramieniu-am80-trx\/","title":{"rendered":"Kosiarka bijakowa na d\u0142ugim ramieniu AM80 TRX"},"content":{"rendered":"<p>Wyb\u00f3r&nbsp;<strong>maszyn rolniczych<\/strong>&nbsp;pomagaj\u0105cych w utrzymaniu teren\u00f3w zielonych staje si\u0119 coraz wi\u0119kszy. Obecnie mo\u017cemy wybra\u0107, jak chcemy kosi\u0107 \u0142\u0105ki, nieu\u017cytki, tereny zielone, a tak\u017ce co chcemy zrobi\u0107 ze skoszon\u0105 traw\u0105.<\/p>\n\n\n\n<p>Bardzo ciekaw\u0105 propozycj\u0105 dla wielu naszych klient\u00f3w sta\u0142y si\u0119&nbsp;<strong>kosiarki bijakowe<\/strong>. Niekt\u00f3rzy nazywaj\u0105 je kosiarkami do \u201ezada\u0144 specjalnych\u201d, gdy\u017c bez problemu skosz\u0105 tak\u017ce wysok\u0105 traw\u0119. Jak sama nazwa wskazuje&nbsp;<strong>kosiarki bijakowe<\/strong>, s\u0105 to kosiarki, w kt\u00f3rych funkcj\u0119 koszenia pe\u0142ni\u0105 bijaki umieszczone spiralnie na wale tn\u0105cym. Wa\u0142 tn\u0105cy obraca si\u0119 z odpowiedni\u0105 pr\u0119dko\u015bci\u0105, wok\u00f3\u0142 w\u0142asnej osi \u015bcinaj\u0105c to, co znajdzie si\u0119 powy\u017cej ustalonej wysoko\u015bci.<\/p>\n\n\n\n<p><strong>Kosiarka bijakowa na d\u0142ugim ramieniu AM80&nbsp;<\/strong>potocznie zwana &#8222;<strong>mulczerem<\/strong>&#8221;&nbsp;jest to model kosiarki ci\u0119\u017ckiej posiadaj\u0105cy daleki wysi\u0119g modu\u0142u roboczego. Regulacja ta odbywa si\u0119 hydraulicznie. Taki rodzaj kosiarki bijakowej daje ogromne mo\u017cliwo\u015bci. Model AM sprawdzi si\u0119 na pochy\u0142ych terenach, do wykaszania zar\u00f3wno nieu\u017cytk\u00f3w, teren\u00f3w zielonych w parkach, do koszenia poboczy, a niezast\u0105piona staje si\u0119 do wykaszania row\u00f3w oraz skarp a nawet i przeciwleg\u0142ej skarpy. Maszyna ta ma ogromny zakres regulacji, co pozwala na dopasowanie do ukszta\u0142towania nawet trudnego terenu. Mo\u017cemy pracowa\u0107, maj\u0105c maszyn\u0119 w kilku p\u0142aszczyznach. Zdecydowanie jest to produkt, kt\u00f3ry spe\u0142ni swoje zadanie tak\u017ce w firmach komunalnych podczas dbania o tereny zielone.<\/p>\n\n\n\n<h3 class=\"wp-block-heading\">Na jakich terenach kosiarka ta zostanie wykorzystana w 100%?<\/h3>\n\n\n\n<ul class=\"wp-block-list\">\n<li>pobocza dr\u00f3g,<\/li>\n\n\n\n<li>rowy i skarpy,<\/li>\n\n\n\n<li>nabrze\u017ca zbiornik\u00f3w wodnych,<\/li>\n\n\n\n<li>tereny zielone, parki,<\/li>\n\n\n\n<li>zaro\u015bla, nieu\u017cytki<\/li>\n\n\n\n<li>zaniedbane tereny, gdzie mog\u0105 wyst\u0119powa\u0107 kamienie, drobne ga\u0142\u0119zie (max. \u015brednica 80 mm) czy inne\u00a0przeszkody<\/li>\n<\/ul>\n\n\n\n<h2 class=\"wp-block-heading\">Posiadaj\u0105c kosiark\u0119 bijakow\u0105 bardzo wa\u017cn\u0105 rzecz\u0105, jest regularne sprawdzanie ostro\u015bci mechanizmu tn\u0105cego. To gwarantuje, \u017ce koszenie b\u0119dzie efektywne i skuteczne.<\/h2>\n\n\n\n<h3 class=\"wp-block-heading\">Kosiarka bijakowa nie tylko kosi traw\u0119, ale tak\u017ce mulczuje j\u0105. Na czym to polega?<\/h3>\n\n\n\n<p>Jest to technika koszenia trawy\/innych surowc\u00f3w organicznych i rozdrabniania \u015bci\u0119tego materia\u0142u tak, aby stanowi\u0142 on naturalny naw\u00f3z, kt\u00f3ry u\u017cy\u017ania gleb\u0119. Zalet\u0105 mulczowania jest tak\u017ce zapobieganie erozji gleby, spowolnienie wzrostu chwast\u00f3w i co wa\u017cne pozbawienie nas niechcianej skoszonej np. trawy, kt\u00f3ra stanowi cz\u0119sto dodatkowy problem.<\/p>\n\n\n\n<p>Mulczowa\u0107 mo\u017cemy nie tylko traw\u0119, ale tak\u017ce resztki po uprawach, dzi\u0119ki czemu ograniczamy ilo\u015b\u0107 resztek po\u017cniwnych, funduj\u0105c glebie naturalny naw\u00f3z i chronimy przed szkodnikami bytuj\u0105cymi np. w \u0142odygach cz\u0119\u015bci naziemnych ro\u015blin.<\/p>\n\n\n\n<p><strong>Kosiarka bijakowa&nbsp;(mulczer)<\/strong>&nbsp;<strong>AM80<\/strong>&nbsp;posiada szeroko\u015b\u0107 koszenia 80 cm. Do sterowania wyposa\u017cona jest we w\u0142asny rozdzielacz hydrauliczny.Maksymalny zakres zasi\u0119gu ramienia to 270 cm. Nap\u0119d z wa\u0142ka odbioru mocy traktora wynosi 540 obr\/min.<\/p>\n\n\n\n<p>Przy wybieraniu&nbsp;<strong>kosiarki bijakowej<\/strong>&nbsp;bardzo wa\u017cne jest odpowiednie dobranie kosiarki do mocy oraz masy naszego ci\u0105gnika.&nbsp;<strong>Kosiarka bijakowa (mulczer) AM80<\/strong>&nbsp;sprawdzi si\u0119 przy ci\u0105gnikach o mocy od 20 &#8211; 50 KM.<\/p>\n\n\n\n<p>*Zdj\u0119cia pogl\u0105dowe, przedstawiaj\u0105 model w rozmiarze 100.<\/p>\n\n\n\n<p>**W celu dok\u0142adniejszego ci\u0119cia mo\u017cna naby\u0107 dodatkowy modu\u0142 roboczy kosiarki listwowej AMC.<\/p>\n\n\n\n<h4 class=\"wp-block-heading\">Specyfikacja<\/h4>\n\n\n\n<p>Stan<\/p>\n\n\n\n<p>Nowy<\/p>\n\n\n\n<p>Marka<\/p>\n\n\n\n<p>TRX<\/p>\n\n\n\n<p>Szeroko\u015b\u0107 robocza (mm)<\/p>\n\n\n\n<p>800<\/p>\n\n\n\n<p>TUZ<\/p>\n\n\n\n<p>3 &#8211; punktowy<br>KAT I<\/p>\n\n\n\n<p>Waga (kg)<\/p>\n\n\n\n<p>275<\/p>\n\n\n\n<p>Maksymalny zasi\u0119g ramienia (mm)<\/p>\n\n\n\n<p>2700<\/p>","protected":false},"excerpt":{"rendered":"<div class=\"col-12 col-lg-4 page-product4-desc-single1\">\n<div class=\"title2\">\n<div class=\"col-6 col-sm-6 col-md-6 col-lg-6 single1\">\n<div class=\"single1-sz\">\n<div class=\"ico\">\u00a0<\/div>\n<div class=\"title1\">\n<p>Stan Nowy<\/p>\n<\/div>\n<\/div>\n<\/div>\n<div class=\"col-6 col-sm-6 col-md-6 col-lg-6 single1\">\n<div class=\"single1-sz\">\n<div class=\"title1\">\n<p>Szeroko\u015b\u0107 robocza (mm) 800<\/p>\n<\/div>\n<\/div>\n<\/div>\n<div class=\"col-6 col-sm-6 col-md-6 col-lg-6 single1\">\n<div class=\"single1-sz\">\n<div class=\"title1\">\n<p>Waga (kg) 275<\/p>\n<\/div>\n<\/div>\n<\/div>\n<\/div>\n<\/div>","protected":false},"featured_media":7302,"comment_status":"open","ping_status":"closed","template":"","meta":[],"product_brand":[72],"product_cat":[60],"product_tag":[],"class_list":{"0":"post-7298","1":"product","2":"type-product","3":"status-publish","4":"has-post-thumbnail","6":"product_brand-trx","7":"product_cat-kosiarki-rolnicze","9":"first","10":"instock","11":"shipping-taxable","12":"purchasable","13":"product-type-simple"},"_links":{"self":[{"href":"https:\/\/plmaszyny.online\/en\/wp-json\/wp\/v2\/product\/7298","targetHints":{"allow":["GET"]}}],"collection":[{"href":"https:\/\/plmaszyny.online\/en\/wp-json\/wp\/v2\/product"}],"about":[{"href":"https:\/\/plmaszyny.online\/en\/wp-json\/wp\/v2\/types\/product"}],"replies":[{"embeddable":true,"href":"https:\/\/plmaszyny.online\/en\/wp-json\/wp\/v2\/comments?post=7298"}],"wp:featuredmedia":[{"embeddable":true,"href":"https:\/\/plmaszyny.online\/en\/wp-json\/wp\/v2\/media\/7302"}],"wp:attachment":[{"href":"https:\/\/plmaszyny.online\/en\/wp-json\/wp\/v2\/media?parent=7298"}],"wp:term":[{"taxonomy":"product_brand","embeddable":true,"href":"https:\/\/plmaszyny.online\/en\/wp-json\/wp\/v2\/product_brand?post=7298"},{"taxonomy":"product_cat","embeddable":true,"href":"https:\/\/plmaszyny.online\/en\/wp-json\/wp\/v2\/product_cat?post=7298"},{"taxonomy":"product_tag","embeddable":true,"href":"https:\/\/plmaszyny.online\/en\/wp-json\/wp\/v2\/product_tag?post=7298"}],"curies":[{"name":"wp","href":"https:\/\/api.w.org\/{rel}","templated":true}]}}