{"id":7293,"date":"2026-02-23T20:02:58","date_gmt":"2026-02-23T20:02:58","guid":{"rendered":"https:\/\/plmaszyny.online\/?post_type=product&#038;p=7293"},"modified":"2026-02-26T15:00:04","modified_gmt":"2026-02-26T15:00:04","slug":"kosiarka-bijakowa-z-przesuwem-hydraulicznym-dwustronna-ag-180-4farmer","status":"publish","type":"product","link":"https:\/\/plmaszyny.online\/en\/product\/kosiarka-bijakowa-z-przesuwem-hydraulicznym-dwustronna-ag-180-4farmer\/","title":{"rendered":"Kosiarka bijakowa z przesuwem hydraulicznym dwustronna AG 180 4FARMER"},"content":{"rendered":"<p>Wyb\u00f3r&nbsp;<strong>maszyn rolniczych<\/strong>&nbsp;pomagaj\u0105cych w utrzymaniu teren\u00f3w zielonych staje si\u0119 coraz wi\u0119kszy. Obecnie mo\u017cemy wybra\u0107, jak chcemy kosi\u0107 \u0142\u0105ki, nieu\u017cytki, tereny zielone, a tak\u017ce co chcemy zrobi\u0107 ze skoszon\u0105 traw\u0105.<\/p>\n\n\n\n<p>Bardzo ciekaw\u0105 propozycj\u0105 dla wielu naszych klient\u00f3w sta\u0142y si\u0119&nbsp;<strong>kosiarki bijakowe<\/strong>. Niekt\u00f3rzy nazywaj\u0105 je kosiarkami do \u201ezada\u0144 specjalnych\u201d, gdy\u017c bez problemu skosz\u0105 tak\u017ce wysok\u0105 traw\u0119. Jak sama nazwa wskazuje&nbsp;<strong>kosiarki bijakowe<\/strong>, s\u0105 to kosiarki, w kt\u00f3rych funkcj\u0119 koszenia pe\u0142ni\u0105 bijaki umieszczone na wale tn\u0105cym. Wa\u0142 tn\u0105cy obraca si\u0119 z odpowiedni\u0105 pr\u0119dko\u015bci\u0105, wok\u00f3\u0142 w\u0142asnej osi \u015bcinaj\u0105c to, co znajdzie si\u0119 powy\u017cej ustalonej wysoko\u015bci.<\/p>\n\n\n\n<p><strong>Kosiarka bijakowa dwustronna AG 180&nbsp;<\/strong>potocznie zwana &#8222;<strong>mulczerem<\/strong>&#8221;&nbsp;jest to odmiana kosiarki dwustronnej ci\u0119\u017ckiej, kt\u00f3ra sprawdzi si\u0119 do koszenia teren\u00f3w zielonych w miastach czy nieu\u017cytk\u00f3w, \u0142\u0105k i pastwisk. Zdecydowanie jest to produkt, kt\u00f3ry spe\u0142ni swoje zadanie tak\u017ce w firmach komunalnych podczas dbania o tereny zielone. Atutem jest mo\u017cliwo\u015b\u0107 mocowania zar\u00f3wno na prz\u00f3d, jaki na ty\u0142 traktora.<\/p>\n\n\n\n<p>Na jakich terenach kosiarka ta zostanie wykorzystana w 100%?<\/p>\n\n\n\n<ul class=\"wp-block-list\">\n<li>w sadach i szk\u00f3\u0142kach ro\u015blin,<\/li>\n\n\n\n<li>na \u0142\u0105kach, pastwiskach,<\/li>\n\n\n\n<li>w zaro\u015blach,<\/li>\n\n\n\n<li>na nieu\u017cytkach.<\/li>\n<\/ul>\n\n\n\n<h2 class=\"wp-block-heading\">Posiadaj\u0105c kosiark\u0119 bijakow\u0105 bardzo wa\u017cn\u0105 rzecz\u0105, jest regularne sprawdzanie ostro\u015bci mechanizmu tn\u0105cego. To gwarantuje, \u017ce koszenie b\u0119dzie efektywne i skuteczne.<\/h2>\n\n\n\n<h3 class=\"wp-block-heading\">Kosiarka bijakowa nie tylko kosi traw\u0119, ale tak\u017ce mulczuje j\u0105. Na czym to polega?<\/h3>\n\n\n\n<p>Jest to technika koszenia trawy\/innych surowc\u00f3w organicznych i rozdrabniania \u015bci\u0119tego materia\u0142u tak, aby stanowi\u0142 on naturalny naw\u00f3z, kt\u00f3ry u\u017cy\u017ania gleb\u0119. Zalet\u0105 mulczowania jest tak\u017ce zapobieganie erozji gleby, spowolnienie wzrostu chwast\u00f3w i co wa\u017cne pozbawienie nas niechcianej skoszonej np. trawy, kt\u00f3ra stanowi cz\u0119sto dodatkowy problem.<\/p>\n\n\n\n<p>Mulczowa\u0107 mo\u017cemy nie tylko traw\u0119, ale tak\u017ce resztki po uprawach, dzi\u0119ki czemu ograniczamy ilo\u015b\u0107 resztek po\u017cniwnych, funduj\u0105c glebie naturalny naw\u00f3z i chronimy przed szkodnikami bytuj\u0105cymi np. w \u0142odygach cz\u0119\u015bci naziemnych ro\u015blin.<\/p>\n\n\n\n<p><strong>Kosiarka bijakowa&nbsp;(mulczer)<\/strong>&nbsp;<strong>AG 180<\/strong>&nbsp;posiada szeroko\u015b\u0107 koszenia 178 cm. Kosiarka ma mo\u017cliwo\u015b\u0107 zamontowania jej zar\u00f3wno z przodu, jak i z ty\u0142u ci\u0105gnika, posiada tak\u017ce hydrauliczny przesuw. Nap\u0119d z wa\u0142ka odbioru mocy traktora wynosi 540 obr\/min.&nbsp;<\/p>\n\n\n\n<p>Przy wybieraniu&nbsp;<strong>kosiarki bijakowej<\/strong>&nbsp;bardzo wa\u017cne jest odpowiednie dobranie kosiarki do mocy oraz masy naszego ci\u0105gnika.&nbsp;<strong>Kosiarka bijakowa (mulczer) AG 180<\/strong>&nbsp;wymaga minimum 80 KM przy du\u017cej masie traktora.<\/p>\n\n\n\n<p>*Zdj\u0119cia pogl\u0105dowe, mog\u0105 przedstawia\u0107 inny rozmiar kosiarki.<\/p>\n\n\n\n<h4 class=\"wp-block-heading\">Specyfikacja<\/h4>\n\n\n\n<p>Stan<\/p>\n\n\n\n<p>Nowy<\/p>\n\n\n\n<p>Marka<\/p>\n\n\n\n<p>4Farmer<\/p>\n\n\n\n<p>Kolor<\/p>\n\n\n\n<p>Czerwony<\/p>\n\n\n\n<p>Minimalna wymagana moc ci\u0105gnika (KM HP PS)<\/p>\n\n\n\n<p>80<\/p>\n\n\n\n<p>Szeroko\u015b\u0107 robocza (mm)<\/p>\n\n\n\n<p>1780<\/p>\n\n\n\n<p>TUZ<\/p>\n\n\n\n<p>3 &#8211; punktowy<br>KAT I<\/p>\n\n\n\n<p>Przedni TUZ<\/p>\n\n\n\n<p>TAK<\/p>\n\n\n\n<p>Ilo\u015b\u0107 pask\u00f3w klinowych<\/p>\n\n\n\n<p>5<\/p>\n\n\n\n<p>Liczba bijak\u00f3w (szt.)<\/p>\n\n\n\n<p>16<\/p>\n\n\n\n<p>D\u0142ugo\u015b\u0107 (mm)<\/p>\n\n\n\n<p>800<\/p>\n\n\n\n<p>Wysoko\u015b\u0107 (mm)<\/p>\n\n\n\n<p>900<\/p>\n\n\n\n<p>Szeroko\u015b\u0107 (mm)<\/p>\n\n\n\n<p>1950<\/p>\n\n\n\n<p>Waga (kg)<\/p>\n\n\n\n<p>480<\/p>\n\n\n\n<p>Ilo\u015b\u0107 si\u0142ownik\u00f3w hydraulicznych<\/p>\n\n\n\n<p>1<\/p>\n\n\n\n<p>Minimalny rozstaw TUZ (mm)<\/p>\n\n\n\n<p>650<\/p>\n\n\n\n<p>Waga bijaka (kg)<\/p>\n\n\n\n<p>1.140<\/p>","protected":false},"excerpt":{"rendered":"<div class=\"col-12 col-lg-4 page-product4-desc-single1\">\n<div class=\"title2\">\n<div class=\"col-6 col-sm-6 col-md-6 col-lg-6 single1\">\n<div class=\"single1-sz\">\n<div class=\"ico\">\u00a0<\/div>\n<div class=\"title1\">\n<p>Stan Nowy<\/p>\n<\/div>\n<\/div>\n<\/div>\n<div class=\"col-6 col-sm-6 col-md-6 col-lg-6 single1\">\n<div class=\"single1-sz\">\n<div class=\"title1\">\n<p>Minimalna wymagana moc ci\u0105gnika (KM HP PS) 80<\/p>\n<\/div>\n<\/div>\n<\/div>\n<div class=\"col-6 col-sm-6 col-md-6 col-lg-6 single1\">\n<div class=\"single1-sz\">\n<div class=\"title1\">\n<p>Szeroko\u015b\u0107 robocza (mm) 1780<\/p>\n<\/div>\n<\/div>\n<\/div>\n<div class=\"col-6 col-sm-6 col-md-6 col-lg-6 single1\">\n<div class=\"single1-sz\">\n<div class=\"title1\">\n<p>Ilo\u015b\u0107 pask\u00f3w klinowych 5<\/p>\n<\/div>\n<\/div>\n<\/div>\n<div class=\"col-6 col-sm-6 col-md-6 col-lg-6 single1\">\n<div class=\"single1-sz\">\n<div class=\"title1\">\n<p>Waga (kg) 480<\/p>\n<\/div>\n<\/div>\n<\/div>\n<div class=\"col-6 col-sm-6 col-md-6 col-lg-6 single1\">\n<div class=\"single1-sz\">\n<div class=\"title1\">\n<p>Waga bijaka (kg) 1.140<\/p>\n<\/div>\n<\/div>\n<\/div>\n<\/div>\n<\/div>","protected":false},"featured_media":7297,"comment_status":"open","ping_status":"closed","template":"","meta":[],"product_brand":[68],"product_cat":[60],"product_tag":[],"class_list":{"0":"post-7293","1":"product","2":"type-product","3":"status-publish","4":"has-post-thumbnail","6":"product_brand-4farmer","7":"product_cat-kosiarki-rolnicze","9":"first","10":"instock","11":"shipping-taxable","12":"purchasable","13":"product-type-simple"},"_links":{"self":[{"href":"https:\/\/plmaszyny.online\/en\/wp-json\/wp\/v2\/product\/7293","targetHints":{"allow":["GET"]}}],"collection":[{"href":"https:\/\/plmaszyny.online\/en\/wp-json\/wp\/v2\/product"}],"about":[{"href":"https:\/\/plmaszyny.online\/en\/wp-json\/wp\/v2\/types\/product"}],"replies":[{"embeddable":true,"href":"https:\/\/plmaszyny.online\/en\/wp-json\/wp\/v2\/comments?post=7293"}],"wp:featuredmedia":[{"embeddable":true,"href":"https:\/\/plmaszyny.online\/en\/wp-json\/wp\/v2\/media\/7297"}],"wp:attachment":[{"href":"https:\/\/plmaszyny.online\/en\/wp-json\/wp\/v2\/media?parent=7293"}],"wp:term":[{"taxonomy":"product_brand","embeddable":true,"href":"https:\/\/plmaszyny.online\/en\/wp-json\/wp\/v2\/product_brand?post=7293"},{"taxonomy":"product_cat","embeddable":true,"href":"https:\/\/plmaszyny.online\/en\/wp-json\/wp\/v2\/product_cat?post=7293"},{"taxonomy":"product_tag","embeddable":true,"href":"https:\/\/plmaszyny.online\/en\/wp-json\/wp\/v2\/product_tag?post=7293"}],"curies":[{"name":"wp","href":"https:\/\/api.w.org\/{rel}","templated":true}]}}