{"id":7283,"date":"2026-02-23T19:34:19","date_gmt":"2026-02-23T19:34:19","guid":{"rendered":"https:\/\/plmaszyny.online\/?post_type=product&#038;p=7283"},"modified":"2026-02-26T13:41:10","modified_gmt":"2026-02-26T13:41:10","slug":"zestaw-wkretakow-srubokretow-8szt-sata","status":"publish","type":"product","link":"https:\/\/plmaszyny.online\/en\/product\/zestaw-wkretakow-srubokretow-8szt-sata\/","title":{"rendered":"Zestaw wkr\u0119tak\u00f3w (\u015brubokr\u0119t\u00f3w) 8szt \/ SATA"},"content":{"rendered":"<p>Zestaw wkr\u0119tak\u00f3w (\u015brubokr\u0119t\u00f3w) 8szt \/ SATA<\/p>\n\n\n\n<p>Wkr\u0119taki p\u0142askie i krzy\u017cakowe SATA, zestaw 12szt&nbsp;<strong>ST09306SJ<\/strong>.<\/p>\n\n\n\n<p><strong>Wkr\u0119taki<\/strong>&nbsp;wykonane z mocnych i wytrzyma\u0142ej&nbsp;<strong>stali chromowo-wanadowej<\/strong>, hartowanej, ergonomiczna,&nbsp;<strong>antypo\u015blizgowa r\u0119koje\u015b\u0107<\/strong>, wygodna w transporcie, a tak\u017ce niezb\u0119dna do przechowywania,&nbsp;<strong>zamykana walizka<\/strong>&nbsp;z mocnego odpornego na uderzenia tworzywa.<\/p>\n\n\n\n<p><strong>W sk\u0142ad zestawu wchodz\u0105<\/strong>:<\/p>\n\n\n\n<ul class=\"wp-block-list\">\n<li>4 szt. wkr\u0119tak\u00f3w p\u0142askich w rozmiarach: 5x75mm, 6x38mm, 6x100mm, 6x150mm<\/li>\n\n\n\n<li>4 szt. wkr\u0119tak\u00f3w krzy\u017cakowych w rozmiarach: #1x75mm, #2x38mm, #2x100mm, #2x150mm<\/li>\n<\/ul>\n\n\n\n<p><strong>Narz\u0119dzia&nbsp;<\/strong>marki&nbsp;<strong>Sata<\/strong>&nbsp;doskonale sprawdz\u0105 si\u0119&nbsp;nie tylko w warsztatach samochodowych, profesjonalnych serwisach motoryzacyjnych&nbsp;ale stan\u0105 si\u0119 tak\u017ce niezb\u0119dnymi narz\u0119dziami do wszelkich prac i napraw w gospodarstwie domowym.&nbsp;<\/p>\n\n\n\n<p>Magazyn: L01 K-1-4<\/p>\n\n\n\n<h4 class=\"wp-block-heading\">Specyfikacja<\/h4>\n\n\n\n<p>Magazyn: Magazyn: L01 K-1-4<\/p>\n\n\n\n<p>Stan<\/p>\n\n\n\n<p>Nowy<\/p>\n\n\n\n<p>Produkcja<\/p>\n\n\n\n<p>Orygina\u0142<\/p>","protected":false},"excerpt":{"rendered":"<div class=\"col-12 col-sm-6 poj1\">Stan Nowy<\/div>\n<div class=\"col-12 col-sm-6 poj1 pojc\">Produkcja Orygina\u0142<\/div>","protected":false},"featured_media":7285,"comment_status":"open","ping_status":"closed","template":"","meta":[],"product_brand":[71],"product_cat":[64],"product_tag":[],"class_list":{"0":"post-7283","1":"product","2":"type-product","3":"status-publish","4":"has-post-thumbnail","6":"product_brand-sata","7":"product_cat-akcesoria","9":"first","10":"instock","11":"shipping-taxable","12":"purchasable","13":"product-type-simple"},"_links":{"self":[{"href":"https:\/\/plmaszyny.online\/en\/wp-json\/wp\/v2\/product\/7283","targetHints":{"allow":["GET"]}}],"collection":[{"href":"https:\/\/plmaszyny.online\/en\/wp-json\/wp\/v2\/product"}],"about":[{"href":"https:\/\/plmaszyny.online\/en\/wp-json\/wp\/v2\/types\/product"}],"replies":[{"embeddable":true,"href":"https:\/\/plmaszyny.online\/en\/wp-json\/wp\/v2\/comments?post=7283"}],"wp:featuredmedia":[{"embeddable":true,"href":"https:\/\/plmaszyny.online\/en\/wp-json\/wp\/v2\/media\/7285"}],"wp:attachment":[{"href":"https:\/\/plmaszyny.online\/en\/wp-json\/wp\/v2\/media?parent=7283"}],"wp:term":[{"taxonomy":"product_brand","embeddable":true,"href":"https:\/\/plmaszyny.online\/en\/wp-json\/wp\/v2\/product_brand?post=7283"},{"taxonomy":"product_cat","embeddable":true,"href":"https:\/\/plmaszyny.online\/en\/wp-json\/wp\/v2\/product_cat?post=7283"},{"taxonomy":"product_tag","embeddable":true,"href":"https:\/\/plmaszyny.online\/en\/wp-json\/wp\/v2\/product_tag?post=7283"}],"curies":[{"name":"wp","href":"https:\/\/api.w.org\/{rel}","templated":true}]}}