{"id":7279,"date":"2026-02-23T19:31:44","date_gmt":"2026-02-23T19:31:44","guid":{"rendered":"https:\/\/plmaszyny.online\/?post_type=product&#038;p=7279"},"modified":"2026-02-26T14:34:56","modified_gmt":"2026-02-26T14:34:56","slug":"zestaw-kluczy-nasadowych-1-2-12szt-sata","status":"publish","type":"product","link":"https:\/\/plmaszyny.online\/en\/product\/zestaw-kluczy-nasadowych-1-2-12szt-sata\/","title":{"rendered":"Zestaw kluczy nasadowych 1\/2&#8243; \/ 12szt \/ SATA"},"content":{"rendered":"<p>Zestaw kluczy nasadowych 1\/2&#8243; \/ 12szt \/ SATA<\/p>\n\n\n\n<p><strong>Zestaw nasadek<\/strong>&nbsp;udarowych<strong>&nbsp;SATA ST09009SJ 1\/2&#8243;<\/strong>.<\/p>\n\n\n\n<p><strong>Zestaw 12 nasadek<\/strong>&nbsp;udarowych, kr\u00f3tkich<strong>&nbsp;1\/2&#8243;<\/strong>.&nbsp;Bardzo trwa\u0142e i mocne<strong>&nbsp;klucze<\/strong>&nbsp;wykonane ze stali&nbsp;chromowo-molibdenowej, dodatkowo pokryte pow\u0142ok\u0105 fosforanowo manganow\u0105. Zestaw znajduje si\u0119 w wygodnej&nbsp;<strong>zapinanej walizce<\/strong>, co znacznie u\u0142atwia przechowywanie lub transport element\u00f3w.<\/p>\n\n\n\n<p><strong>W sk\u0142ad zestawu wchodz\u0105<\/strong>:<\/p>\n\n\n\n<ul class=\"wp-block-list\">\n<li>10 x nasadka udarowa 1\/2&#8243;: 10, 11, 13, 14, 17, 19, 21, 22, 23, 24 mm<\/li>\n\n\n\n<li>1 x przegub kulowy uniwersalny 1\/2&#8243;<\/li>\n\n\n\n<li>1 x przed\u0142u\u017cka udarowa 1\/2&#8243; &#8211; 5&#8243;<\/li>\n<\/ul>\n\n\n\n<p><strong>Narz\u0119dzia&nbsp;<\/strong>marki&nbsp;<strong>Sata<\/strong>&nbsp;doskonale sprawdz\u0105 si\u0119&nbsp;nie tylko&nbsp;w warsztatach samochodowych, profesjonalnych serwisach motoryzacyjnych&nbsp;ale stan\u0105 si\u0119 tak\u017ce niezb\u0119dnymi narz\u0119dziami do wszelkich prac i napraw w gospodarstwie domowym.&nbsp;<\/p>\n\n\n\n<p>Magazyn: L01:&nbsp;L01: K-1-4<\/p>\n\n\n\n<h4 class=\"wp-block-heading\">Specyfikacja<\/h4>\n\n\n\n<p>Magazyn: L01: K-1-4<\/p>\n\n\n\n<p>Stan<\/p>\n\n\n\n<p>Nowy<\/p>\n\n\n\n<p>Produkcja<\/p>\n\n\n\n<p>Orygina\u0142<\/p>","protected":false},"excerpt":{"rendered":"<div class=\"col-12 col-sm-6 poj1\">Stan Nowy<\/div>\n<div class=\"col-12 col-sm-6 poj1 pojc\">Produkcja Orygina\u0142<\/div>","protected":false},"featured_media":7282,"comment_status":"open","ping_status":"closed","template":"","meta":[],"product_brand":[71],"product_cat":[64],"product_tag":[],"class_list":{"0":"post-7279","1":"product","2":"type-product","3":"status-publish","4":"has-post-thumbnail","6":"product_brand-sata","7":"product_cat-akcesoria","9":"first","10":"instock","11":"shipping-taxable","12":"purchasable","13":"product-type-simple"},"_links":{"self":[{"href":"https:\/\/plmaszyny.online\/en\/wp-json\/wp\/v2\/product\/7279","targetHints":{"allow":["GET"]}}],"collection":[{"href":"https:\/\/plmaszyny.online\/en\/wp-json\/wp\/v2\/product"}],"about":[{"href":"https:\/\/plmaszyny.online\/en\/wp-json\/wp\/v2\/types\/product"}],"replies":[{"embeddable":true,"href":"https:\/\/plmaszyny.online\/en\/wp-json\/wp\/v2\/comments?post=7279"}],"wp:featuredmedia":[{"embeddable":true,"href":"https:\/\/plmaszyny.online\/en\/wp-json\/wp\/v2\/media\/7282"}],"wp:attachment":[{"href":"https:\/\/plmaszyny.online\/en\/wp-json\/wp\/v2\/media?parent=7279"}],"wp:term":[{"taxonomy":"product_brand","embeddable":true,"href":"https:\/\/plmaszyny.online\/en\/wp-json\/wp\/v2\/product_brand?post=7279"},{"taxonomy":"product_cat","embeddable":true,"href":"https:\/\/plmaszyny.online\/en\/wp-json\/wp\/v2\/product_cat?post=7279"},{"taxonomy":"product_tag","embeddable":true,"href":"https:\/\/plmaszyny.online\/en\/wp-json\/wp\/v2\/product_tag?post=7279"}],"curies":[{"name":"wp","href":"https:\/\/api.w.org\/{rel}","templated":true}]}}