{"id":7273,"date":"2026-02-23T19:24:26","date_gmt":"2026-02-23T19:24:26","guid":{"rendered":"https:\/\/plmaszyny.online\/?post_type=product&#038;p=7273"},"modified":"2026-02-26T12:59:27","modified_gmt":"2026-02-26T12:59:27","slug":"zaczep-do-przyczepy-58x160-mm-ze-sworzniem","status":"publish","type":"product","link":"https:\/\/plmaszyny.online\/en\/product\/zaczep-do-przyczepy-58x160-mm-ze-sworzniem\/","title":{"rendered":"Zaczep do przyczepy 58&#215;160 mm ze sworzniem"},"content":{"rendered":"<p>Zaczep do przyczepy 58&#215;160 mm ze sworzniem<\/p>\n\n\n\n<p><strong>Zaczep TUZ<\/strong>&nbsp;do przyczepy to specjalistyczny element monta\u017cowy przeznaczony do przy\u0142\u0105czania przyczep, narz\u0119dzi i maszyn rolniczych do ci\u0105gnik\u00f3w rolniczych wyposa\u017conych w tr\u00f3jpunktowy uk\u0142ad zaczepowy&nbsp;<strong>TUZ<\/strong>. Zaczep TUZ jest powszechnie u\u017cywany w rolnictwie i innych dziedzinach, gdzie precyzyjne i stabilne po\u0142\u0105czenie mi\u0119dzy pojazdem a przyczep\u0105 jest kluczowe dla efektywno\u015bci pracy.&nbsp;<strong>Zaczep TUZ<\/strong>&nbsp;do przyczepy to wszechstronny i niezawodny system monta\u017cowy, kt\u00f3ry zapewnia stabilne, bezpieczne i precyzyjne po\u0142\u0105czenie mi\u0119dzy ci\u0105gnikiem rolniczym a przyczep\u0105. Dzi\u0119ki swojej konstrukcji, regulacjom oraz trwa\u0142o\u015bci,&nbsp;<strong>zaczep TUZ<\/strong>&nbsp;jest idealnym rozwi\u0105zaniem do r\u00f3\u017cnorodnych zastosowa\u0144 w rolnictwie, transporcie i budownictwie, umo\u017cliwiaj\u0105c efektywne i bezpieczne holowanie oraz prac\u0119 z przyczepami i narz\u0119dziami.<\/p>\n\n\n\n<p>Zaczep do przyczepy 58&#215;160 mm ze sworzniem.<\/p>\n\n\n\n<p>Zaczep do przyczepy dedykowany dla ci\u0105gnik\u00f3w Mitsubishi VST i montowany na przedni zderzak ale r\u00f3wnie dobrze mo\u017ce by\u0107 stosowany z ty\u0142u jak i z przodu innej marki maszyny.<\/p>\n\n\n\n<p><strong>Wymiary:<\/strong><\/p>\n\n\n\n<ul class=\"wp-block-list\">\n<li>Wysoko\u015b\u0107 wewn\u0119trzna miejsca mocowania dyszla: 58 mm.<\/li>\n\n\n\n<li>Szeroko\u015b\u0107 wewn\u0119trzna miejsca mocowania dyszla: 160 mm.<\/li>\n\n\n\n<li>G\u0142\u0119boko\u015b\u0107 wewn\u0119trzna miejsca mocowania dyszla: 100 mm.<\/li>\n\n\n\n<li>Wymiary p\u0142yty monta\u017cowej: 180 x 180 mm.<\/li>\n\n\n\n<li>Rozstaw otwor\u00f3w na \u015bruby mocuj\u0105ce: 120 mm (w poziomie).<\/li>\n\n\n\n<li>Rozstaw otwor\u00f3w na \u015bruby mocuj\u0105ce: 50 mm (w pionie).<\/li>\n\n\n\n<li>\u015arednica otwor\u00f3w na \u015bruby mocuj\u0105ce: 11,50 mm.<\/li>\n\n\n\n<li>Grubo\u015b\u0107 blachy: 10 mm.<\/li>\n\n\n\n<li>D\u0142ugo\u015b\u0107 robocza sworznia: 120 mm.<\/li>\n\n\n\n<li>\u015arednica sworznia: 30 mm.<\/li>\n\n\n\n<li>Waga: 8 kg.<\/li>\n<\/ul>\n\n\n\n<p><strong>Magazyn:<\/strong>&nbsp;K01<\/p>\n\n\n\n<p><em>*Zdj\u0119cia maj\u0105 charakter pogl\u0105dowy i mog\u0105 r\u00f3\u017cni\u0107 si\u0119 w detalach od dostarczonego produktu z powodu r\u00f3\u017cnic w produkcji na przestrzeni lat.<\/em><\/p>\n\n\n\n<h4 class=\"wp-block-heading\">Specyfikacja<\/h4>\n\n\n\n<p>Magazyn: K14<\/p>\n\n\n\n<p>Stan<\/p>\n\n\n\n<p>Nowy<\/p>\n\n\n\n<p>Cz\u0119\u015bci<\/p>\n\n\n\n<p>TUZ<\/p>\n\n\n\n<p>Wysoko\u015b\u0107 (mm)<\/p>\n\n\n\n<p>58<\/p>\n\n\n\n<p>Rozstaw otwor\u00f3w (mm)<\/p>\n\n\n\n<p>50<br>120<\/p>\n\n\n\n<p>Szeroko\u015b\u0107 (mm)<\/p>\n\n\n\n<p>160<\/p>\n\n\n\n<p>G\u0142\u0119boko\u015b\u0107 (mm)<\/p>\n\n\n\n<p>100<\/p>\n\n\n\n<p>\u015arednica otwor\u00f3w na \u015brub\u0119(y) mocuj\u0105ce (mm)<\/p>\n\n\n\n<p>11.50<\/p>\n\n\n\n<p>\u015arednica sworzni (a) (mm)<\/p>\n\n\n\n<p>30<\/p>\n\n\n\n<p>Waga (kg)<\/p>\n\n\n\n<p>8<\/p>\n\n\n\n<p>Grubo\u015b\u0107 blachy (mm)<\/p>\n\n\n\n<p>10<\/p>","protected":false},"excerpt":{"rendered":"<div class=\"col-12 col-lg-4 page-product4-desc-single1\">\n<div class=\"title2\">\n<div class=\"col-12 col-sm-6 poj1\">Stan Nowy<\/div>\n<div class=\"col-12 col-sm-6 poj1 pojc\">Cz\u0119\u015bci TUZ<\/div>\n<div class=\"col-12 col-sm-6 poj1\">Wysoko\u015b\u0107 (mm) 58<\/div>\n<div class=\"col-12 col-sm-6 poj1 pojc\">Rozstaw otwor\u00f3w (mm) 50 120<\/div>\n<div class=\"col-12 col-sm-6 poj1\">Szeroko\u015b\u0107 (mm) 160<\/div>\n<div class=\"col-12 col-sm-6 poj1 pojc\">G\u0142\u0119boko\u015b\u0107 (mm) 100<\/div>\n<div class=\"col-12 col-sm-6 poj1\">\u015arednica otwor\u00f3w na \u015brub\u0119(y) mocuj\u0105ce (mm) 11.50<\/div>\n<\/div>\n<\/div>","protected":false},"featured_media":7278,"comment_status":"open","ping_status":"closed","template":"","meta":[],"product_brand":[70],"product_cat":[64],"product_tag":[],"class_list":{"0":"post-7273","1":"product","2":"type-product","3":"status-publish","4":"has-post-thumbnail","6":"product_brand-mitsubishi","7":"product_cat-akcesoria","9":"first","10":"instock","11":"shipping-taxable","12":"purchasable","13":"product-type-simple"},"_links":{"self":[{"href":"https:\/\/plmaszyny.online\/en\/wp-json\/wp\/v2\/product\/7273","targetHints":{"allow":["GET"]}}],"collection":[{"href":"https:\/\/plmaszyny.online\/en\/wp-json\/wp\/v2\/product"}],"about":[{"href":"https:\/\/plmaszyny.online\/en\/wp-json\/wp\/v2\/types\/product"}],"replies":[{"embeddable":true,"href":"https:\/\/plmaszyny.online\/en\/wp-json\/wp\/v2\/comments?post=7273"}],"wp:featuredmedia":[{"embeddable":true,"href":"https:\/\/plmaszyny.online\/en\/wp-json\/wp\/v2\/media\/7278"}],"wp:attachment":[{"href":"https:\/\/plmaszyny.online\/en\/wp-json\/wp\/v2\/media?parent=7273"}],"wp:term":[{"taxonomy":"product_brand","embeddable":true,"href":"https:\/\/plmaszyny.online\/en\/wp-json\/wp\/v2\/product_brand?post=7273"},{"taxonomy":"product_cat","embeddable":true,"href":"https:\/\/plmaszyny.online\/en\/wp-json\/wp\/v2\/product_cat?post=7273"},{"taxonomy":"product_tag","embeddable":true,"href":"https:\/\/plmaszyny.online\/en\/wp-json\/wp\/v2\/product_tag?post=7273"}],"curies":[{"name":"wp","href":"https:\/\/api.w.org\/{rel}","templated":true}]}}