{"id":7271,"date":"2026-02-23T19:22:18","date_gmt":"2026-02-23T19:22:18","guid":{"rendered":"https:\/\/plmaszyny.online\/?post_type=product&#038;p=7271"},"modified":"2026-02-26T12:58:52","modified_gmt":"2026-02-26T12:58:52","slug":"hak-zaczep-do-przyczep-uniwersalny-kat-i","status":"publish","type":"product","link":"https:\/\/plmaszyny.online\/en\/product\/hak-zaczep-do-przyczep-uniwersalny-kat-i\/","title":{"rendered":"Hak zaczep do przyczep uniwersalny kat I"},"content":{"rendered":"<p>Hak zaczep do przyczep uniwersalny kat I<\/p>\n\n\n\n<p><strong>Zaczep TUZ<\/strong>&nbsp;do przyczepy to specjalistyczny element monta\u017cowy przeznaczony do przy\u0142\u0105czania przyczep, narz\u0119dzi i maszyn rolniczych do ci\u0105gnik\u00f3w rolniczych wyposa\u017conych w tr\u00f3jpunktowy uk\u0142ad zaczepowy&nbsp;<strong>TUZ<\/strong>. Zaczep TUZ jest powszechnie u\u017cywany w rolnictwie i innych dziedzinach, gdzie precyzyjne i stabilne po\u0142\u0105czenie mi\u0119dzy pojazdem a przyczep\u0105 jest kluczowe dla efektywno\u015bci pracy.&nbsp;<strong>Zaczep TUZ<\/strong>&nbsp;do przyczepy to wszechstronny i niezawodny system monta\u017cowy, kt\u00f3ry zapewnia stabilne, bezpieczne i precyzyjne po\u0142\u0105czenie mi\u0119dzy ci\u0105gnikiem rolniczym a przyczep\u0105. Dzi\u0119ki swojej konstrukcji, regulacjom oraz trwa\u0142o\u015bci,&nbsp;<strong>zaczep TUZ<\/strong>&nbsp;jest idealnym rozwi\u0105zaniem do r\u00f3\u017cnorodnych zastosowa\u0144 w rolnictwie, transporcie i budownictwie, umo\u017cliwiaj\u0105c efektywne i bezpieczne holowanie oraz prac\u0119 z przyczepami i narz\u0119dziami.<\/p>\n\n\n\n<p>Uniwersalny hak do przyczep kat I<\/p>\n\n\n\n<p><strong>Zastosowanie:&nbsp;<\/strong>Wszelkie minici\u0105gniki i ci\u0105gniki z TUZ&#8217;em (trzypunktowym uk\u0142adem zawieszenia) kat 1.<\/p>\n\n\n\n<p>Bolce zaczepowe dolne 22 mm, bolec g\u00f3rny 19 mm.<\/p>\n\n\n\n<p><strong>Wymiary:<\/strong><\/p>\n\n\n\n<ul class=\"wp-block-list\">\n<li>Szeroko\u015b\u0107 40 cm (ca\u0142o\u015b\u0107 z bolcami 55 cm)<\/li>\n\n\n\n<li>Wysoko\u015b\u0107: 45 cm Hak z jednej strony ma standardow\u0105 kulk\u0119 zaczepow\u0105 (samochodow\u0105), z drugiej strony jest bolec (jak w przyczepach rolniczych)<\/li>\n<\/ul>\n\n\n\n<p><em>*Zdj\u0119cia maj\u0105 charakter pogl\u0105dowy i mog\u0105 r\u00f3\u017cni\u0107 si\u0119 w detalach od dostarczonego produktu z powodu r\u00f3\u017cnic w produkcji na przestrzeni lat.<\/em><\/p>\n\n\n\n<p>K18:S05,S10<\/p>\n\n\n\n<h4 class=\"wp-block-heading\">Specyfikacja<\/h4>\n\n\n\n<p>Magazyn: K18:S05,S10<\/p>\n\n\n\n<p>Stan<\/p>\n\n\n\n<p>Nowy<\/p>\n\n\n\n<p>Cz\u0119\u015bci<\/p>\n\n\n\n<p>TUZ<\/p>\n\n\n\n<p>Wysoko\u015b\u0107 (mm)<\/p>\n\n\n\n<p>45<\/p>\n\n\n\n<p>Szeroko\u015b\u0107 (mm)<\/p>\n\n\n\n<p>40<\/p>\n\n\n\n<p>Kategoria<\/p>\n\n\n\n<p>1<\/p>","protected":false},"excerpt":{"rendered":"<div class=\"col-12 col-lg-4 page-product4-desc-single1\">\n<div class=\"title2\">\n<div class=\"col-12 col-sm-6 poj1\">Stan Nowy<\/div>\n<div class=\"col-12 col-sm-6 poj1 pojc\">Cz\u0119\u015bci TUZ<\/div>\n<div class=\"col-12 col-sm-6 poj1\">Wysoko\u015b\u0107 (mm) 45<\/div>\n<div class=\"col-12 col-sm-6 poj1 pojc\">Szeroko\u015b\u0107 (mm) 40<\/div>\n<div class=\"col-12 col-sm-6 poj1\">Kategoria 1<\/div>\n<\/div>\n<\/div>","protected":false},"featured_media":7272,"comment_status":"open","ping_status":"closed","template":"","meta":[],"product_brand":[68],"product_cat":[64],"product_tag":[],"class_list":{"0":"post-7271","1":"product","2":"type-product","3":"status-publish","4":"has-post-thumbnail","6":"product_brand-4farmer","7":"product_cat-akcesoria","9":"first","10":"instock","11":"shipping-taxable","12":"purchasable","13":"product-type-simple"},"_links":{"self":[{"href":"https:\/\/plmaszyny.online\/en\/wp-json\/wp\/v2\/product\/7271","targetHints":{"allow":["GET"]}}],"collection":[{"href":"https:\/\/plmaszyny.online\/en\/wp-json\/wp\/v2\/product"}],"about":[{"href":"https:\/\/plmaszyny.online\/en\/wp-json\/wp\/v2\/types\/product"}],"replies":[{"embeddable":true,"href":"https:\/\/plmaszyny.online\/en\/wp-json\/wp\/v2\/comments?post=7271"}],"wp:featuredmedia":[{"embeddable":true,"href":"https:\/\/plmaszyny.online\/en\/wp-json\/wp\/v2\/media\/7272"}],"wp:attachment":[{"href":"https:\/\/plmaszyny.online\/en\/wp-json\/wp\/v2\/media?parent=7271"}],"wp:term":[{"taxonomy":"product_brand","embeddable":true,"href":"https:\/\/plmaszyny.online\/en\/wp-json\/wp\/v2\/product_brand?post=7271"},{"taxonomy":"product_cat","embeddable":true,"href":"https:\/\/plmaszyny.online\/en\/wp-json\/wp\/v2\/product_cat?post=7271"},{"taxonomy":"product_tag","embeddable":true,"href":"https:\/\/plmaszyny.online\/en\/wp-json\/wp\/v2\/product_tag?post=7271"}],"curies":[{"name":"wp","href":"https:\/\/api.w.org\/{rel}","templated":true}]}}