{"id":7265,"date":"2026-02-23T19:19:33","date_gmt":"2026-02-23T19:19:33","guid":{"rendered":"https:\/\/plmaszyny.online\/?post_type=product&#038;p=7265"},"modified":"2026-02-26T12:30:36","modified_gmt":"2026-02-26T12:30:36","slug":"belka-zaczepowa-400-mm-o-22-mm-kat-i","status":"publish","type":"product","link":"https:\/\/plmaszyny.online\/en\/product\/belka-zaczepowa-400-mm-o-22-mm-kat-i\/","title":{"rendered":"Belka zaczepowa 400 mm \/ \u00d8 22 mm \/ Kat I"},"content":{"rendered":"<p>Belka zaczepowa 400 mm \/ \u00d8 22 mm \/ Kat I<\/p>\n\n\n\n<p><strong>Belka zaczepowa do ci\u0105gnika na\u00a0TUZ Kat I<\/strong>\u00a0to pozioma listwa z otworami metalowa lub ze stop\u00f3w metali, kt\u00f3ra s\u0142u\u017cy do\u00a0holowania przyczepy i innych maszyn lub do ci\u0105gni\u0119cia \u0142adunku np.: k\u0142ody drewna.\u00a0<strong>Belka do zawiesi TUZ<\/strong>\u00a0zako\u0144czona jest sworzniami, kt\u00f3re montuj\u0119 si\u0119 do dolnych lasz tylnego trzypunktowego uk\u0142adu zawieszenia TUZ. Otwory belki zaczepowej s\u0142u\u017c\u0105 do zamocowania\u00a0kuli zaczepowej, szekli, \u0142a\u0144cucha lub innego systemu holowan<\/p>\n\n\n\n<p><strong>Belka zaczepowa<\/strong>\u00a0do traktora\u00a0TUZ Kat 1\u00a0mocuje si\u0119 za pomoc\u0105 sworzni w otwory kulowe dolnych ramion i blokuje\u00a0zawleczkami z pier\u015bcieniem. Odpowiednio dobrana belka to belka, kt\u00f3ra po za\u0142o\u017ceniu i zablokowaniu zawleczkami utrzymuje dolne ramiona r\u00f3wnolegle wzgl\u0119dem siebie.<\/p>\n\n\n\n<p><strong>Wymiary<\/strong>:<\/p>\n\n\n\n<ul class=\"wp-block-list\">\n<li>d\u0142ugo\u015b\u0107 robocza: 400 mm,<\/li>\n\n\n\n<li>d\u0142ugo\u015b\u0107 ca\u0142kowita: 550 mm,<\/li>\n\n\n\n<li>\u015brednica otwor\u00f3w belki: 22 mm,<\/li>\n\n\n\n<li>szeroko\u015b\u0107: 62 mm,<\/li>\n\n\n\n<li>grubo\u015b\u0107: 24 mm,<\/li>\n\n\n\n<li>ilo\u015b\u0107 otwor\u00f3w: 5 szt.,<\/li>\n\n\n\n<li>\u015brednica sworzni zaczepowych: 22 mm,<\/li>\n\n\n\n<li>d\u0142ugo\u015b\u0107 sworzni zaczepowych: 74 mm,<\/li>\n\n\n\n<li>\u015brednica otwor\u00f3w sworzni zaczepowych: 12 mm,<\/li>\n\n\n\n<li>waga: 5.5 kg.<\/li>\n<\/ul>\n\n\n\n<p><strong>TUZ Kat I<\/strong>&nbsp;(kategorii pierwszej) oznacza, \u017ce sworznie i otwory mocuj\u0105ce mieszcz\u0105 si\u0119 w przedziale od&nbsp;<strong>19 do 22 mm<\/strong>.&nbsp;<\/p>\n\n\n\n<p>Magazyn:&nbsp;K18:G38:G45: Hala LS<\/p>\n\n\n\n<p><em>*Zdj\u0119cia maj\u0105 charakter pogl\u0105dowy i mog\u0105 r\u00f3\u017cni\u0107 si\u0119 w detalach od dostarczonego produktu z powodu r\u00f3\u017cnic w produkcji na przestrzeni lat.<\/em><\/p>\n\n\n\n<h4 class=\"wp-block-heading\">Specyfikacja<\/h4>\n\n\n\n<p>Magazyn: K18:G38:G45: Hala LS<\/p>\n\n\n\n<p>Stan<\/p>\n\n\n\n<p>Nowy<\/p>\n\n\n\n<p>Cz\u0119\u015bci<\/p>\n\n\n\n<p>TUZ<\/p>\n\n\n\n<p>TUZ<\/p>\n\n\n\n<p>3 &#8211; punktowy<\/p>\n\n\n\n<p>Grubo\u015b\u0107 (mm)<\/p>\n\n\n\n<p>24.00<\/p>\n\n\n\n<p>\u015arednica otwor\u00f3w (mm)<\/p>\n\n\n\n<p>12 (sworznie)<br>22 (belka)<\/p>\n\n\n\n<p>D\u0142ugo\u015b\u0107 ca\u0142kowita (mm)<\/p>\n\n\n\n<p>550<\/p>\n\n\n\n<p>Szeroko\u015b\u0107 (mm)<\/p>\n\n\n\n<p>62<\/p>\n\n\n\n<p>D\u0142ugo\u015b\u0107 robocza (mm)<\/p>\n\n\n\n<p>400<\/p>\n\n\n\n<p>\u015arednica sworzni (a) (mm)<\/p>\n\n\n\n<p>22<\/p>\n\n\n\n<p>Waga (kg)<\/p>\n\n\n\n<p>5.5<\/p>\n\n\n\n<p>D\u0142ugo\u015b\u0107 sworzni (a) (mm)<\/p>\n\n\n\n<p>74<\/p>\n\n\n\n<p>Kategoria<\/p>\n\n\n\n<p>1<\/p>","protected":false},"excerpt":{"rendered":"<div class=\"col-12 col-sm-6 poj1\">Stan Nowy<\/div>\n<div class=\"col-12 col-sm-6 poj1 pojc\">Cz\u0119\u015bci TUZ<\/div>\n<div class=\"col-12 col-sm-6 poj1\">TUZ 3 &#8211; punktowy<\/div>\n<div class=\"col-12 col-sm-6 poj1 pojc\">Grubo\u015b\u0107 (mm) 24.00<\/div>\n<div class=\"col-12 col-sm-6 poj1\">\u015arednica otwor\u00f3w (mm) 12 (sworznie) 22 (belka)<\/div>\n<div class=\"col-12 col-sm-6 poj1 pojc\">D\u0142ugo\u015b\u0107 ca\u0142kowita (mm) 550<\/div>\n<div class=\"col-12 col-sm-6 poj1\">Szeroko\u015b\u0107 (mm) 62<\/div>","protected":false},"featured_media":7270,"comment_status":"open","ping_status":"closed","template":"","meta":[],"product_brand":[68],"product_cat":[64],"product_tag":[],"class_list":{"0":"post-7265","1":"product","2":"type-product","3":"status-publish","4":"has-post-thumbnail","6":"product_brand-4farmer","7":"product_cat-akcesoria","9":"first","10":"instock","11":"shipping-taxable","12":"purchasable","13":"product-type-simple"},"_links":{"self":[{"href":"https:\/\/plmaszyny.online\/en\/wp-json\/wp\/v2\/product\/7265","targetHints":{"allow":["GET"]}}],"collection":[{"href":"https:\/\/plmaszyny.online\/en\/wp-json\/wp\/v2\/product"}],"about":[{"href":"https:\/\/plmaszyny.online\/en\/wp-json\/wp\/v2\/types\/product"}],"replies":[{"embeddable":true,"href":"https:\/\/plmaszyny.online\/en\/wp-json\/wp\/v2\/comments?post=7265"}],"wp:featuredmedia":[{"embeddable":true,"href":"https:\/\/plmaszyny.online\/en\/wp-json\/wp\/v2\/media\/7270"}],"wp:attachment":[{"href":"https:\/\/plmaszyny.online\/en\/wp-json\/wp\/v2\/media?parent=7265"}],"wp:term":[{"taxonomy":"product_brand","embeddable":true,"href":"https:\/\/plmaszyny.online\/en\/wp-json\/wp\/v2\/product_brand?post=7265"},{"taxonomy":"product_cat","embeddable":true,"href":"https:\/\/plmaszyny.online\/en\/wp-json\/wp\/v2\/product_cat?post=7265"},{"taxonomy":"product_tag","embeddable":true,"href":"https:\/\/plmaszyny.online\/en\/wp-json\/wp\/v2\/product_tag?post=7265"}],"curies":[{"name":"wp","href":"https:\/\/api.w.org\/{rel}","templated":true}]}}