{"id":7259,"date":"2026-02-23T19:14:20","date_gmt":"2026-02-23T19:14:20","guid":{"rendered":"https:\/\/plmaszyny.online\/?post_type=product&#038;p=7259"},"modified":"2026-02-26T12:24:34","modified_gmt":"2026-02-26T12:24:34","slug":"walek-wom-045b-90cm-do-60-km","status":"publish","type":"product","link":"https:\/\/plmaszyny.online\/en\/product\/walek-wom-045b-90cm-do-60-km\/","title":{"rendered":"Wa\u0142ek WOM 045B &#8211; 90cm \/ do 60 KM"},"content":{"rendered":"<p>Wa\u0142ek WOM 045B &#8211; 90cm \/ do 60 KM<\/p>\n\n\n\n<h3 class=\"wp-block-heading\">Co to jest WOM i jak dzia\u0142a wa\u0142ek przekazu mocy?<\/h3>\n\n\n\n<p><strong>Wa\u0142ek przekazu mocy<\/strong>&nbsp;to wa\u0142 przekazuj\u0105cy nap\u0119d. Ruch obrotowy z ci\u0105gnika do pod\u0142\u0105czonej maszyny&nbsp;i przeznaczony jest do pracy pod k\u0105tem wzgl\u0119dem ci\u0105gnika. Wa\u0142ek przekazu mocy sk\u0142ada si\u0119 z 2 krzy\u017cak\u00f3w, 2 par wide\u0142ek oraz teleskopowej tr\u00f3jk\u0105tnej rury. Wa\u0142ek WOM&nbsp;to zwyczajowa nazwa dla trzech typ\u00f3w wa\u0142ka:<\/p>\n\n\n\n<ul class=\"wp-block-list\">\n<li>wa\u0142 odbioru mocy w ci\u0105gniku (WOM)<\/li>\n\n\n\n<li>wa\u0142ek przekazu mocy np. rurowy czy teleskopowy,<\/li>\n\n\n\n<li>wa\u0142ek przyj\u0119cia mocy w maszynie (WPM).<\/li>\n<\/ul>\n\n\n\n<h4 class=\"wp-block-heading\">Jak wybra\u0107 odpowiedni wa\u0142ek WOM?<\/h4>\n\n\n\n<p><strong>Krzy\u017cakowy wa\u0142 przegubowo teleskopowy<\/strong>&nbsp;wyst\u0119puje w kilku rodzajach i dzieli si\u0119 je ze wzgl\u0119du na d\u0142ugo\u015b\u0107 i warto\u015b\u0107 przenoszonego momentu obrotowego. Minimalna warto\u015b\u0107 momentu obrotowego to parametr, kt\u00f3ry jest g\u0142\u00f3wnym parametrem, kt\u00f3rym musimy si\u0119 kierowa\u0107 przy wyborze wa\u0142ka.&nbsp;Nominalna warto\u015b\u0107&nbsp;<strong>Nm<\/strong>&nbsp;to warto\u015b\u0107 przenoszenia momentu obrotowego, kt\u00f3ra zmniejsza si\u0119 wraz z wysuwaniem wa\u0142u powy\u017cej warto\u015bci okre\u015blonej przez producenta. Kolejnym krokiem przy zakupie wa\u0142ka to wyb\u00f3r odpowiedniej d\u0142ugo\u015bci. Aby dobra\u0107 odpowiedni wa\u0142ek, nale\u017cy zmierzy\u0107 odleg\u0142o\u015b\u0107 od WOM ci\u0105gnika do wa\u0142ka WPM maszyny i nast\u0119pnie zmierzy\u0107&nbsp;<strong>wa\u0142ek WOM<\/strong>&nbsp;mierz\u0105c od \u015brodka do \u015brodka przegub\u00f3w.<\/p>\n\n\n\n<p><strong>Wa\u0142ki WOM &#8211; typ 045B<\/strong>&nbsp;&#8211; rurowy o d\u0142ugo\u015bci 90cm (mierzone od ko\u0144ca do ko\u0144ca w stanie z\u0142o\u017conym).<\/p>\n\n\n\n<p>TYP 045B<\/p>\n\n\n\n<ul class=\"wp-block-list\">\n<li>Moc przekazywana do 60 KM,<\/li>\n\n\n\n<li>Moment si\u0142y do 524 Nm<\/li>\n\n\n\n<li>wieloklin standard, 6\/6 &#8211; 1 3\/8<\/li>\n\n\n\n<li>profil rury tr\u00f3jk\u0105tny (45&#215;4,0 ; 51,6&#215;3,0 )<\/li>\n\n\n\n<li>przeguby krzy\u017cakowe (30,2&#215;76) ze smarowniczkami,<\/li>\n\n\n\n<li>os\u0142ona plastikowa<\/li>\n<\/ul>\n\n\n\n<p>*Zdj\u0119cia pogl\u0105dowe przedstawiaj\u0105 model w rozmiarze 70 cm.<\/p>\n\n\n\n<h4 class=\"wp-block-heading\">Specyfikacja<\/h4>\n\n\n\n<p>Magazyn: K15<\/p>\n\n\n\n<p>Stan<\/p>\n\n\n\n<p>Nowy<\/p>\n\n\n\n<p>Produkcja<\/p>\n\n\n\n<p>OEM<\/p>\n\n\n\n<p>Cz\u0119\u015bci<\/p>\n\n\n\n<p>WOM<\/p>\n\n\n\n<p>\u015arednica (mm)<\/p>\n\n\n\n<p>45&#215;4.0 \/ 51.6&#215;3.0<\/p>\n\n\n\n<p>D\u0142ugo\u015b\u0107 ca\u0142kowita (mm)<\/p>\n\n\n\n<p>900<\/p>\n\n\n\n<p>Zalecana moc ci\u0105gnika (KM)<\/p>\n\n\n\n<p>do 60<\/p>\n\n\n\n<p>Typ<\/p>\n\n\n\n<p>Rurowy<\/p>\n\n\n\n<p>Przegub krzy\u017cakowy (mm)<\/p>\n\n\n\n<p>30.2&#215;80<\/p>\n\n\n\n<p>Profil rury<\/p>\n\n\n\n<p>Tr\u00f3jk\u0105tny<\/p>\n\n\n\n<p>Moment obrotowy (Nm)<\/p>\n\n\n\n<p>524<\/p>","protected":false},"excerpt":{"rendered":"<div class=\"col-12 col-lg-4 page-product4-desc-single1\">\n<div class=\"title2\">\n<div class=\"col-12 col-sm-6 poj1\">Stan Nowy<\/div>\n<div class=\"col-12 col-sm-6 poj1 pojc\">Produkcja OEM<\/div>\n<div class=\"col-12 col-sm-6 poj1\">Cz\u0119\u015bci WOM<\/div>\n<div class=\"col-12 col-sm-6 poj1 pojc\">\u015arednica (mm) 45&#215;4.0 \/ 51.6&#215;3.0<\/div>\n<div class=\"col-12 col-sm-6 poj1\">D\u0142ugo\u015b\u0107 ca\u0142kowita (mm) 900<\/div>\n<div class=\"col-12 col-sm-6 poj1 pojc\">Zalecana moc ci\u0105gnika (KM) do 60<\/div>\n<div class=\"col-12 col-sm-6 poj1\">Typ Rurowy<\/div>\n<\/div>\n<\/div>","protected":false},"featured_media":7263,"comment_status":"open","ping_status":"closed","template":"","meta":[],"product_brand":[68],"product_cat":[64],"product_tag":[],"class_list":{"0":"post-7259","1":"product","2":"type-product","3":"status-publish","4":"has-post-thumbnail","6":"product_brand-4farmer","7":"product_cat-akcesoria","9":"first","10":"instock","11":"shipping-taxable","12":"purchasable","13":"product-type-simple"},"_links":{"self":[{"href":"https:\/\/plmaszyny.online\/en\/wp-json\/wp\/v2\/product\/7259","targetHints":{"allow":["GET"]}}],"collection":[{"href":"https:\/\/plmaszyny.online\/en\/wp-json\/wp\/v2\/product"}],"about":[{"href":"https:\/\/plmaszyny.online\/en\/wp-json\/wp\/v2\/types\/product"}],"replies":[{"embeddable":true,"href":"https:\/\/plmaszyny.online\/en\/wp-json\/wp\/v2\/comments?post=7259"}],"wp:featuredmedia":[{"embeddable":true,"href":"https:\/\/plmaszyny.online\/en\/wp-json\/wp\/v2\/media\/7263"}],"wp:attachment":[{"href":"https:\/\/plmaszyny.online\/en\/wp-json\/wp\/v2\/media?parent=7259"}],"wp:term":[{"taxonomy":"product_brand","embeddable":true,"href":"https:\/\/plmaszyny.online\/en\/wp-json\/wp\/v2\/product_brand?post=7259"},{"taxonomy":"product_cat","embeddable":true,"href":"https:\/\/plmaszyny.online\/en\/wp-json\/wp\/v2\/product_cat?post=7259"},{"taxonomy":"product_tag","embeddable":true,"href":"https:\/\/plmaszyny.online\/en\/wp-json\/wp\/v2\/product_tag?post=7259"}],"curies":[{"name":"wp","href":"https:\/\/api.w.org\/{rel}","templated":true}]}}