{"id":7251,"date":"2026-02-23T19:05:15","date_gmt":"2026-02-23T19:05:15","guid":{"rendered":"https:\/\/plmaszyny.online\/?post_type=product&#038;p=7251"},"modified":"2026-02-26T12:22:18","modified_gmt":"2026-02-26T12:22:18","slug":"sworzen-ladowacza-ll2100-ls-tractor-40245412","status":"publish","type":"product","link":"https:\/\/plmaszyny.online\/en\/product\/sworzen-ladowacza-ll2100-ls-tractor-40245412\/","title":{"rendered":"Sworze\u0144 \u0142adowacza LL2100 \/ LS Tractor \/ 40245412"},"content":{"rendered":"<p>Sworze\u0144 \u0142adowacza LL2100 \/ LS Tractor \/ 40245412<\/p>\n\n\n\n<p><strong>Sworze\u0144<\/strong>&nbsp;do \u0142adowacza czo\u0142owego&nbsp;<strong>LL2100<\/strong>.<\/p>\n\n\n\n<p><strong>POZYCJA NR15 ZAZNACZONA NA GRAFICE KOLOREM NIEBIESKIM<\/strong><\/p>\n\n\n\n<p>Magazyn:<\/p>\n\n\n\n<p>L01: G342<\/p>\n\n\n\n<h4 class=\"wp-block-heading\">Specyfikacja<\/h4>\n\n\n\n<p>Magazyn: L01: G342<\/p>\n\n\n\n<p>Stan<\/p>\n\n\n\n<p>Nowy<\/p>\n\n\n\n<p>Produkcja<\/p>\n\n\n\n<p>OEM<\/p>\n\n\n\n<p>Marka<\/p>\n\n\n\n<p>LS Tractor<\/p>\n\n\n\n<p>Cz\u0119\u015bci<\/p>\n\n\n\n<p>Do \u0142adowaczy<\/p>","protected":false},"excerpt":{"rendered":"<div class=\"col-12 col-lg-4 page-product4-desc-single1\">\n<div class=\"title2\">\n<div class=\"col-12 col-sm-6 poj1\">Stan Nowy<\/div>\n<div class=\"col-12 col-sm-6 poj1 pojc\">Produkcja OEM<\/div>\n<div class=\"col-12 col-sm-6 poj1\">Marka LS Tractor<\/div>\n<div class=\"col-12 col-sm-6 poj1 pojc\">Cz\u0119\u015bci Do \u0142adowaczy<\/div>\n<\/div>\n<\/div>","protected":false},"featured_media":7252,"comment_status":"open","ping_status":"closed","template":"","meta":[],"product_brand":[66],"product_cat":[64],"product_tag":[],"class_list":{"0":"post-7251","1":"product","2":"type-product","3":"status-publish","4":"has-post-thumbnail","6":"product_brand-ls-tractor","7":"product_cat-akcesoria","9":"first","10":"instock","11":"shipping-taxable","12":"purchasable","13":"product-type-simple"},"_links":{"self":[{"href":"https:\/\/plmaszyny.online\/en\/wp-json\/wp\/v2\/product\/7251","targetHints":{"allow":["GET"]}}],"collection":[{"href":"https:\/\/plmaszyny.online\/en\/wp-json\/wp\/v2\/product"}],"about":[{"href":"https:\/\/plmaszyny.online\/en\/wp-json\/wp\/v2\/types\/product"}],"replies":[{"embeddable":true,"href":"https:\/\/plmaszyny.online\/en\/wp-json\/wp\/v2\/comments?post=7251"}],"wp:featuredmedia":[{"embeddable":true,"href":"https:\/\/plmaszyny.online\/en\/wp-json\/wp\/v2\/media\/7252"}],"wp:attachment":[{"href":"https:\/\/plmaszyny.online\/en\/wp-json\/wp\/v2\/media?parent=7251"}],"wp:term":[{"taxonomy":"product_brand","embeddable":true,"href":"https:\/\/plmaszyny.online\/en\/wp-json\/wp\/v2\/product_brand?post=7251"},{"taxonomy":"product_cat","embeddable":true,"href":"https:\/\/plmaszyny.online\/en\/wp-json\/wp\/v2\/product_cat?post=7251"},{"taxonomy":"product_tag","embeddable":true,"href":"https:\/\/plmaszyny.online\/en\/wp-json\/wp\/v2\/product_tag?post=7251"}],"curies":[{"name":"wp","href":"https:\/\/api.w.org\/{rel}","templated":true}]}}