{"id":7246,"date":"2026-02-23T19:01:17","date_gmt":"2026-02-23T19:01:17","guid":{"rendered":"https:\/\/plmaszyny.online\/?post_type=product&#038;p=7246"},"modified":"2026-02-26T12:21:59","modified_gmt":"2026-02-26T12:21:59","slug":"ladowacz-czolowy-tur-new-holland-boomer-25-330tl","status":"publish","type":"product","link":"https:\/\/plmaszyny.online\/en\/product\/ladowacz-czolowy-tur-new-holland-boomer-25-330tl\/","title":{"rendered":"\u0141adowacz czo\u0142owy TUR \/ New Holland Boomer 25 \/ 330TL"},"content":{"rendered":"<p>\u0141adowacz czo\u0142owy TUR \/ New Holland Boomer 25 \/ 330TL<\/p>\n\n\n\n<h2 class=\"wp-block-heading\">\u0141adowacz czo\u0142owy 330TL Boomer 25<\/h2>\n\n\n\n<p><strong>\u0141adowacz czo\u0142owy<\/strong>&nbsp;o symbolu&nbsp;<strong>New Holland<\/strong>&nbsp;<strong>330TL<\/strong>&nbsp;to oryginalny, standardowy&nbsp;\u0142adowacz czo\u0142owy dedykowany&nbsp;dla ci\u0105gnik\u00f3w&nbsp;New Holland&nbsp;<strong>Boomer 25<\/strong>. \u0141adowacz czo\u0142owy tzw.&nbsp;<strong>TUR,<\/strong>&nbsp;dzi\u0119ki swojej bardzo wytrzyma\u0142ej konstrukcji i przemy\u015blanej budowie jest w stanie ud\u017awign\u0105\u0107 du\u017co wi\u0119kszy ci\u0119\u017car ni\u017c pozosta\u0142e ci\u0105gniki podobnej&nbsp;wielko\u015bci i mocy. Jedn\u0105 z wielu zalet tego \u0142adowacza jest jego szybki monta\u017c i demonta\u017c na co pozwalaj\u0105 min. szybko z\u0142\u0105cza hydrauliczne, euro ramka oraz specjalne podpory do przechowywania. Szybki monta\u017c i demonta\u017c dotyczy tak\u017ce samej \u0142y\u017cki, \u0142adowark\u0119 zdejmuje wyci\u0105gaj\u0105c dwa sworznie, a sama czynno\u015b\u0107 nie wymaga u\u017cycia narz\u0119dzi.<\/p>\n\n\n\n<h3 class=\"wp-block-heading\">TUR &#8211; \u0142adowacz czo\u0142owy do ci\u0105gnika New Holland<\/h3>\n\n\n\n<p>\u0141adowacz czo\u0142owy&nbsp;<strong>New Holland Boomer 25 330TL<\/strong>&nbsp;posiada&nbsp;<strong>zaw\u00f3r bezpiecze\u0144stwa<\/strong>, kt\u00f3ry w przypadku przeci\u0105\u017cenia \u0142adowacza nie pozwala na wy\u017csze uniesienia \u0142adunku. Automatyczna regulacja \u0142y\u017cki to kolejne udogodnienie i poprawa jako\u015bci pracy, automatyka ma na celu regulowanie po\u0142o\u017cenia \u0142y\u017cki podczas ruchu ramienia \u0142adowacza. Ci\u0105gniki, kt\u00f3re wyposa\u017cone s\u0105 w rozdzielacz hydrauliczny z sekcj\u0105 p\u0142ywaj\u0105ca maja do dyspozycji funkcje ochrony \u0142y\u017cki,&nbsp;funkcja automatycznie sk\u0142ada \u0142y\u017ck\u0119 po napotkaniu zbyt du\u017cej przeszkody. \u0141adowacz standardowo wyposa\u017cony zosta\u0142 w os\u0142on\u0119 zabezpieczaj\u0105ca uszkodzenie grilla.<\/p>\n\n\n\n<h4 class=\"wp-block-heading\"><strong>Najwa\u017cniejsze cechy \u0142adowacza&nbsp;New Holland 330TL<\/strong><\/h4>\n\n\n\n<ul class=\"wp-block-list\">\n<li>ud\u017awig: 527 kg,<\/li>\n\n\n\n<li>szeroko\u015b\u0107 \u0142y\u017cki: 1220 mm,<\/li>\n\n\n\n<li>maksymalna wysoko\u015b\u0107 podnoszenia: 1850 mm, 1675&nbsp;mm (\u0142y\u017cka w pozycji poziomej),&nbsp;1350 mm (\u0142y\u017cka maksymalnie opuszczona),<\/li>\n\n\n\n<li>pojemno\u015b\u0107 \u0142y\u017cki: 0,21 m3,<\/li>\n<\/ul>\n\n\n\n<h4 class=\"wp-block-heading\">Specyfikacja<\/h4>\n\n\n\n<p>Stan<\/p>\n\n\n\n<p>Nowy<\/p>\n\n\n\n<p>Marka<\/p>\n\n\n\n<p>New Holland<\/p>\n\n\n\n<p>Osprz\u0119t<\/p>\n\n\n\n<p>\u0141adowacz czo\u0142owy TUR<\/p>\n\n\n\n<p>Ud\u017awig TUR (kg)<\/p>\n\n\n\n<p>527<\/p>\n\n\n\n<p>Maksymalna wysoko\u015b\u0107 podnoszenia (mm \/ sworze\u0144 obrotowy)<\/p>\n\n\n\n<p>1850<\/p>\n\n\n\n<p>Maksymalna wysoko\u015b\u0107 podnoszenia (mm \/ \u0142y\u017cka w pozycji poziomej)<\/p>\n\n\n\n<p>1675<\/p>\n\n\n\n<p>Szeroko\u015b\u0107 \u0142y\u017cki (mm)<\/p>\n\n\n\n<p>1220<\/p>\n\n\n\n<p>Pojemno\u015b\u0107 \u0142y\u017cki (m3)<\/p>\n\n\n\n<p>0.21<\/p>","protected":false},"excerpt":{"rendered":"<div class=\"ico\">\u00a0<\/div>\n<div class=\"title1\">\n<p>Stan\u00a0 Nowy<\/p>\n<\/div>","protected":false},"featured_media":7250,"comment_status":"open","ping_status":"closed","template":"","meta":[],"product_brand":[69],"product_cat":[64],"product_tag":[],"class_list":{"0":"post-7246","1":"product","2":"type-product","3":"status-publish","4":"has-post-thumbnail","6":"product_brand-new-holland","7":"product_cat-akcesoria","9":"first","10":"instock","11":"shipping-taxable","12":"purchasable","13":"product-type-simple"},"_links":{"self":[{"href":"https:\/\/plmaszyny.online\/en\/wp-json\/wp\/v2\/product\/7246","targetHints":{"allow":["GET"]}}],"collection":[{"href":"https:\/\/plmaszyny.online\/en\/wp-json\/wp\/v2\/product"}],"about":[{"href":"https:\/\/plmaszyny.online\/en\/wp-json\/wp\/v2\/types\/product"}],"replies":[{"embeddable":true,"href":"https:\/\/plmaszyny.online\/en\/wp-json\/wp\/v2\/comments?post=7246"}],"wp:featuredmedia":[{"embeddable":true,"href":"https:\/\/plmaszyny.online\/en\/wp-json\/wp\/v2\/media\/7250"}],"wp:attachment":[{"href":"https:\/\/plmaszyny.online\/en\/wp-json\/wp\/v2\/media?parent=7246"}],"wp:term":[{"taxonomy":"product_brand","embeddable":true,"href":"https:\/\/plmaszyny.online\/en\/wp-json\/wp\/v2\/product_brand?post=7246"},{"taxonomy":"product_cat","embeddable":true,"href":"https:\/\/plmaszyny.online\/en\/wp-json\/wp\/v2\/product_cat?post=7246"},{"taxonomy":"product_tag","embeddable":true,"href":"https:\/\/plmaszyny.online\/en\/wp-json\/wp\/v2\/product_tag?post=7246"}],"curies":[{"name":"wp","href":"https:\/\/api.w.org\/{rel}","templated":true}]}}