{"id":7241,"date":"2026-02-23T18:54:46","date_gmt":"2026-02-23T18:54:46","guid":{"rendered":"https:\/\/plmaszyny.online\/?post_type=product&#038;p=7241"},"modified":"2026-02-26T12:21:46","modified_gmt":"2026-02-26T12:21:46","slug":"ladowacz-czolowy-lad-1-tur-4farmer","status":"publish","type":"product","link":"https:\/\/plmaszyny.online\/en\/product\/ladowacz-czolowy-lad-1-tur-4farmer\/","title":{"rendered":"\u0141adowacz czo\u0142owy LAD-1 TUR 4FARMER"},"content":{"rendered":"<p>\u0141adowacz czo\u0142owy LAD-1 TUR 4FARMER<\/p>\n\n\n\n<p>\u0141adowacz czo\u0142owy typu TUR produkcji polskiej z rozdzielaczem dwu sekcyjnym. \u0141adowno\u015bci ud\u017awig w zale\u017cno\u015bci od masy ci\u0105gnika to 200-400 kg.<\/p>\n\n\n\n<p>Dane techniczne:<\/p>\n\n\n\n<ul class=\"wp-block-list\">\n<li>ud\u017awig: 200-400\u00a0kg<\/li>\n\n\n\n<li>rozdzielacz dwu sekcyjny z dwoma d\u017awigniami.<\/li>\n\n\n\n<li>szeroko\u015b\u0107 \u0142y\u017cki: Standard 1200 mm (opcjonalnie dost\u0119pne \u0142y\u017cki w r\u00f3\u017cnych rozmiarach).<\/li>\n\n\n\n<li>szybki monta\u017c \u0142y\u017cki.<\/li>\n\n\n\n<li>euro ramka ( umo\u017cliwia szybki monta\u017c i demonta\u017c \u0142y\u017cki w celu zamontowania innego osprz\u0119tu typu, wid\u0142y czy chwytak do bel).<\/li>\n<\/ul>\n\n\n\n<p>*Oferta nie dotyczy ci\u0105gnika widocznego na zdj\u0119ciach.<\/p>\n\n\n\n<h4 class=\"wp-block-heading\">Specyfikacja<\/h4>\n\n\n\n<p>Stan<\/p>\n\n\n\n<p>Nowy<\/p>\n\n\n\n<p>Produkcja<\/p>\n\n\n\n<p>Produkt polski<\/p>\n\n\n\n<p>Marka<\/p>\n\n\n\n<p>4Farmer<\/p>","protected":false},"excerpt":{"rendered":"<div class=\"col-12 col-lg-4 page-product4-desc-single1\">\n<div class=\"title2\">\n<div class=\"col-12 col-sm-6 poj1\">Stan Nowy<\/div>\n<div class=\"col-12 col-sm-6 poj1 pojc\">Produkcja Produkt polski<\/div>\n<div class=\"col-12 col-sm-6 poj1\">Marka 4Farmer<\/div>\n<\/div>\n<\/div>","protected":false},"featured_media":7245,"comment_status":"open","ping_status":"closed","template":"","meta":[],"product_brand":[68],"product_cat":[64],"product_tag":[],"class_list":{"0":"post-7241","1":"product","2":"type-product","3":"status-publish","4":"has-post-thumbnail","6":"product_brand-4farmer","7":"product_cat-akcesoria","9":"first","10":"instock","11":"shipping-taxable","12":"purchasable","13":"product-type-simple"},"_links":{"self":[{"href":"https:\/\/plmaszyny.online\/en\/wp-json\/wp\/v2\/product\/7241","targetHints":{"allow":["GET"]}}],"collection":[{"href":"https:\/\/plmaszyny.online\/en\/wp-json\/wp\/v2\/product"}],"about":[{"href":"https:\/\/plmaszyny.online\/en\/wp-json\/wp\/v2\/types\/product"}],"replies":[{"embeddable":true,"href":"https:\/\/plmaszyny.online\/en\/wp-json\/wp\/v2\/comments?post=7241"}],"wp:featuredmedia":[{"embeddable":true,"href":"https:\/\/plmaszyny.online\/en\/wp-json\/wp\/v2\/media\/7245"}],"wp:attachment":[{"href":"https:\/\/plmaszyny.online\/en\/wp-json\/wp\/v2\/media?parent=7241"}],"wp:term":[{"taxonomy":"product_brand","embeddable":true,"href":"https:\/\/plmaszyny.online\/en\/wp-json\/wp\/v2\/product_brand?post=7241"},{"taxonomy":"product_cat","embeddable":true,"href":"https:\/\/plmaszyny.online\/en\/wp-json\/wp\/v2\/product_cat?post=7241"},{"taxonomy":"product_tag","embeddable":true,"href":"https:\/\/plmaszyny.online\/en\/wp-json\/wp\/v2\/product_tag?post=7241"}],"curies":[{"name":"wp","href":"https:\/\/api.w.org\/{rel}","templated":true}]}}