{"id":7236,"date":"2026-02-23T18:49:30","date_gmt":"2026-02-23T18:49:30","guid":{"rendered":"https:\/\/plmaszyny.online\/?post_type=product&#038;p=7236"},"modified":"2026-02-26T12:21:31","modified_gmt":"2026-02-26T12:21:31","slug":"ladowacz-czolowy-lad-3-tur-4farmer","status":"publish","type":"product","link":"https:\/\/plmaszyny.online\/en\/product\/ladowacz-czolowy-lad-3-tur-4farmer\/","title":{"rendered":"\u0141adowacz czo\u0142owy LAD-3 TUR 4FARMER"},"content":{"rendered":"<p>\u0141adowacz czo\u0142owy LAD-3 TUR 4FARMER<\/p>\n\n\n\n<p>\u0141adowacz czo\u0142owy produkcji Polskiej z szybkim monta\u017cem, euro ramk\u0105 i joistickiem 3 sekcyjnym. \u0141adowno\u015b\u0107 w zale\u017cno\u015bci od masy traktora od 250-400kg.<\/p>\n\n\n\n<p>Zestaw zawiera \u0142adowacz z \u0142y\u017ck\u0105 typu krokodyl, a opcjonalnie z wid\u0142ami.<\/p>\n\n\n\n<p>Najwa\u017cniejsze informacje:<\/p>\n\n\n\n<ul class=\"wp-block-list\">\n<li>ud\u017awig 250-400kg w zale\u017cno\u015bci od masy traktora.<\/li>\n\n\n\n<li>szeroko\u015b\u0107 \u0142y\u017cki w zale\u017cno\u015bci od potrzeb klienta (r\u00f3\u017cne rozmiary).<\/li>\n\n\n\n<li>3 sekcyjny joystick.<\/li>\n\n\n\n<li>szybki monta\u017c.<\/li>\n\n\n\n<li>ramka EURO umo\u017cliwia szybki monta\u017c r\u00f3\u017cnych urz\u0105dze\u0144 takich wid\u0142y, \u0142adowacz, chwytak do belek.<\/li>\n\n\n\n<li><\/li>\n<\/ul>\n\n\n\n<p>*\u0141ADOWACZ CZO\u0141OWY LAD-3 TUR DOST\u0118PNY TYLKO Z DOWOLNYM TRAKTOREM DOST\u0118PNYM W NASZEJ OFERCIE (opr\u00f3cz Kubota Aste i Honda Mighty).<\/p>\n\n\n\n<p>**Oferta nie dotyczy traktora widocznego na zdj\u0119ciach.<\/p>\n\n\n\n<h4 class=\"wp-block-heading\">Specyfikacja<\/h4>\n\n\n\n<p>Stan<\/p>\n\n\n\n<p>Nowy<\/p>\n\n\n\n<p>Produkcja<\/p>\n\n\n\n<p>Produkt polski<\/p>\n\n\n\n<p>Marka<\/p>\n\n\n\n<p>4Farmer<\/p>","protected":false},"excerpt":{"rendered":"<div class=\"col-12 col-lg-4 page-product4-desc-single1\">\n<div class=\"title2\">\n<div class=\"col-12 col-sm-6 poj1\">Stan Nowy<\/div>\n<div class=\"col-12 col-sm-6 poj1 pojc\">ProdukcjaProdukt polski<\/div>\n<div class=\"col-12 col-sm-6 poj1\">Marka 4Farmer<\/div>\n<\/div>\n<\/div>","protected":false},"featured_media":7237,"comment_status":"open","ping_status":"closed","template":"","meta":[],"product_brand":[68],"product_cat":[64],"product_tag":[],"class_list":{"0":"post-7236","1":"product","2":"type-product","3":"status-publish","4":"has-post-thumbnail","6":"product_brand-4farmer","7":"product_cat-akcesoria","9":"first","10":"instock","11":"shipping-taxable","12":"purchasable","13":"product-type-simple"},"_links":{"self":[{"href":"https:\/\/plmaszyny.online\/en\/wp-json\/wp\/v2\/product\/7236","targetHints":{"allow":["GET"]}}],"collection":[{"href":"https:\/\/plmaszyny.online\/en\/wp-json\/wp\/v2\/product"}],"about":[{"href":"https:\/\/plmaszyny.online\/en\/wp-json\/wp\/v2\/types\/product"}],"replies":[{"embeddable":true,"href":"https:\/\/plmaszyny.online\/en\/wp-json\/wp\/v2\/comments?post=7236"}],"wp:featuredmedia":[{"embeddable":true,"href":"https:\/\/plmaszyny.online\/en\/wp-json\/wp\/v2\/media\/7237"}],"wp:attachment":[{"href":"https:\/\/plmaszyny.online\/en\/wp-json\/wp\/v2\/media?parent=7236"}],"wp:term":[{"taxonomy":"product_brand","embeddable":true,"href":"https:\/\/plmaszyny.online\/en\/wp-json\/wp\/v2\/product_brand?post=7236"},{"taxonomy":"product_cat","embeddable":true,"href":"https:\/\/plmaszyny.online\/en\/wp-json\/wp\/v2\/product_cat?post=7236"},{"taxonomy":"product_tag","embeddable":true,"href":"https:\/\/plmaszyny.online\/en\/wp-json\/wp\/v2\/product_tag?post=7236"}],"curies":[{"name":"wp","href":"https:\/\/api.w.org\/{rel}","templated":true}]}}