{"id":7234,"date":"2026-02-23T18:40:46","date_gmt":"2026-02-23T18:40:46","guid":{"rendered":"https:\/\/plmaszyny.online\/?post_type=product&#038;p=7234"},"modified":"2026-02-25T14:24:45","modified_gmt":"2026-02-25T14:24:45","slug":"kabina-do-traktora","status":"publish","type":"product","link":"https:\/\/plmaszyny.online\/en\/product\/kabina-do-traktora\/","title":{"rendered":"Kabina do traktora"},"content":{"rendered":"<p>Kabina QT do traktora LS Tractor MT1.25<\/p>\n\n\n\n<h2 class=\"wp-block-heading\">Tw\u00f3j traktor LS MT1.25 z wysokiej jako\u015bci kabin\u0105!<\/h2>\n\n\n\n<p><strong>Kabina<\/strong>&nbsp;zosta\u0142a bardzo solidnie wykonana, z zachowaniem najwy\u017cszych standard\u00f3w produkcji. Dzi\u0119ki kabinie model LS MT3.40 staje si\u0119 maszyn\u0105, na kt\u00f3rej mo\u017cemy polega\u0107 w ka\u017cdych warunkach atmosferycznych!<\/p>\n\n\n\n<h3 class=\"wp-block-heading\">Traktor z kabin\u0105 zostaje wzbogacony dodatkowo o funkcj\u0119 ogrzewania tak istotn\u0105 podczas prac w sezonie zimowym.<\/h3>\n\n\n\n<p>Dodatkowo&nbsp;<strong>kabina<\/strong>&nbsp;wyposa\u017cona jest w:<\/p>\n\n\n\n<ul class=\"wp-block-list\">\n<li>zamki w drzwiach,<\/li>\n\n\n\n<li>os\u0142on\u0119 przeciws\u0142oneczn\u0105,<\/li>\n\n\n\n<li>o\u015bwietlenie wewn\u0105trz kabiny,<\/li>\n\n\n\n<li>wyk\u0142adzin\u0119 (tworzywo sztuczne),<\/li>\n\n\n\n<li>wycieraczki przednie i tylne ze spryskiwaczami,<\/li>\n\n\n\n<li>radio,<\/li>\n\n\n\n<li>zewn\u0119trzne o\u015bwietlenie LED (dwie lampy z przodu i dwie z ty\u0142u traktora),<\/li>\n\n\n\n<li>lusterka boczne (2szt.),<\/li>\n\n\n\n<li>nagrzewnic\u0119 w komplecie,<\/li>\n\n\n\n<li>w\u0119\u017ce do nagrzewnicy (2szt.).<\/li>\n<\/ul>\n\n\n\n<h4 class=\"wp-block-heading\">Specyfikacja<\/h4>\n\n\n\n<p>Stan<\/p>\n\n\n\n<p>Nowy<\/p>\n\n\n\n<p>Marka<\/p>\n\n\n\n<p>4Farmer<\/p>\n\n\n\n<p>D\u0142ugo\u015b\u0107 (mm)<\/p>\n\n\n\n<p>1630<\/p>\n\n\n\n<p>Wysoko\u015b\u0107 (mm)<\/p>\n\n\n\n<p>1550<\/p>\n\n\n\n<p>Szeroko\u015b\u0107 (mm)<\/p>\n\n\n\n<p>1010<\/p>","protected":false},"excerpt":{"rendered":"<div class=\"ico\"><img decoding=\"async\" class=\"img-fluid\" src=\"https:\/\/traktor.com.pl\/themes\/traktor\/assets\/img\/icons\/stan.svg\" alt=\"stan\" width=\"60\" height=\"60\" \/><\/div>\n<div class=\"title1\">\n<p>Stan<\/p>\n<\/div>\n<div class=\"title2\">\n<p>Nowy<\/p>\n<\/div>","protected":false},"featured_media":7235,"comment_status":"open","ping_status":"closed","template":"","meta":[],"product_brand":[68],"product_cat":[64],"product_tag":[],"class_list":{"0":"post-7234","1":"product","2":"type-product","3":"status-publish","4":"has-post-thumbnail","6":"product_brand-4farmer","7":"product_cat-akcesoria","9":"first","10":"instock","11":"shipping-taxable","12":"purchasable","13":"product-type-simple"},"_links":{"self":[{"href":"https:\/\/plmaszyny.online\/en\/wp-json\/wp\/v2\/product\/7234","targetHints":{"allow":["GET"]}}],"collection":[{"href":"https:\/\/plmaszyny.online\/en\/wp-json\/wp\/v2\/product"}],"about":[{"href":"https:\/\/plmaszyny.online\/en\/wp-json\/wp\/v2\/types\/product"}],"replies":[{"embeddable":true,"href":"https:\/\/plmaszyny.online\/en\/wp-json\/wp\/v2\/comments?post=7234"}],"wp:featuredmedia":[{"embeddable":true,"href":"https:\/\/plmaszyny.online\/en\/wp-json\/wp\/v2\/media\/7235"}],"wp:attachment":[{"href":"https:\/\/plmaszyny.online\/en\/wp-json\/wp\/v2\/media?parent=7234"}],"wp:term":[{"taxonomy":"product_brand","embeddable":true,"href":"https:\/\/plmaszyny.online\/en\/wp-json\/wp\/v2\/product_brand?post=7234"},{"taxonomy":"product_cat","embeddable":true,"href":"https:\/\/plmaszyny.online\/en\/wp-json\/wp\/v2\/product_cat?post=7234"},{"taxonomy":"product_tag","embeddable":true,"href":"https:\/\/plmaszyny.online\/en\/wp-json\/wp\/v2\/product_tag?post=7234"}],"curies":[{"name":"wp","href":"https:\/\/api.w.org\/{rel}","templated":true}]}}