{"id":7231,"date":"2026-02-23T18:22:13","date_gmt":"2026-02-23T18:22:13","guid":{"rendered":"https:\/\/plmaszyny.online\/?post_type=product&#038;p=7231"},"modified":"2026-02-25T14:22:32","modified_gmt":"2026-02-25T14:22:32","slug":"kabina-jm200-244","status":"publish","type":"product","link":"https:\/\/plmaszyny.online\/en\/product\/kabina-jm200-244\/","title":{"rendered":"Kabina JM200-244"},"content":{"rendered":"<p>Kabina do ci\u0105gniczk\u00f3w:&nbsp;<br>&#8211; Jinma 200,&nbsp;<br>&#8211; Jinma 204,&nbsp;<br>&#8211; Jinma 240,&nbsp;<br>&#8211; Jinma 244,&nbsp;<br>&#8211; Jinma 254,&nbsp;<br>&#8211; i inne.&nbsp;<\/p>\n\n\n\n<p>Kabina kompletna z ogrzewaniem zamontowanym w dachu.<\/p>","protected":false},"excerpt":{"rendered":"<div class=\"col-12 col-lg-4 page-product4-desc-single1\">\n<div class=\"title2\">\n<h3>4FARMER to marka, kt\u00f3ra zaspokaja potrzeby klient\u00f3w, dostarczaj\u0105c niezawodny i efektywny sprz\u0119t rolniczy i ogrodniczy.<\/h3>\n<\/div>\n<\/div>","protected":false},"featured_media":7232,"comment_status":"open","ping_status":"closed","template":"","meta":[],"product_brand":[68],"product_cat":[64],"product_tag":[],"class_list":{"0":"post-7231","1":"product","2":"type-product","3":"status-publish","4":"has-post-thumbnail","6":"product_brand-4farmer","7":"product_cat-akcesoria","9":"first","10":"instock","11":"shipping-taxable","12":"purchasable","13":"product-type-simple"},"_links":{"self":[{"href":"https:\/\/plmaszyny.online\/en\/wp-json\/wp\/v2\/product\/7231","targetHints":{"allow":["GET"]}}],"collection":[{"href":"https:\/\/plmaszyny.online\/en\/wp-json\/wp\/v2\/product"}],"about":[{"href":"https:\/\/plmaszyny.online\/en\/wp-json\/wp\/v2\/types\/product"}],"replies":[{"embeddable":true,"href":"https:\/\/plmaszyny.online\/en\/wp-json\/wp\/v2\/comments?post=7231"}],"wp:featuredmedia":[{"embeddable":true,"href":"https:\/\/plmaszyny.online\/en\/wp-json\/wp\/v2\/media\/7232"}],"wp:attachment":[{"href":"https:\/\/plmaszyny.online\/en\/wp-json\/wp\/v2\/media?parent=7231"}],"wp:term":[{"taxonomy":"product_brand","embeddable":true,"href":"https:\/\/plmaszyny.online\/en\/wp-json\/wp\/v2\/product_brand?post=7231"},{"taxonomy":"product_cat","embeddable":true,"href":"https:\/\/plmaszyny.online\/en\/wp-json\/wp\/v2\/product_cat?post=7231"},{"taxonomy":"product_tag","embeddable":true,"href":"https:\/\/plmaszyny.online\/en\/wp-json\/wp\/v2\/product_tag?post=7231"}],"curies":[{"name":"wp","href":"https:\/\/api.w.org\/{rel}","templated":true}]}}